{"id":314,"date":"2023-05-23T15:20:27","date_gmt":"2023-05-23T13:20:27","guid":{"rendered":"https:\/\/boogaerdthout.bonsaidev.nl\/?page_id=314"},"modified":"2025-09-23T09:41:50","modified_gmt":"2025-09-23T07:41:50","slug":"stellenangebote","status":"publish","type":"page","link":"https:\/\/www.royalboogaerdttimber.nl\/de\/over-ons\/vacatures\/","title":{"rendered":"Offene Stellen"},"content":{"rendered":"<div  class='flex_column av-2i75m-29bb5d02e21d4341205fce402438ae95 av_two_third  avia-builder-el-0  el_before_av_one_third  avia-builder-el-first  first flex_column_div'     ><section  class='av_textblock_section av-lk2cgcef-1457a09445f8ec5d5de25241c48e0d56'   itemscope=\"itemscope\" itemtype=\"https:\/\/schema.org\/CreativeWork\" ><div class='avia_textblock'  itemprop=\"text\" ><h1><span style=\"color: #000000;\">Offene Stellen<\/span><\/h1>\n<p>Wir haben derzeit keine offenen Stellen. Wenn Ihre Position nicht aufgef\u00fchrt ist, Sie aber gerne bei Boogaerdt Hout vor Ort oder im B\u00fcro arbeiten m\u00f6chten, freuen wir uns \u00fcber Ihre Initiativbewerbung und Ihren Lebenslauf per E-Mail. <a href=\"mailto:info@boogaerdt.nl\">info@boogaerdt.nl<\/a>.<\/p>\n<\/div><\/section><br \/>\n\n<style type=\"text\/css\" data-created_by=\"avia_inline_auto\" id=\"style-css-av-mraua-09d1179e5fca4add59e1fa0d3c597857\">\n#top .hr.hr-invisible.av-mraua-09d1179e5fca4add59e1fa0d3c597857{\nheight:50px;\n}\n<\/style>\n<div  class='hr av-mraua-09d1179e5fca4add59e1fa0d3c597857 hr-invisible  avia-builder-el-2  el_after_av_textblock  el_before_av_blog'><span class='hr-inner'><span class=\"hr-inner-style\"><\/span><\/span><\/div><br \/>\n<\/p><\/div><div  class='flex_column av-h66ve-832288819f37f74873b32ebbf633b075 av_one_third  avia-builder-el-4  el_after_av_two_third  avia-builder-el-last  flex_column_div'     ><div  class='avia-builder-widget-area clearfix  avia-builder-el-5  avia-builder-el-no-sibling'><section id=\"avia_auto_toc-2\" class=\"widget clearfix avia-widget-container avia_auto_toc avia_no_block_preview\"><div class=\"avia-preview-headline\">Enfold Child-Inhaltsverzeichnis<\/div><div class=\"avia-preview-info\">Titel: Seiteninhalt<\/div><div class=\"avia-preview-in-front\">Die Tabelle kann nur im Frontend gerendert werden.<\/div><span class=\"seperator extralight-border\"><\/span><\/section><section id=\"text-7\" class=\"widget clearfix widget_text\"><h3 class=\"widgettitle\">Mehr Informationen<\/h3>\t\t\t<div class=\"textwidget\"><ul>\n<li style=\"list-style-type: none\">\n<ul>\n<li><a href=\"https:\/\/www.royalboogaerdttimber.nl\/de\/uber-uns\/downloads\/\">Herunterladen<\/a><\/li>\n<li><a href=\"https:\/\/www.royalboogaerdttimber.nl\/de\/uber-uns\/nachhaltigkeit\/\">Nachhaltigkeit<\/a><\/li>\n<\/ul>\n<\/li>\n<\/ul>\n\n<\/div>\n\t\t<span class=\"seperator extralight-border\"><\/span><\/section><section id=\"custom_html-2\" class=\"widget_text widget clearfix widget_custom_html\"><h3 class=\"widgettitle\">Stell deine Frage<\/h3><div class=\"textwidget custom-html-widget\">\n<\/div><span class=\"seperator extralight-border\"><\/span><\/section><section id=\"text-2\" class=\"widget clearfix widget_text\">\t\t\t<div class=\"textwidget\"><\/div>\n\t\t<span class=\"seperator extralight-border\"><\/span><\/section><\/div><\/div><\/p>","protected":false},"excerpt":{"rendered":"","protected":false},"author":1,"featured_media":0,"parent":91,"menu_order":0,"comment_status":"closed","ping_status":"closed","template":"","meta":{"_acf_changed":false,"_monsterinsights_skip_tracking":false,"_monsterinsights_sitenote_active":false,"_monsterinsights_sitenote_note":"","_monsterinsights_sitenote_category":0,"footnotes":""},"class_list":["post-314","page","type-page","status-publish","hentry"],"acf":[],"yoast_head":"<!-- This site is optimized with the Yoast SEO plugin v27.3 - https:\/\/yoast.com\/product\/yoast-seo-wordpress\/ -->\n<title>Vacatures - Royal Boogaerdt Timber<\/title>\n<meta name=\"robots\" content=\"index, follow, max-snippet:-1, max-image-preview:large, max-video-preview:-1\" \/>\n<link rel=\"canonical\" href=\"https:\/\/www.royalboogaerdttimber.nl\/de\/uber-uns\/stellenangebote\/\" \/>\n<meta property=\"og:locale\" content=\"de_DE\" \/>\n<meta property=\"og:type\" content=\"article\" \/>\n<meta property=\"og:title\" content=\"Vacatures - Royal Boogaerdt Timber\" \/>\n<meta property=\"og:url\" content=\"https:\/\/www.royalboogaerdttimber.nl\/de\/uber-uns\/stellenangebote\/\" \/>\n<meta property=\"og:site_name\" content=\"Royal Boogaerdt Timber\" \/>\n<meta property=\"article:modified_time\" content=\"2025-09-23T07:41:50+00:00\" \/>\n<meta name=\"twitter:label1\" content=\"Gesch\u00e4tzte Lesezeit\" \/>\n\t<meta name=\"twitter:data1\" content=\"1\u00a0Minute\" \/>\n<script type=\"application\/ld+json\" class=\"yoast-schema-graph\">{\"@context\":\"https:\\\/\\\/schema.org\",\"@graph\":[{\"@type\":\"WebPage\",\"@id\":\"https:\\\/\\\/www.royalboogaerdttimber.nl\\\/over-ons\\\/vacatures\\\/\",\"url\":\"https:\\\/\\\/www.royalboogaerdttimber.nl\\\/over-ons\\\/vacatures\\\/\",\"name\":\"Vacatures - Royal Boogaerdt Timber\",\"isPartOf\":{\"@id\":\"https:\\\/\\\/www.royalboogaerdttimber.nl\\\/#website\"},\"datePublished\":\"2023-05-23T13:20:27+00:00\",\"dateModified\":\"2025-09-23T07:41:50+00:00\",\"breadcrumb\":{\"@id\":\"https:\\\/\\\/www.royalboogaerdttimber.nl\\\/over-ons\\\/vacatures\\\/#breadcrumb\"},\"inLanguage\":\"de\",\"potentialAction\":[{\"@type\":\"ReadAction\",\"target\":[\"https:\\\/\\\/www.royalboogaerdttimber.nl\\\/over-ons\\\/vacatures\\\/\"]}]},{\"@type\":\"BreadcrumbList\",\"@id\":\"https:\\\/\\\/www.royalboogaerdttimber.nl\\\/over-ons\\\/vacatures\\\/#breadcrumb\",\"itemListElement\":[{\"@type\":\"ListItem\",\"position\":1,\"name\":\"Home\",\"item\":\"https:\\\/\\\/www.royalboogaerdttimber.nl\\\/home-2\\\/\"},{\"@type\":\"ListItem\",\"position\":2,\"name\":\"Over ons\",\"item\":\"https:\\\/\\\/www.royalboogaerdttimber.nl\\\/over-ons\\\/\"},{\"@type\":\"ListItem\",\"position\":3,\"name\":\"Vacatures\"}]},{\"@type\":\"WebSite\",\"@id\":\"https:\\\/\\\/www.royalboogaerdttimber.nl\\\/#website\",\"url\":\"https:\\\/\\\/www.royalboogaerdttimber.nl\\\/\",\"name\":\"Royal Boogaerdt Timber\",\"description\":\"Koninklijke houthandel Boogaerdt B.V.\",\"publisher\":{\"@id\":\"https:\\\/\\\/www.royalboogaerdttimber.nl\\\/#organization\"},\"potentialAction\":[{\"@type\":\"SearchAction\",\"target\":{\"@type\":\"EntryPoint\",\"urlTemplate\":\"https:\\\/\\\/www.royalboogaerdttimber.nl\\\/?s={search_term_string}\"},\"query-input\":{\"@type\":\"PropertyValueSpecification\",\"valueRequired\":true,\"valueName\":\"search_term_string\"}}],\"inLanguage\":\"de\"},{\"@type\":\"Organization\",\"@id\":\"https:\\\/\\\/www.royalboogaerdttimber.nl\\\/#organization\",\"name\":\"Royal Boogaerdt Timber\",\"url\":\"https:\\\/\\\/www.royalboogaerdttimber.nl\\\/\",\"logo\":{\"@type\":\"ImageObject\",\"inLanguage\":\"de\",\"@id\":\"https:\\\/\\\/www.royalboogaerdttimber.nl\\\/#\\\/schema\\\/logo\\\/image\\\/\",\"url\":\"https:\\\/\\\/www.royalboogaerdttimber.nl\\\/wp-content\\\/uploads\\\/2025\\\/10\\\/logo.png\",\"contentUrl\":\"https:\\\/\\\/www.royalboogaerdttimber.nl\\\/wp-content\\\/uploads\\\/2025\\\/10\\\/logo.png\",\"width\":471,\"height\":200,\"caption\":\"Royal Boogaerdt Timber\"},\"image\":{\"@id\":\"https:\\\/\\\/www.royalboogaerdttimber.nl\\\/#\\\/schema\\\/logo\\\/image\\\/\"}}]}<\/script>\n<!-- \/ Yoast SEO plugin. -->","yoast_head_json":{"title":"Stellenangebote \u2013 Royal Boogaerdt Timber","robots":{"index":"index","follow":"follow","max-snippet":"max-snippet:-1","max-image-preview":"max-image-preview:large","max-video-preview":"max-video-preview:-1"},"canonical":"https:\/\/www.royalboogaerdttimber.nl\/de\/uber-uns\/stellenangebote\/","og_locale":"de_DE","og_type":"article","og_title":"Vacatures - Royal Boogaerdt Timber","og_url":"https:\/\/www.royalboogaerdttimber.nl\/de\/uber-uns\/stellenangebote\/","og_site_name":"Royal Boogaerdt Timber","article_modified_time":"2025-09-23T07:41:50+00:00","twitter_misc":{"Gesch\u00e4tzte Lesezeit":"1\u00a0Minute"},"schema":{"@context":"https:\/\/schema.org","@graph":[{"@type":"WebPage","@id":"https:\/\/www.royalboogaerdttimber.nl\/over-ons\/vacatures\/","url":"https:\/\/www.royalboogaerdttimber.nl\/over-ons\/vacatures\/","name":"Stellenangebote \u2013 Royal Boogaerdt Timber","isPartOf":{"@id":"https:\/\/www.royalboogaerdttimber.nl\/#website"},"datePublished":"2023-05-23T13:20:27+00:00","dateModified":"2025-09-23T07:41:50+00:00","breadcrumb":{"@id":"https:\/\/www.royalboogaerdttimber.nl\/over-ons\/vacatures\/#breadcrumb"},"inLanguage":"de","potentialAction":[{"@type":"ReadAction","target":["https:\/\/www.royalboogaerdttimber.nl\/over-ons\/vacatures\/"]}]},{"@type":"BreadcrumbList","@id":"https:\/\/www.royalboogaerdttimber.nl\/over-ons\/vacatures\/#breadcrumb","itemListElement":[{"@type":"ListItem","position":1,"name":"Home","item":"https:\/\/www.royalboogaerdttimber.nl\/home-2\/"},{"@type":"ListItem","position":2,"name":"Over ons","item":"https:\/\/www.royalboogaerdttimber.nl\/over-ons\/"},{"@type":"ListItem","position":3,"name":"Vacatures"}]},{"@type":"WebSite","@id":"https:\/\/www.royalboogaerdttimber.nl\/#website","url":"https:\/\/www.royalboogaerdttimber.nl\/","name":"Royal Boogaerdt Timber","description":"Koninklijke houthandel Boogaerdt BV","publisher":{"@id":"https:\/\/www.royalboogaerdttimber.nl\/#organization"},"potentialAction":[{"@type":"SearchAction","target":{"@type":"EntryPoint","urlTemplate":"https:\/\/www.royalboogaerdttimber.nl\/?s={search_term_string}"},"query-input":{"@type":"PropertyValueSpecification","valueRequired":true,"valueName":"search_term_string"}}],"inLanguage":"de"},{"@type":"Organization","@id":"https:\/\/www.royalboogaerdttimber.nl\/#organization","name":"Royal Boogaerdt Timber","url":"https:\/\/www.royalboogaerdttimber.nl\/","logo":{"@type":"ImageObject","inLanguage":"de","@id":"https:\/\/www.royalboogaerdttimber.nl\/#\/schema\/logo\/image\/","url":"https:\/\/www.royalboogaerdttimber.nl\/wp-content\/uploads\/2025\/10\/logo.png","contentUrl":"https:\/\/www.royalboogaerdttimber.nl\/wp-content\/uploads\/2025\/10\/logo.png","width":471,"height":200,"caption":"Royal Boogaerdt Timber"},"image":{"@id":"https:\/\/www.royalboogaerdttimber.nl\/#\/schema\/logo\/image\/"}}]}},"_links":{"self":[{"href":"https:\/\/www.royalboogaerdttimber.nl\/de\/wp-json\/wp\/v2\/pages\/314","targetHints":{"allow":["GET"]}}],"collection":[{"href":"https:\/\/www.royalboogaerdttimber.nl\/de\/wp-json\/wp\/v2\/pages"}],"about":[{"href":"https:\/\/www.royalboogaerdttimber.nl\/de\/wp-json\/wp\/v2\/types\/page"}],"author":[{"embeddable":true,"href":"https:\/\/www.royalboogaerdttimber.nl\/de\/wp-json\/wp\/v2\/users\/1"}],"replies":[{"embeddable":true,"href":"https:\/\/www.royalboogaerdttimber.nl\/de\/wp-json\/wp\/v2\/comments?post=314"}],"version-history":[{"count":1,"href":"https:\/\/www.royalboogaerdttimber.nl\/de\/wp-json\/wp\/v2\/pages\/314\/revisions"}],"predecessor-version":[{"id":5596,"href":"https:\/\/www.royalboogaerdttimber.nl\/de\/wp-json\/wp\/v2\/pages\/314\/revisions\/5596"}],"up":[{"embeddable":true,"href":"https:\/\/www.royalboogaerdttimber.nl\/de\/wp-json\/wp\/v2\/pages\/91"}],"wp:attachment":[{"href":"https:\/\/www.royalboogaerdttimber.nl\/de\/wp-json\/wp\/v2\/media?parent=314"}],"curies":[{"name":"wp","href":"https:\/\/api.w.org\/{rel}","templated":true}]}}