{"id":5674,"date":"2025-11-03T16:19:38","date_gmt":"2025-11-03T15:19:38","guid":{"rendered":"https:\/\/boogaerdttimber.bonsaidev.nl\/?post_type=product&#038;p=5674"},"modified":"2025-11-11T15:27:27","modified_gmt":"2025-11-11T14:27:27","slug":"teakholz","status":"publish","type":"product","link":"https:\/\/www.royalboogaerdttimber.nl\/de\/product\/teak-hout\/","title":{"rendered":"Teakholz"},"content":{"rendered":"<div id='av-layout-grid-1'  class='av-layout-grid-container av-1x5nlvu-42cbf2ddae252cc6799d91344555c81b entry-content-wrapper main_color av-flex-cells  avia-builder-el-0  el_before_av_section  avia-builder-el-first   container_wrap sidebar_right'  >\n\n<style type=\"text\/css\" data-created_by=\"avia_inline_auto\" id=\"style-css-av-1vhg96y-21d96182a97a3ab0386ab34632459fb0\">\n.flex_cell.av-1vhg96y-21d96182a97a3ab0386ab34632459fb0{\nvertical-align:middle;\nheight:580px;\nmin-height:580px;\nbackground-color:#0d3453;\n}\n.responsive #top #wrap_all .flex_cell.av-1vhg96y-21d96182a97a3ab0386ab34632459fb0{\npadding:2% 2% 2% 2% !important;\n}\n\n@media only screen and (min-width: 480px) and (max-width: 767px){ \n.responsive #top #wrap_all .flex_cell.av-1vhg96y-21d96182a97a3ab0386ab34632459fb0{\npadding:40px 40px 40px 40px !important;\n}\n}\n\n@media only screen and (max-width: 479px){ \n.responsive #top #wrap_all .flex_cell.av-1vhg96y-21d96182a97a3ab0386ab34632459fb0{\npadding:40px 40px 40px 40px !important;\n}\n}\n<\/style>\n<div class='flex_cell av-1vhg96y-21d96182a97a3ab0386ab34632459fb0 av-gridrow-cell av_one_half no_margin  avia-builder-el-1  el_before_av_cell_one_half  avia-builder-el-first  banner-tekst content-align-middle'  ><div class='flex_cell_inner'>\n<style type=\"text\/css\" data-created_by=\"avia_inline_auto\" id=\"style-css-av-1txav4q-e1ceeb3f1d67a13c6299c6abe4b1756c\">\n#top .av_textblock_section.av-1txav4q-e1ceeb3f1d67a13c6299c6abe4b1756c .avia_textblock{\nfont-size:22px;\ncolor:#ffffff;\n}\n<\/style>\n<section  class='av_textblock_section av-1txav4q-e1ceeb3f1d67a13c6299c6abe4b1756c'   itemscope=\"itemscope\" itemtype=\"https:\/\/schema.org\/CreativeWork\" ><div class='avia_textblock av_inherit_color'  itemprop=\"text\" ><h1>Teakholz<\/h1>\n<p><b>Teak <\/b>(<i>Tectona grandis<\/i>Es z\u00e4hlt zu den wertvollsten und nachhaltigsten H\u00f6lzern der Welt. Dieses subtropische Holz ist bekannt f\u00fcr seine au\u00dfergew\u00f6hnliche Festigkeit, Stabilit\u00e4t und einzigartige F\u00e4higkeit, Witterungseinfl\u00fcssen, Insekten und F\u00e4ulnis selbst ohne Behandlung zu widerstehen.<\/p>\n<p>Seine nat\u00fcrliche Widerstandsf\u00e4higkeit verdankt es dem hohen Gehalt an nat\u00fcrlichen \u00d6len und Kiesels\u00e4ure im Holz. Dies macht es seit Jahrhunderten unter anderem zu einem beliebten Material f\u00fcr den Yachtbau. Teakholz hat im Neuzustand eine sch\u00f6ne, warme, goldbraune Farbe. Unbehandelt im Freien entwickelt es mit der Zeit eine charakteristische silbergraue Patina, die oft sehr gesch\u00e4tzt wird.<\/p>\n<\/div><\/section><br \/>\n<div  class='avia-button-wrap av-n5vt6-1c884a46f8871a9f0d46365ae8f921d4-wrap avia-button-left  avia-builder-el-3  el_after_av_textblock  avia-builder-el-last'><a href='https:\/\/www.royalboogaerdttimber.nl\/de\/short-contact\/'  class='avia-button av-n5vt6-1c884a46f8871a9f0d46365ae8f921d4 av-link-btn avia-icon_select-no avia-size-small avia-position-left avia-color-theme-color-subtle'   aria-label=\"kontaktiere mich\"><span class='avia_iconbox_title' >kontaktiere mich<\/span><\/a><\/div><\/p>\n<\/div><\/div>\n<style type=\"text\/css\" data-created_by=\"avia_inline_auto\" id=\"style-css-av-1pg8gui-5c6279bc231b30021afa42b2655d8bdb\">\n.flex_cell.av-1pg8gui-5c6279bc231b30021afa42b2655d8bdb{\nvertical-align:middle;\nheight:580px;\nmin-height:580px;\nbackground:url(https:\/\/www.royalboogaerdttimber.nl\/wp-content\/uploads\/2023\/07\/IMG_20230602_1228232-1030x1030.jpg) 50% 50% no-repeat scroll ;\n}\n.responsive #top #wrap_all .flex_cell.av-1pg8gui-5c6279bc231b30021afa42b2655d8bdb{\npadding:60px 60px 60px 60px !important;\n}\n<\/style>\n<div class='flex_cell av-1pg8gui-5c6279bc231b30021afa42b2655d8bdb av-gridrow-cell av_one_half no_margin  avia-builder-el-4  el_after_av_cell_one_half  avia-builder-el-last  banner-foto content-align-middle avia-full-stretch'  ><div class='flex_cell_inner'>\n<style type=\"text\/css\" data-created_by=\"avia_inline_auto\" id=\"style-css-av-1oe5kzu-dd6759c78656b1c27df84ad703aeecf7\">\n.flex_column.av-1oe5kzu-dd6759c78656b1c27df84ad703aeecf7{\nborder-width:1px;\nborder-color:#ffffff;\nborder-style:solid;\npadding:370px 30px 30px 30px;\n}\n<\/style>\n<div  class='flex_column av-1oe5kzu-dd6759c78656b1c27df84ad703aeecf7 av_one_half  avia-builder-el-5  avia-builder-el-no-sibling  first flex_column_div'     ><section  class='av_textblock_section av-1n3572i-7e67d267b7474e517013dc17387a01a5'   itemscope=\"itemscope\" itemtype=\"https:\/\/schema.org\/CreativeWork\" ><div class='avia_textblock toepassing-logo'  itemprop=\"text\" ><p><img loading=\"lazy\" decoding=\"async\" class=\"alignleft size-thumbnail wp-image-5457\" src=\"https:\/\/www.royalboogaerdttimber.nl\/wp-content\/uploads\/2023\/07\/Kroon-yellow-80x80.png\" alt=\"\" width=\"80\" height=\"80\" srcset=\"https:\/\/www.royalboogaerdttimber.nl\/wp-content\/uploads\/2023\/07\/Kroon-yellow-80x80.png 80w, https:\/\/www.royalboogaerdttimber.nl\/wp-content\/uploads\/2023\/07\/Kroon-yellow-12x12.png 12w, https:\/\/www.royalboogaerdttimber.nl\/wp-content\/uploads\/2023\/07\/Kroon-yellow-36x36.png 36w, https:\/\/www.royalboogaerdttimber.nl\/wp-content\/uploads\/2023\/07\/Kroon-yellow-180x180.png 180w, https:\/\/www.royalboogaerdttimber.nl\/wp-content\/uploads\/2023\/07\/Kroon-yellow.png 192w\" sizes=\"auto, (max-width: 80px) 100vw, 80px\" \/><\/p>\n<\/div><\/section><\/div>\n<\/div><\/div>\n<\/div>\n<div id='av_section_1'  class='avia-section av-1l0xxy2-3f751e44f9b50785cc15778c2e49d478 main_color avia-section-large avia-no-border-styling  avia-builder-el-7  el_after_av_layout_row  avia-builder-el-last  avia-bg-style-scroll container_wrap sidebar_right'  ><div class='container av-section-cont-open' ><div class='template-page content  av-content-small alpha units'><div class='post-entry post-entry-type-page post-entry-5674'><div class='entry-content-wrapper clearfix'>\n\n<style type=\"text\/css\" data-created_by=\"avia_inline_auto\" id=\"style-css-av-1j9ncmi-a243f8a087d3ad427534a4f381977cdb\">\n.flex_column.av-1j9ncmi-a243f8a087d3ad427534a4f381977cdb{\npadding:0 60px 0 0;\n}\n<\/style>\n<div  class='flex_column av-1j9ncmi-a243f8a087d3ad427534a4f381977cdb av_two_third  avia-builder-el-8  el_before_av_one_third  avia-builder-el-first  padding-blok first no_margin flex_column_div'     ><section  class='av_textblock_section av-1hk178a-dd36c4fd4e65db7416e79d7e2168793c'   itemscope=\"itemscope\" itemtype=\"https:\/\/schema.org\/CreativeWork\" ><div class='avia_textblock'  itemprop=\"text\" ><h2>Kontrollierte nachhaltige Forstwirtschaft<\/h2>\n<p>Teak ist ein in Ostasien heimischer Baum. Myanmar und Thailand verf\u00fcgen \u00fcber bedeutende Teakholzvorkommen. Der Baum wird auch in Plantagen in Mittelamerika und Afrika angebaut. Obwohl diese B\u00e4ume genetisch denselben Samen wie ihre Ursprungsb\u00e4ume besitzen, weist ihr Holz unterschiedliche Eigenschaften auf. Der Baum w\u00e4chst in den ersten 10 bis 15 Jahren schnell, wodurch der Stammkern relativ breite Jahresringe aufweist. Danach w\u00e4chst er langsamer und bildet deutlich feinere Jahresringe. Bei kontrollierter, nachhaltiger Forstwirtschaft erreichen die B\u00e4ume einen Durchmesser von etwa 60 cm in Brusth\u00f6he.<\/p>\n<p>Unsere Bewirtschaftung basiert auf nachhaltiger, kontrollierter Forstwirtschaft mit Schwerpunkt auf selektivem Holzeinschlag. Wir ernten durchschnittlich 5 bis 8 ausgewachsene B\u00e4ume (ca. 8 Meter hoch) pro Hektar \u00fcber einen Zeitraum von etwa 30 Jahren. Dadurch hat der verbleibende Wald 30 Jahre Zeit, sich zu erholen und weiterzuwachsen, bevor die n\u00e4chste Ernte in Betracht gezogen wird. Dieser Zyklus wird sorgf\u00e4ltig erfasst und in einem detaillierten Forstwirtschaftsplan dokumentiert.<\/p>\n<p>Die B\u00e4ume, die in den letzten 50 bis 60 Jahren vor ihrer F\u00e4llung langsamer wachsen, liefern das feinste Holz. Dieses hochwertige Holz eignet sich ideal f\u00fcr prachtvolle Superdecks und anspruchsvolle Tischlerarbeiten. Die Superyacht-Industrie ist ein Hauptabnehmer dieses Holzes. Die Anforderungen an die Herstellung dieser wundersch\u00f6nen Decks sind sehr hoch.<\/p>\n<\/div><\/section><br \/>\n\n<style type=\"text\/css\" data-created_by=\"avia_inline_auto\" id=\"style-css-av-1gfhsne-a2540aba2ac16f32f05553359ca5f839\">\n#top .hr.hr-invisible.av-1gfhsne-a2540aba2ac16f32f05553359ca5f839{\nheight:50px;\n}\n<\/style>\n<div  class='hr av-1gfhsne-a2540aba2ac16f32f05553359ca5f839 hr-invisible  avia-builder-el-10  el_after_av_textblock  el_before_av_textblock'><span class='hr-inner'><span class=\"hr-inner-style\"><\/span><\/span><\/div><br \/>\n<section  class='av_textblock_section av-1f3htuy-86b2634161095569504fb4e35416ffc1'   itemscope=\"itemscope\" itemtype=\"https:\/\/schema.org\/CreativeWork\" ><div class='avia_textblock'  itemprop=\"text\" ><h2>Einzigartige Eigenschaften<\/h2>\n<\/div><\/section><br \/>\n<div class='avia-data-table-wrap av-1c9bmqi-1d708ed2f6dd88287ed6f365060a3b7d avia_responsive_table avia-table-1'><table  class='avia-table avia-data-table avia_pricing_default  avia-builder-el-12  el_after_av_textblock  el_before_av_hr'  itemscope=\"itemscope\" itemtype=\"https:\/\/schema.org\/Table\" ><tbody><tr class=''><td class=''><strong>Name<\/strong><\/td><td class=''>Teak<\/td><\/tr><tr class=''><td class=''><strong>Wachstumsbereich<\/strong><\/td><td class=''>Myanmar\/Burma, Indonesien (haupts\u00e4chlich Anbau auf Java). Anbau auch in Indien, Thailand, Laos, Afrika sowie Mittel- und S\u00fcdamerika.<\/td><\/tr><tr class=''><td class=''><strong>Botanischer Name<\/strong><\/td><td class=''>Tectona grandis Lf.<\/td><\/tr><tr class=''><td class=''><strong>Haltbarkeitsklasse<\/strong><\/td><td class=''>Kernholzklasse 1<\/td><\/tr><tr class=''><td class=''><strong>K\u00fcnstlich getrocknet<\/strong><\/td><td class=''>Ja, 12 bis 16 %<\/td><\/tr><tr class=''><td class=''><strong>Volumin\u00f6se Masse<\/strong><\/td><td class=''>630-750 kg\/m\u00b3 bei einem Feuchtigkeitsgehalt von 12%, frisch 800-900 kg\/m\u00b3.<\/td><\/tr><tr class=''><td class=''><strong>Passend f\u00fcr<\/strong><\/td><td class=''>Teakholz ist dank seiner hohen Haltbarkeit, geringen Schwindung und Verformung, seines ansprechenden Aussehens, seiner g\u00fcnstigen Festigkeitseigenschaften bei geringem Gewicht und seiner Best\u00e4ndigkeit gegen\u00fcber vielen Chemikalien f\u00fcr nahezu jeden Zweck geeignet. Am h\u00e4ufigsten wird es im Yacht- und Schiffbau verwendet: f\u00fcr viertelges\u00e4gte Decks und Verkleidungen.<\/td><\/tr><tr class=''><td class=''><strong>Bearbeiten<\/strong><\/td><td class=''>Teakholz l\u00e4sst sich leicht s\u00e4gen und hobeln. Je nach Kalk- und Kiesgehalt stumpfen die Werkzeuge mehr oder weniger schnell ab.<\/td><\/tr><\/tbody><\/table><\/div><br \/>\n\n<style type=\"text\/css\" data-created_by=\"avia_inline_auto\" id=\"style-css-av-7uzg7e-085afa8b4beb3e1aa1774db33ea77730\">\n#top .hr.hr-invisible.av-7uzg7e-085afa8b4beb3e1aa1774db33ea77730{\nheight:50px;\n}\n<\/style>\n<div  class='hr av-7uzg7e-085afa8b4beb3e1aa1774db33ea77730 hr-invisible  avia-builder-el-13  el_after_av_table  el_before_av_textblock'><span class='hr-inner'><span class=\"hr-inner-style\"><\/span><\/span><\/div><br \/>\n<section  class='av_textblock_section av-5olqey-533ed96dfc1e104914e88fee9591c773'   itemscope=\"itemscope\" itemtype=\"https:\/\/schema.org\/CreativeWork\" ><div class='avia_textblock tekst-en-foto'  itemprop=\"text\" ><h2 class=\"title-2 m30\">Eigenschaften von Teakholz<\/h2>\n<div class=\"text-image__editor cms-output\">\n<p>Die Qualit\u00e4t von Teakholz h\u00e4ngt von der Qualit\u00e4t des Stammes und den Proportionen des Baumes ab. Nur ein sehr geringer Anteil erreicht h\u00f6chste Holzqualit\u00e4t. Daher besteht ein erheblicher Preisunterschied zwischen der Standardqualit\u00e4t von FEQ und Superdecks. Aufgrund der hohen Anforderungen k\u00f6nnen aus einem einzigen Stamm mitunter nur wenige hochwertige Terrassendielen ges\u00e4gt werden. Auch die makellose L\u00e4nge spielt eine wichtige Rolle bei der Preisgestaltung.<\/p>\n<p>Die normale Produktion besteht aus Flachschnitt (liegende Jahresringe), Halbviertelschnitt (Jahresringe in einem Winkel von etwa 45 Grad) und Viertelschnitt (stehende Jahresringe).<\/p>\n<p>Superdeck und Cap Rail (das Gel\u00e4nder am Schanzkleid) werden \u00fcblicherweise aus viertelges\u00e4gten St\u00fccken aus der Serienproduktion ausgew\u00e4hlt. Dies macht oft nur einen sehr kleinen Teil der Gesamtproduktion aus, weshalb der Preis relativ hoch ist. Fr\u00fcher waren Deckselemente 4 oder 5 Meter lang, was aufgrund der begrenzten Verf\u00fcgbarkeit alter Baumst\u00e4mme heute jedoch kaum noch m\u00f6glich ist.<\/p>\n<p>Da die Produktion in Myanmar aufgrund des Putsches zum Erliegen gekommen ist, sind derzeit praktisch keine hochwertigen Massivholzdecks mehr erh\u00e4ltlich. Folglich musste die Yachtbauindustrie in den letzten Jahren hinsichtlich Abmessungen und Qualit\u00e4t Kompromisse eingehen. Denn thail\u00e4ndisches Teakholz bietet nicht die gewohnten Abmessungen (Dicke, Breite und L\u00e4nge). Daher mussten wir eine L\u00f6sung finden, um die Nachfrage der Kunden nach gr\u00f6\u00dferen Yachten weiterhin zu decken.<\/p>\n<p>Royal Boogaerdt Timber hat daher ein neues laminiertes Teakholzprodukt entwickelt.<\/p>\n<\/div>\n<\/div><\/section><br \/>\n<div  class='avia-buttonrow-wrap av-mholljvf-8f1656acb12ebca893f59fb303528544 avia-buttonrow-left  avia-builder-el-15  el_after_av_textblock  avia-builder-el-last'>\n\n<style type=\"text\/css\" data-created_by=\"avia_inline_auto\" id=\"style-css-av-mhollg92-a42eb7cc045b805f2a53e4b245bc625a\">\n#top #wrap_all .avia-button.av-mhollg92-a42eb7cc045b805f2a53e4b245bc625a{\nmargin-bottom:5px;\nmargin-right:5px;\n}\n<\/style>\n<a href='https:\/\/www.royalboogaerdttimber.nl\/de\/product\/gelamineerd-teak\/'  class='avia-button av-mhollg92-a42eb7cc045b805f2a53e4b245bc625a avia-icon_select-no avia-size-small avia-color-theme-color'   aria-label=\"Laminiertes Teakholz ansehen\"><span class='avia_iconbox_title' >Laminiertes Teakholz ansehen<\/span><\/a>\n<\/div><\/p><\/div><div  class='flex_column av-4tneoa-8a4a80abf916b41ab1eb5d953b253381 av_one_third  avia-builder-el-16  el_after_av_two_third  avia-builder-el-last  no_margin flex_column_div'     ><div  class='avia-builder-widget-area clearfix  avia-builder-el-17  avia-builder-el-no-sibling'><section id=\"avia_auto_toc-2\" class=\"widget clearfix avia-widget-container avia_auto_toc avia_no_block_preview\"><div class=\"avia-preview-headline\">Enfold Child-Inhaltsverzeichnis<\/div><div class=\"avia-preview-info\">Titel: Seiteninhalt<\/div><div class=\"avia-preview-in-front\">Die Tabelle kann nur im Frontend gerendert werden.<\/div><span class=\"seperator extralight-border\"><\/span><\/section><section id=\"text-7\" class=\"widget clearfix widget_text\"><h3 class=\"widgettitle\">Mehr Informationen<\/h3>\t\t\t<div class=\"textwidget\"><ul>\n<li style=\"list-style-type: none\">\n<ul>\n<li><a href=\"https:\/\/www.royalboogaerdttimber.nl\/de\/uber-uns\/downloads\/\">Herunterladen<\/a><\/li>\n<li><a href=\"https:\/\/www.royalboogaerdttimber.nl\/de\/uber-uns\/nachhaltigkeit\/\">Nachhaltigkeit<\/a><\/li>\n<\/ul>\n<\/li>\n<\/ul>\n\n<\/div>\n\t\t<span class=\"seperator extralight-border\"><\/span><\/section><section id=\"custom_html-2\" class=\"widget_text widget clearfix widget_custom_html\"><h3 class=\"widgettitle\">Stell deine Frage<\/h3><div class=\"textwidget custom-html-widget\">\n<\/div><span class=\"seperator extralight-border\"><\/span><\/section><section id=\"text-2\" class=\"widget clearfix widget_text\">\t\t\t<div class=\"textwidget\"><\/div>\n\t\t<span class=\"seperator extralight-border\"><\/span><\/section><\/div><\/div><\/div><\/div><\/div><!-- close content main div --><\/div><\/div><div id='after_section_1'  class='main_color av_default_container_wrap container_wrap sidebar_right'  ><div class='container av-section-cont-open' ><div class='template-page content  av-content-small alpha units'><div class='post-entry post-entry-type-page post-entry-5674'><div class='entry-content-wrapper clearfix'>","protected":false},"featured_media":5517,"template":"","class_list":["post-5674","product","type-product","status-publish","has-post-thumbnail","hentry"],"acf":[],"yoast_head":"<!-- This site is optimized with the Yoast SEO plugin v27.3 - https:\/\/yoast.com\/product\/yoast-seo-wordpress\/ -->\n<title>Teak Hout - Royal Boogaerdt Timber<\/title>\n<meta name=\"description\" content=\"Afzelia heeft uitstekende eigenschappen duurzaamheid, sterkte en uiterlijk. En geschikt voor onder andere gevelbekleding en kozijnhout.\" \/>\n<meta name=\"robots\" content=\"index, follow, max-snippet:-1, max-image-preview:large, max-video-preview:-1\" \/>\n<link rel=\"canonical\" href=\"https:\/\/www.royalboogaerdttimber.nl\/de\/produkt\/teakholz\/\" \/>\n<meta property=\"og:locale\" content=\"de_DE\" \/>\n<meta property=\"og:type\" content=\"article\" \/>\n<meta property=\"og:title\" content=\"Teak Hout - Royal Boogaerdt Timber\" \/>\n<meta property=\"og:description\" content=\"Afzelia heeft uitstekende eigenschappen duurzaamheid, sterkte en uiterlijk. En geschikt voor onder andere gevelbekleding en kozijnhout.\" \/>\n<meta property=\"og:url\" content=\"https:\/\/www.royalboogaerdttimber.nl\/de\/produkt\/teakholz\/\" \/>\n<meta property=\"og:site_name\" content=\"Royal Boogaerdt Timber\" \/>\n<meta property=\"article:modified_time\" content=\"2025-11-11T14:27:27+00:00\" \/>\n<meta property=\"og:image\" content=\"https:\/\/www.royalboogaerdttimber.nl\/wp-content\/uploads\/2025\/10\/IMG_20230602_1228232-scaled-e1760517864871.jpg\" \/>\n\t<meta property=\"og:image:width\" content=\"2560\" \/>\n\t<meta property=\"og:image:height\" content=\"2210\" \/>\n\t<meta property=\"og:image:type\" content=\"image\/jpeg\" \/>\n<meta name=\"twitter:label1\" content=\"Gesch\u00e4tzte Lesezeit\" \/>\n\t<meta name=\"twitter:data1\" content=\"4\u00a0Minuten\" \/>\n<script type=\"application\/ld+json\" class=\"yoast-schema-graph\">{\"@context\":\"https:\\\/\\\/schema.org\",\"@graph\":[{\"@type\":\"WebPage\",\"@id\":\"https:\\\/\\\/www.royalboogaerdttimber.nl\\\/product\\\/teak-hout\\\/\",\"url\":\"https:\\\/\\\/www.royalboogaerdttimber.nl\\\/product\\\/teak-hout\\\/\",\"name\":\"Teak Hout - Royal Boogaerdt Timber\",\"isPartOf\":{\"@id\":\"https:\\\/\\\/www.royalboogaerdttimber.nl\\\/#website\"},\"primaryImageOfPage\":{\"@id\":\"https:\\\/\\\/www.royalboogaerdttimber.nl\\\/product\\\/teak-hout\\\/#primaryimage\"},\"image\":{\"@id\":\"https:\\\/\\\/www.royalboogaerdttimber.nl\\\/product\\\/teak-hout\\\/#primaryimage\"},\"thumbnailUrl\":\"https:\\\/\\\/www.royalboogaerdttimber.nl\\\/wp-content\\\/uploads\\\/2025\\\/10\\\/IMG_20230602_1228232-scaled-e1760517864871.jpg\",\"datePublished\":\"2025-11-03T15:19:38+00:00\",\"dateModified\":\"2025-11-11T14:27:27+00:00\",\"description\":\"Afzelia heeft uitstekende eigenschappen duurzaamheid, sterkte en uiterlijk. En geschikt voor onder andere gevelbekleding en kozijnhout.\",\"breadcrumb\":{\"@id\":\"https:\\\/\\\/www.royalboogaerdttimber.nl\\\/product\\\/teak-hout\\\/#breadcrumb\"},\"inLanguage\":\"de\",\"potentialAction\":[{\"@type\":\"ReadAction\",\"target\":[\"https:\\\/\\\/www.royalboogaerdttimber.nl\\\/product\\\/teak-hout\\\/\"]}]},{\"@type\":\"ImageObject\",\"inLanguage\":\"de\",\"@id\":\"https:\\\/\\\/www.royalboogaerdttimber.nl\\\/product\\\/teak-hout\\\/#primaryimage\",\"url\":\"https:\\\/\\\/www.royalboogaerdttimber.nl\\\/wp-content\\\/uploads\\\/2025\\\/10\\\/IMG_20230602_1228232-scaled-e1760517864871.jpg\",\"contentUrl\":\"https:\\\/\\\/www.royalboogaerdttimber.nl\\\/wp-content\\\/uploads\\\/2025\\\/10\\\/IMG_20230602_1228232-scaled-e1760517864871.jpg\",\"width\":2560,\"height\":2210},{\"@type\":\"BreadcrumbList\",\"@id\":\"https:\\\/\\\/www.royalboogaerdttimber.nl\\\/product\\\/teak-hout\\\/#breadcrumb\",\"itemListElement\":[{\"@type\":\"ListItem\",\"position\":1,\"name\":\"Home\",\"item\":\"https:\\\/\\\/www.royalboogaerdttimber.nl\\\/home-2\\\/\"},{\"@type\":\"ListItem\",\"position\":2,\"name\":\"Teak Hout\"}]},{\"@type\":\"WebSite\",\"@id\":\"https:\\\/\\\/www.royalboogaerdttimber.nl\\\/#website\",\"url\":\"https:\\\/\\\/www.royalboogaerdttimber.nl\\\/\",\"name\":\"Royal Boogaerdt Timber\",\"description\":\"Koninklijke houthandel Boogaerdt B.V.\",\"publisher\":{\"@id\":\"https:\\\/\\\/www.royalboogaerdttimber.nl\\\/#organization\"},\"potentialAction\":[{\"@type\":\"SearchAction\",\"target\":{\"@type\":\"EntryPoint\",\"urlTemplate\":\"https:\\\/\\\/www.royalboogaerdttimber.nl\\\/?s={search_term_string}\"},\"query-input\":{\"@type\":\"PropertyValueSpecification\",\"valueRequired\":true,\"valueName\":\"search_term_string\"}}],\"inLanguage\":\"de\"},{\"@type\":\"Organization\",\"@id\":\"https:\\\/\\\/www.royalboogaerdttimber.nl\\\/#organization\",\"name\":\"Royal Boogaerdt Timber\",\"url\":\"https:\\\/\\\/www.royalboogaerdttimber.nl\\\/\",\"logo\":{\"@type\":\"ImageObject\",\"inLanguage\":\"de\",\"@id\":\"https:\\\/\\\/www.royalboogaerdttimber.nl\\\/#\\\/schema\\\/logo\\\/image\\\/\",\"url\":\"https:\\\/\\\/www.royalboogaerdttimber.nl\\\/wp-content\\\/uploads\\\/2025\\\/10\\\/logo.png\",\"contentUrl\":\"https:\\\/\\\/www.royalboogaerdttimber.nl\\\/wp-content\\\/uploads\\\/2025\\\/10\\\/logo.png\",\"width\":471,\"height\":200,\"caption\":\"Royal Boogaerdt Timber\"},\"image\":{\"@id\":\"https:\\\/\\\/www.royalboogaerdttimber.nl\\\/#\\\/schema\\\/logo\\\/image\\\/\"}}]}<\/script>\n<!-- \/ Yoast SEO plugin. -->","yoast_head_json":{"title":"Teakholz \u2013 Royal Boogaerdt Timber","description":"Afzelia verf\u00fcgt \u00fcber hervorragende Eigenschaften in Bezug auf Haltbarkeit, Festigkeit und Aussehen. Und unter anderem f\u00fcr Fassadenverkleidungen und Rahmenh\u00f6lzer geeignet.","robots":{"index":"index","follow":"follow","max-snippet":"max-snippet:-1","max-image-preview":"max-image-preview:large","max-video-preview":"max-video-preview:-1"},"canonical":"https:\/\/www.royalboogaerdttimber.nl\/de\/produkt\/teakholz\/","og_locale":"de_DE","og_type":"article","og_title":"Teak Hout - Royal Boogaerdt Timber","og_description":"Afzelia heeft uitstekende eigenschappen duurzaamheid, sterkte en uiterlijk. En geschikt voor onder andere gevelbekleding en kozijnhout.","og_url":"https:\/\/www.royalboogaerdttimber.nl\/de\/produkt\/teakholz\/","og_site_name":"Royal Boogaerdt Timber","article_modified_time":"2025-11-11T14:27:27+00:00","og_image":[{"width":2560,"height":2210,"url":"https:\/\/www.royalboogaerdttimber.nl\/wp-content\/uploads\/2025\/10\/IMG_20230602_1228232-scaled-e1760517864871.jpg","type":"image\/jpeg"}],"twitter_misc":{"Gesch\u00e4tzte Lesezeit":"4\u00a0Minuten"},"schema":{"@context":"https:\/\/schema.org","@graph":[{"@type":"WebPage","@id":"https:\/\/www.royalboogaerdttimber.nl\/product\/teak-hout\/","url":"https:\/\/www.royalboogaerdttimber.nl\/product\/teak-hout\/","name":"Teakholz \u2013 Royal Boogaerdt Timber","isPartOf":{"@id":"https:\/\/www.royalboogaerdttimber.nl\/#website"},"primaryImageOfPage":{"@id":"https:\/\/www.royalboogaerdttimber.nl\/product\/teak-hout\/#primaryimage"},"image":{"@id":"https:\/\/www.royalboogaerdttimber.nl\/product\/teak-hout\/#primaryimage"},"thumbnailUrl":"https:\/\/www.royalboogaerdttimber.nl\/wp-content\/uploads\/2025\/10\/IMG_20230602_1228232-scaled-e1760517864871.jpg","datePublished":"2025-11-03T15:19:38+00:00","dateModified":"2025-11-11T14:27:27+00:00","description":"Afzelia verf\u00fcgt \u00fcber hervorragende Eigenschaften in Bezug auf Haltbarkeit, Festigkeit und Aussehen. Und unter anderem f\u00fcr Fassadenverkleidungen und Rahmenh\u00f6lzer geeignet.","breadcrumb":{"@id":"https:\/\/www.royalboogaerdttimber.nl\/product\/teak-hout\/#breadcrumb"},"inLanguage":"de","potentialAction":[{"@type":"ReadAction","target":["https:\/\/www.royalboogaerdttimber.nl\/product\/teak-hout\/"]}]},{"@type":"ImageObject","inLanguage":"de","@id":"https:\/\/www.royalboogaerdttimber.nl\/product\/teak-hout\/#primaryimage","url":"https:\/\/www.royalboogaerdttimber.nl\/wp-content\/uploads\/2025\/10\/IMG_20230602_1228232-scaled-e1760517864871.jpg","contentUrl":"https:\/\/www.royalboogaerdttimber.nl\/wp-content\/uploads\/2025\/10\/IMG_20230602_1228232-scaled-e1760517864871.jpg","width":2560,"height":2210},{"@type":"BreadcrumbList","@id":"https:\/\/www.royalboogaerdttimber.nl\/product\/teak-hout\/#breadcrumb","itemListElement":[{"@type":"ListItem","position":1,"name":"Home","item":"https:\/\/www.royalboogaerdttimber.nl\/home-2\/"},{"@type":"ListItem","position":2,"name":"Teak Hout"}]},{"@type":"WebSite","@id":"https:\/\/www.royalboogaerdttimber.nl\/#website","url":"https:\/\/www.royalboogaerdttimber.nl\/","name":"Royal Boogaerdt Timber","description":"Koninklijke houthandel Boogaerdt BV","publisher":{"@id":"https:\/\/www.royalboogaerdttimber.nl\/#organization"},"potentialAction":[{"@type":"SearchAction","target":{"@type":"EntryPoint","urlTemplate":"https:\/\/www.royalboogaerdttimber.nl\/?s={search_term_string}"},"query-input":{"@type":"PropertyValueSpecification","valueRequired":true,"valueName":"search_term_string"}}],"inLanguage":"de"},{"@type":"Organization","@id":"https:\/\/www.royalboogaerdttimber.nl\/#organization","name":"Royal Boogaerdt Timber","url":"https:\/\/www.royalboogaerdttimber.nl\/","logo":{"@type":"ImageObject","inLanguage":"de","@id":"https:\/\/www.royalboogaerdttimber.nl\/#\/schema\/logo\/image\/","url":"https:\/\/www.royalboogaerdttimber.nl\/wp-content\/uploads\/2025\/10\/logo.png","contentUrl":"https:\/\/www.royalboogaerdttimber.nl\/wp-content\/uploads\/2025\/10\/logo.png","width":471,"height":200,"caption":"Royal Boogaerdt Timber"},"image":{"@id":"https:\/\/www.royalboogaerdttimber.nl\/#\/schema\/logo\/image\/"}}]}},"_links":{"self":[{"href":"https:\/\/www.royalboogaerdttimber.nl\/de\/wp-json\/wp\/v2\/product\/5674","targetHints":{"allow":["GET"]}}],"collection":[{"href":"https:\/\/www.royalboogaerdttimber.nl\/de\/wp-json\/wp\/v2\/product"}],"about":[{"href":"https:\/\/www.royalboogaerdttimber.nl\/de\/wp-json\/wp\/v2\/types\/product"}],"wp:featuredmedia":[{"embeddable":true,"href":"https:\/\/www.royalboogaerdttimber.nl\/de\/wp-json\/wp\/v2\/media\/5517"}],"wp:attachment":[{"href":"https:\/\/www.royalboogaerdttimber.nl\/de\/wp-json\/wp\/v2\/media?parent=5674"}],"curies":[{"name":"wp","href":"https:\/\/api.w.org\/{rel}","templated":true}]}}