{"id":304,"date":"2023-05-23T15:19:29","date_gmt":"2023-05-23T13:19:29","guid":{"rendered":"https:\/\/boogaerdthout.bonsaidev.nl\/?page_id=304"},"modified":"2025-11-10T12:26:15","modified_gmt":"2025-11-10T11:26:15","slug":"durabilite","status":"publish","type":"page","link":"https:\/\/www.royalboogaerdttimber.nl\/fr\/duurzaamheid\/","title":{"rendered":"Durabilit\u00e9"},"content":{"rendered":"<div  class='flex_column av-11nuf4-225e73e240c8e1da2ea89e8d83a7504f av_two_third  avia-builder-el-0  el_before_av_one_third  avia-builder-el-first  first flex_column_div'     ><section  class='av_textblock_section av-ljwm6oor-fbf0be9aefe03b091ca9be5a5d511865'   itemscope=\"itemscope\" itemtype=\"https:\/\/schema.org\/CreativeWork\" ><div class='avia_textblock'  itemprop=\"text\" ><h1><span style=\"color: #000000;\">Durabilit\u00e9<\/span><\/h1>\n<p>Royal Boogaerdt Timber comprend mieux que quiconque que la gestion durable des for\u00eats et l&#039;exploitation foresti\u00e8re durable sont essentielles \u00e0 l&#039;avenir de notre secteur. Forte d&#039;une longue tradition dans l&#039;industrie du bois, notre entreprise s&#039;engage pour la continuit\u00e9 et a jou\u00e9 un r\u00f4le actif dans la politique de la Royal VVNH visant \u00e0 importer aux Pays-Bas la plus grande quantit\u00e9 possible de bois certifi\u00e9 durable.<\/p>\n<\/div><\/section><br \/>\n\n<style type=\"text\/css\" data-created_by=\"avia_inline_auto\" id=\"style-css-av-r9knk-3595122fc7c3e4535fe18c4b927c66bb\">\n#top .hr.hr-invisible.av-r9knk-3595122fc7c3e4535fe18c4b927c66bb{\nheight:50px;\n}\n<\/style>\n<div  class='hr av-r9knk-3595122fc7c3e4535fe18c4b927c66bb hr-invisible  avia-builder-el-2  el_after_av_textblock  el_before_av_textblock'><span class='hr-inner'><span class=\"hr-inner-style\"><\/span><\/span><\/div><br \/>\n<section  class='av_textblock_section av-ljwmdzj9-b0dade2fa7751af517e001c0228fcf04'   itemscope=\"itemscope\" itemtype=\"https:\/\/schema.org\/CreativeWork\" ><div class='avia_textblock'  itemprop=\"text\" ><h2>Politique environnementale<\/h2>\n<p>Royal Boogaerdt Timber importe uniquement du bois dont la production est l\u00e9galement et durablement prouv\u00e9e. En \u00e9troite collaboration avec nos partenaires dans les pays d&#039;origine, nous nous effor\u00e7ons d&#039;accro\u00eetre la part de bois issu de for\u00eats g\u00e9r\u00e9es durablement. Cela favorise la conservation des for\u00eats et contribue indirectement \u00e0 l&#039;am\u00e9lioration des conditions socio-\u00e9conomiques dans ces pays. Chez Royal Boogaerdt Timber, nous sommes pr\u00e9occup\u00e9s par la pression croissante exerc\u00e9e sur les for\u00eats. Nous nous effor\u00e7ons de minimiser notre impact environnemental et mettons en \u0153uvre des politiques visant \u00e0 d\u00e9velopper l&#039;utilisation de produits issus de for\u00eats g\u00e9r\u00e9es durablement.<\/p>\n<\/div><\/section><br \/>\n\n<style type=\"text\/css\" data-created_by=\"avia_inline_auto\" id=\"style-css-av-7ysb4-0e2526997e3ad1a05d0e7699fed177cf\">\n#top .hr.hr-invisible.av-7ysb4-0e2526997e3ad1a05d0e7699fed177cf{\nheight:50px;\n}\n<\/style>\n<div  class='hr av-7ysb4-0e2526997e3ad1a05d0e7699fed177cf hr-invisible  avia-builder-el-4  el_after_av_textblock  el_before_av_textblock'><span class='hr-inner'><span class=\"hr-inner-style\"><\/span><\/span><\/div><br \/>\n<section  class='av_textblock_section av-lm7j4vnx-08294d7065459d2891a3bfbdfc92255b'   itemscope=\"itemscope\" itemtype=\"https:\/\/schema.org\/CreativeWork\" ><div class='avia_textblock'  itemprop=\"text\" ><h2>Certification chez Royal Boogaerdt Timber<\/h2>\n<p>Royal Boogaerdt Timber est certifi\u00e9 FSC\u00ae. La tra\u00e7abilit\u00e9 compl\u00e8te de notre bois nous permet de conna\u00eetre son origine, du pays d&#039;origine jusqu&#039;au produit final. Pour en savoir plus sur ces syst\u00e8mes de certification, consultez notre site web. <a href=\"https:\/\/nl.fsc.org\/nl-nl\" target=\"_blank\" rel=\"noopener\">FSC\u00ae<\/a>.<\/p>\n<\/div><\/section><\/p><\/div><div  class='flex_column av-cz9zs-a2e4a9b7400248847a1fef4db97460b0 av_one_third  avia-builder-el-6  el_after_av_two_third  avia-builder-el-last  flex_column_div'     ><div  class='avia-builder-widget-area clearfix  avia-builder-el-7  avia-builder-el-no-sibling'><section id=\"avia_auto_toc-2\" class=\"widget clearfix avia-widget-container avia_auto_toc avia_no_block_preview\"><div class=\"avia-preview-headline\">Enfold Child Table des contenus<\/div><div class=\"avia-preview-info\">Titre : Contenu de la page<\/div><div class=\"avia-preview-in-front\">Le tableau n\u2019est pas la bonne affiche au moment de sa publication.<\/div><span class=\"seperator extralight-border\"><\/span><\/section><section id=\"text-7\" class=\"widget clearfix widget_text\"><h3 class=\"widgettitle\">Plus d&#039;information<\/h3>\t\t\t<div class=\"textwidget\"><ul>\n<li style=\"list-style-type: none\">\n<ul>\n<li><a href=\"https:\/\/www.royalboogaerdttimber.nl\/fr\/a-propos-de-nous\/telechargements\/\">T\u00e9l\u00e9chargements<\/a><\/li>\n<li><a href=\"https:\/\/www.royalboogaerdttimber.nl\/fr\/a-propos-de-nous\/durabilite\/\">Durabilit\u00e9<\/a><\/li>\n<\/ul>\n<\/li>\n<\/ul>\n\n<\/div>\n\t\t<span class=\"seperator extralight-border\"><\/span><\/section><section id=\"custom_html-2\" class=\"widget_text widget clearfix widget_custom_html\"><h3 class=\"widgettitle\">Pose ta question<\/h3><div class=\"textwidget custom-html-widget\">\n<\/div><span class=\"seperator extralight-border\"><\/span><\/section><section id=\"text-2\" class=\"widget clearfix widget_text\">\t\t\t<div class=\"textwidget\"><\/div>\n\t\t<span class=\"seperator extralight-border\"><\/span><\/section><\/div><\/div><\/p>","protected":false},"excerpt":{"rendered":"","protected":false},"author":1,"featured_media":0,"parent":0,"menu_order":0,"comment_status":"closed","ping_status":"closed","template":"","meta":{"_acf_changed":false,"_monsterinsights_skip_tracking":false,"_monsterinsights_sitenote_active":false,"_monsterinsights_sitenote_note":"","_monsterinsights_sitenote_category":0,"footnotes":""},"class_list":["post-304","page","type-page","status-publish","hentry"],"acf":[],"yoast_head":"<!-- This site is optimized with the Yoast SEO plugin v27.3 - https:\/\/yoast.com\/product\/yoast-seo-wordpress\/ -->\n<title>Duurzaamheid - Royal Boogaerdt Timber<\/title>\n<meta name=\"robots\" content=\"index, follow, max-snippet:-1, max-image-preview:large, max-video-preview:-1\" \/>\n<link rel=\"canonical\" href=\"https:\/\/www.royalboogaerdttimber.nl\/fr\/durabilite\/\" \/>\n<meta property=\"og:locale\" content=\"fr_FR\" \/>\n<meta property=\"og:type\" content=\"article\" \/>\n<meta property=\"og:title\" content=\"Duurzaamheid - Royal Boogaerdt Timber\" \/>\n<meta property=\"og:url\" content=\"https:\/\/www.royalboogaerdttimber.nl\/fr\/durabilite\/\" \/>\n<meta property=\"og:site_name\" content=\"Royal Boogaerdt Timber\" \/>\n<meta property=\"article:modified_time\" content=\"2025-11-10T11:26:15+00:00\" \/>\n<meta name=\"twitter:label1\" content=\"Dur\u00e9e de lecture estim\u00e9e\" \/>\n\t<meta name=\"twitter:data1\" content=\"2 minutes\" \/>\n<script type=\"application\/ld+json\" class=\"yoast-schema-graph\">{\"@context\":\"https:\\\/\\\/schema.org\",\"@graph\":[{\"@type\":\"WebPage\",\"@id\":\"https:\\\/\\\/www.royalboogaerdttimber.nl\\\/duurzaamheid\\\/\",\"url\":\"https:\\\/\\\/www.royalboogaerdttimber.nl\\\/duurzaamheid\\\/\",\"name\":\"Duurzaamheid - Royal Boogaerdt Timber\",\"isPartOf\":{\"@id\":\"https:\\\/\\\/www.royalboogaerdttimber.nl\\\/#website\"},\"datePublished\":\"2023-05-23T13:19:29+00:00\",\"dateModified\":\"2025-11-10T11:26:15+00:00\",\"breadcrumb\":{\"@id\":\"https:\\\/\\\/www.royalboogaerdttimber.nl\\\/duurzaamheid\\\/#breadcrumb\"},\"inLanguage\":\"fr-FR\",\"potentialAction\":[{\"@type\":\"ReadAction\",\"target\":[\"https:\\\/\\\/www.royalboogaerdttimber.nl\\\/duurzaamheid\\\/\"]}]},{\"@type\":\"BreadcrumbList\",\"@id\":\"https:\\\/\\\/www.royalboogaerdttimber.nl\\\/duurzaamheid\\\/#breadcrumb\",\"itemListElement\":[{\"@type\":\"ListItem\",\"position\":1,\"name\":\"Home\",\"item\":\"https:\\\/\\\/www.royalboogaerdttimber.nl\\\/home-2\\\/\"},{\"@type\":\"ListItem\",\"position\":2,\"name\":\"Duurzaamheid\"}]},{\"@type\":\"WebSite\",\"@id\":\"https:\\\/\\\/www.royalboogaerdttimber.nl\\\/#website\",\"url\":\"https:\\\/\\\/www.royalboogaerdttimber.nl\\\/\",\"name\":\"Royal Boogaerdt Timber\",\"description\":\"Koninklijke houthandel Boogaerdt B.V.\",\"publisher\":{\"@id\":\"https:\\\/\\\/www.royalboogaerdttimber.nl\\\/#organization\"},\"potentialAction\":[{\"@type\":\"SearchAction\",\"target\":{\"@type\":\"EntryPoint\",\"urlTemplate\":\"https:\\\/\\\/www.royalboogaerdttimber.nl\\\/?s={search_term_string}\"},\"query-input\":{\"@type\":\"PropertyValueSpecification\",\"valueRequired\":true,\"valueName\":\"search_term_string\"}}],\"inLanguage\":\"fr-FR\"},{\"@type\":\"Organization\",\"@id\":\"https:\\\/\\\/www.royalboogaerdttimber.nl\\\/#organization\",\"name\":\"Royal Boogaerdt Timber\",\"url\":\"https:\\\/\\\/www.royalboogaerdttimber.nl\\\/\",\"logo\":{\"@type\":\"ImageObject\",\"inLanguage\":\"fr-FR\",\"@id\":\"https:\\\/\\\/www.royalboogaerdttimber.nl\\\/#\\\/schema\\\/logo\\\/image\\\/\",\"url\":\"https:\\\/\\\/www.royalboogaerdttimber.nl\\\/wp-content\\\/uploads\\\/2025\\\/10\\\/logo.png\",\"contentUrl\":\"https:\\\/\\\/www.royalboogaerdttimber.nl\\\/wp-content\\\/uploads\\\/2025\\\/10\\\/logo.png\",\"width\":471,\"height\":200,\"caption\":\"Royal Boogaerdt Timber\"},\"image\":{\"@id\":\"https:\\\/\\\/www.royalboogaerdttimber.nl\\\/#\\\/schema\\\/logo\\\/image\\\/\"}}]}<\/script>\n<!-- \/ Yoast SEO plugin. -->","yoast_head_json":{"title":"Durabilit\u00e9 - Bois Royal Boogaerdt","robots":{"index":"index","follow":"follow","max-snippet":"max-snippet:-1","max-image-preview":"max-image-preview:large","max-video-preview":"max-video-preview:-1"},"canonical":"https:\/\/www.royalboogaerdttimber.nl\/fr\/durabilite\/","og_locale":"fr_FR","og_type":"article","og_title":"Duurzaamheid - Royal Boogaerdt Timber","og_url":"https:\/\/www.royalboogaerdttimber.nl\/fr\/durabilite\/","og_site_name":"Royal Boogaerdt Timber","article_modified_time":"2025-11-10T11:26:15+00:00","twitter_misc":{"Dur\u00e9e de lecture estim\u00e9e":"2 minutes"},"schema":{"@context":"https:\/\/schema.org","@graph":[{"@type":"WebPage","@id":"https:\/\/www.royalboogaerdttimber.nl\/duurzaamheid\/","url":"https:\/\/www.royalboogaerdttimber.nl\/duurzaamheid\/","name":"Durabilit\u00e9 - Bois Royal Boogaerdt","isPartOf":{"@id":"https:\/\/www.royalboogaerdttimber.nl\/#website"},"datePublished":"2023-05-23T13:19:29+00:00","dateModified":"2025-11-10T11:26:15+00:00","breadcrumb":{"@id":"https:\/\/www.royalboogaerdttimber.nl\/duurzaamheid\/#breadcrumb"},"inLanguage":"fr-FR","potentialAction":[{"@type":"ReadAction","target":["https:\/\/www.royalboogaerdttimber.nl\/duurzaamheid\/"]}]},{"@type":"BreadcrumbList","@id":"https:\/\/www.royalboogaerdttimber.nl\/duurzaamheid\/#breadcrumb","itemListElement":[{"@type":"ListItem","position":1,"name":"Home","item":"https:\/\/www.royalboogaerdttimber.nl\/home-2\/"},{"@type":"ListItem","position":2,"name":"Duurzaamheid"}]},{"@type":"WebSite","@id":"https:\/\/www.royalboogaerdttimber.nl\/#website","url":"https:\/\/www.royalboogaerdttimber.nl\/","name":"Bois Royal Boogaerdt","description":"Entreprises commerciales Boogaerdt BV","publisher":{"@id":"https:\/\/www.royalboogaerdttimber.nl\/#organization"},"potentialAction":[{"@type":"SearchAction","target":{"@type":"EntryPoint","urlTemplate":"https:\/\/www.royalboogaerdttimber.nl\/?s={search_term_string}"},"query-input":{"@type":"PropertyValueSpecification","valueRequired":true,"valueName":"search_term_string"}}],"inLanguage":"fr-FR"},{"@type":"Organization","@id":"https:\/\/www.royalboogaerdttimber.nl\/#organization","name":"Bois Royal Boogaerdt","url":"https:\/\/www.royalboogaerdttimber.nl\/","logo":{"@type":"ImageObject","inLanguage":"fr-FR","@id":"https:\/\/www.royalboogaerdttimber.nl\/#\/schema\/logo\/image\/","url":"https:\/\/www.royalboogaerdttimber.nl\/wp-content\/uploads\/2025\/10\/logo.png","contentUrl":"https:\/\/www.royalboogaerdttimber.nl\/wp-content\/uploads\/2025\/10\/logo.png","width":471,"height":200,"caption":"Royal Boogaerdt Timber"},"image":{"@id":"https:\/\/www.royalboogaerdttimber.nl\/#\/schema\/logo\/image\/"}}]}},"_links":{"self":[{"href":"https:\/\/www.royalboogaerdttimber.nl\/fr\/wp-json\/wp\/v2\/pages\/304","targetHints":{"allow":["GET"]}}],"collection":[{"href":"https:\/\/www.royalboogaerdttimber.nl\/fr\/wp-json\/wp\/v2\/pages"}],"about":[{"href":"https:\/\/www.royalboogaerdttimber.nl\/fr\/wp-json\/wp\/v2\/types\/page"}],"author":[{"embeddable":true,"href":"https:\/\/www.royalboogaerdttimber.nl\/fr\/wp-json\/wp\/v2\/users\/1"}],"replies":[{"embeddable":true,"href":"https:\/\/www.royalboogaerdttimber.nl\/fr\/wp-json\/wp\/v2\/comments?post=304"}],"version-history":[{"count":12,"href":"https:\/\/www.royalboogaerdttimber.nl\/fr\/wp-json\/wp\/v2\/pages\/304\/revisions"}],"predecessor-version":[{"id":5757,"href":"https:\/\/www.royalboogaerdttimber.nl\/fr\/wp-json\/wp\/v2\/pages\/304\/revisions\/5757"}],"wp:attachment":[{"href":"https:\/\/www.royalboogaerdttimber.nl\/fr\/wp-json\/wp\/v2\/media?parent=304"}],"curies":[{"name":"wp","href":"https:\/\/api.w.org\/{rel}","templated":true}]}}