{"id":85,"date":"2023-05-08T11:32:09","date_gmt":"2023-05-08T09:32:09","guid":{"rendered":"https:\/\/boogaerdthout.bonsaidev.nl\/?page_id=85"},"modified":"2025-10-21T14:44:18","modified_gmt":"2025-10-21T12:44:18","slug":"des-produits","status":"publish","type":"page","link":"https:\/\/www.royalboogaerdttimber.nl\/fr\/producten\/","title":{"rendered":"Des produits"},"content":{"rendered":"<div id='av_section_1'  class='avia-section av-19vgd-b8bd74db7fc06ee05ffd9fcda6689009 main_color avia-section-default avia-no-border-styling  avia-builder-el-0  el_before_av_section  avia-builder-el-first  avia-bg-style-scroll container_wrap sidebar_right'  ><div class='container av-section-cont-open' ><main  role=\"main\" itemprop=\"mainContentOfPage\"  class='template-page content  av-content-small alpha units'><div class='post-entry post-entry-type-page post-entry-85'><div class='entry-content-wrapper clearfix'>\n<div  class='flex_column av-1o5t1-099b8d86171d1ed60865f04eef1f0a44 av_two_third  avia-builder-el-1  el_before_av_one_third  avia-builder-el-first  first flex_column_div'     ><style type=\"text\/css\" data-created_by=\"avia_inline_auto\" id=\"style-css-av-lhetpnj8-1970263d28240e6310449059d1c2d15d\">\n#top .av_textblock_section.av-lhetpnj8-1970263d28240e6310449059d1c2d15d .avia_textblock{\nfont-size:22px;\n}\n<\/style>\n<section  class='av_textblock_section av-lhetpnj8-1970263d28240e6310449059d1c2d15d'   itemscope=\"itemscope\" itemtype=\"https:\/\/schema.org\/CreativeWork\" ><div class='avia_textblock'  itemprop=\"text\" ><h2>Produits que nous fournissons<\/h2>\n<p>Royal Boogaerdt Timber, votre partenaire de confiance en teck, propose une vaste gamme de produits en teck de haute qualit\u00e9, notamment pour le secteur maritime. Le d\u00e9veloppement durable et la certification FSC\u00ae sont primordiaux.<\/p>\n<p>Vous avez des questions ou des besoins sp\u00e9cifiques ? <a href=\"https:\/\/www.royalboogaerdttimber.nl\/fr\/contact\/\">Prenez contact avec nous<\/a>.<\/p>\n<\/div><\/section><br \/>\n\n<style type=\"text\/css\" data-created_by=\"avia_inline_auto\" id=\"style-css-av-lhetsfq5-71cd4b419c1ebce413b1ad9fd27e0e28\">\n#top .hr.hr-invisible.av-lhetsfq5-71cd4b419c1ebce413b1ad9fd27e0e28{\nheight:35px;\n}\n<\/style>\n<div  class='hr av-lhetsfq5-71cd4b419c1ebce413b1ad9fd27e0e28 hr-invisible  avia-builder-el-3  el_after_av_textblock  avia-builder-el-last'><span class='hr-inner'><span class=\"hr-inner-style\"><\/span><\/span><\/div><\/p><\/div><div  class='flex_column av-164i1-dd84a3d036dde53cb9896eec9843c8d0 av_one_third  avia-builder-el-4  el_after_av_two_third  el_before_av_one_full  flex_column_div'     ><\/div><div  class='flex_column av-y0r9-2ddd4372576fcaa81f6bc4e0711ba1ca av_one_full  avia-builder-el-5  el_after_av_one_third  avia-builder-el-last  first flex_column_div  column-top-margin'     ><\/div><\/div><\/div><\/main><!-- close content main element --><\/div><\/div><div id='av_section_2'  class='avia-section av-7voc1-989fc1591a71028ea2e78e90c0bf2dc8 main_color avia-section-large avia-no-border-styling  avia-builder-el-7  el_after_av_section  avia-builder-el-last  avia-bg-style-scroll container_wrap sidebar_right'  ><div class='container av-section-cont-open' ><div class='template-page content  av-content-small alpha units'><div class='post-entry post-entry-type-page post-entry-85'><div class='entry-content-wrapper clearfix'>\n<div class='flex_column_table av-1ejz1-360969f07f965ce7221422b52432e580 sc-av_two_fifth av-break-at-tablet-flextable av-equal-height-column-flextable'>\n<style type=\"text\/css\" data-created_by=\"avia_inline_auto\" id=\"style-css-av-1ejz1-360969f07f965ce7221422b52432e580\">\n.flex_column.av-1ejz1-360969f07f965ce7221422b52432e580{\npadding:40px 90px 40px 40px;\nbackground:url(https:\/\/www.royalboogaerdttimber.nl\/wp-content\/uploads\/2025\/10\/P_20210914_164324-scaled-e1760516367662-977x1030.jpg) 50% 50% no-repeat scroll ;\n}\n\n@media only screen and (min-width: 768px) and (max-width: 989px){ \n.flex_column.av-1ejz1-360969f07f965ce7221422b52432e580{\npadding:40px 40px 40px 40px;\n}\n}\n\n@media only screen and (min-width: 480px) and (max-width: 767px){ \n.flex_column.av-1ejz1-360969f07f965ce7221422b52432e580{\npadding:40px 40px 40px 40px;\n}\n}\n\n@media only screen and (max-width: 479px){ \n.flex_column.av-1ejz1-360969f07f965ce7221422b52432e580{\npadding:40px 40px 40px 40px;\n}\n}\n<\/style>\n<div  class='flex_column av-1ejz1-360969f07f965ce7221422b52432e580 av_two_fifth  avia-builder-el-8  el_before_av_three_fifth  avia-builder-el-first  first no_margin av-break-at-tablet flex_column_table_cell av-equal-height-column av-align-bottom avia-full-stretch'     ><section  class='av_textblock_section av-tgy1-850504d405c5e3aea3fd58ff71dfad7b'   itemscope=\"itemscope\" itemtype=\"https:\/\/schema.org\/CreativeWork\" ><div class='avia_textblock samples-logo-border'  itemprop=\"text\" ><p><img loading=\"lazy\" decoding=\"async\" class=\"wp-image-5457 size-thumbnail alignnone\" src=\"https:\/\/www.royalboogaerdttimber.nl\/wp-content\/uploads\/2023\/07\/Kroon-yellow-80x80.png\" alt=\"\" width=\"80\" height=\"80\" srcset=\"https:\/\/www.royalboogaerdttimber.nl\/wp-content\/uploads\/2023\/07\/Kroon-yellow-80x80.png 80w, https:\/\/www.royalboogaerdttimber.nl\/wp-content\/uploads\/2023\/07\/Kroon-yellow-12x12.png 12w, https:\/\/www.royalboogaerdttimber.nl\/wp-content\/uploads\/2023\/07\/Kroon-yellow-36x36.png 36w, https:\/\/www.royalboogaerdttimber.nl\/wp-content\/uploads\/2023\/07\/Kroon-yellow-180x180.png 180w, https:\/\/www.royalboogaerdttimber.nl\/wp-content\/uploads\/2023\/07\/Kroon-yellow.png 192w\" sizes=\"auto, (max-width: 80px) 100vw, 80px\" \/><\/p>\n<\/div><\/section><\/div>\n<style type=\"text\/css\" data-created_by=\"avia_inline_auto\" id=\"style-css-av-7d6tp-98af862228b4150c72470a039f0760cd\">\n.flex_column.av-7d6tp-98af862228b4150c72470a039f0760cd{\nborder-width:1px;\nborder-color:#ffffff;\nborder-style:solid;\npadding:70px 80px 70px 80px;\n}\n<\/style>\n<div  class='flex_column av-7d6tp-98af862228b4150c72470a039f0760cd av_three_fifth  avia-builder-el-10  el_after_av_two_fifth  avia-builder-el-last  kwaliteit no_margin av-break-at-tablet flex_column_table_cell av-equal-height-column av-align-bottom'     ><section  class='av_textblock_section av-719cl-f4e33923c9624d6096655d8b93dee208'   itemscope=\"itemscope\" itemtype=\"https:\/\/schema.org\/CreativeWork\" ><div class='avia_textblock'  itemprop=\"text\" ><h4>Difficult\u00e9 \u00e0 choisir ?<\/h4>\n<\/div><\/section><br \/>\n\n<style type=\"text\/css\" data-created_by=\"avia_inline_auto\" id=\"style-css-av-6eeqp-1b718947576069c6620597a9132ff018\">\n#top .hr.hr-invisible.av-6eeqp-1b718947576069c6620597a9132ff018{\nheight:65px;\n}\n<\/style>\n<div  class='hr av-6eeqp-1b718947576069c6620597a9132ff018 hr-invisible  avia-builder-el-12  el_after_av_textblock  el_before_av_textblock'><span class='hr-inner'><span class=\"hr-inner-style\"><\/span><\/span><\/div><br \/>\n<section  class='av_textblock_section av-5wwkl-c93a30db0f612c4f7320995aede8ee68'   itemscope=\"itemscope\" itemtype=\"https:\/\/schema.org\/CreativeWork\" ><div class='avia_textblock'  itemprop=\"text\" ><h2>Vous voulez sentir la qualit\u00e9<\/h2>\n<\/div><\/section><br \/>\n\n<style type=\"text\/css\" data-created_by=\"avia_inline_auto\" id=\"style-css-av-5354d-f83eec659ce47ac7208e67383aae5c4c\">\n#top .hr.hr-invisible.av-5354d-f83eec659ce47ac7208e67383aae5c4c{\nheight:1px;\n}\n<\/style>\n<div  class='hr av-5354d-f83eec659ce47ac7208e67383aae5c4c hr-invisible  avia-builder-el-14  el_after_av_textblock  el_before_av_textblock'><span class='hr-inner'><span class=\"hr-inner-style\"><\/span><\/span><\/div><br \/>\n<section  class='av_textblock_section av-4bs61-adb7b65849f2594a0c7067cfad4e8b42'   itemscope=\"itemscope\" itemtype=\"https:\/\/schema.org\/CreativeWork\" ><div class='avia_textblock'  itemprop=\"text\" ><p>Envie de d\u00e9couvrir nos produits en teck\u00a0? Demandez simplement des \u00e9chantillons. Vous h\u00e9sitez encore sur les mat\u00e9riaux et les applications\u00a0? Demandez conseil \u00e0 nos sp\u00e9cialistes.<\/p>\n<\/div><\/section><br \/>\n\n<style type=\"text\/css\" data-created_by=\"avia_inline_auto\" id=\"style-css-av-44ct1-cdb40542af5d7eb4155d7d081dd85f37\">\n#top .hr.hr-invisible.av-44ct1-cdb40542af5d7eb4155d7d081dd85f37{\nheight:110px;\n}\n<\/style>\n<div  class='hr av-44ct1-cdb40542af5d7eb4155d7d081dd85f37 hr-invisible  avia-builder-el-16  el_after_av_textblock  el_before_av_buttonrow  av-small-hide av-mini-hide'><span class='hr-inner'><span class=\"hr-inner-style\"><\/span><\/span><\/div><br \/>\n<div  class='avia-buttonrow-wrap av-3226h-df4abb582a35729dc163bae2d2ff8c9b avia-buttonrow-left  avia-builder-el-17  el_after_av_hr  avia-builder-el-last'>\n\n<style type=\"text\/css\" data-created_by=\"avia_inline_auto\" id=\"style-css-av-2ryll-330f09412b512316667e4b0fb58b0c2a\">\n#top #wrap_all .avia-button.av-2ryll-330f09412b512316667e4b0fb58b0c2a{\nmargin-bottom:20px;\nmargin-right:20px;\n}\n<\/style>\n<a href='https:\/\/www.royalboogaerdttimber.nl\/fr\/samples\/'  class='avia-button av-2ryll-330f09412b512316667e4b0fb58b0c2a avia-icon_select-no avia-size-small avia-color-theme-color-highlight'   aria-label=\"Commande d&#039;\u00e9chantillons\"><span class='avia_iconbox_title' >Commande d'\u00e9chantillons<\/span><\/a>\n\n<style type=\"text\/css\" data-created_by=\"avia_inline_auto\" id=\"style-css-av-20aot-036184a9c90fac6a57a603f42bac8487\">\n#top #wrap_all .avia-button.av-20aot-036184a9c90fac6a57a603f42bac8487{\nmargin-bottom:20px;\nmargin-right:20px;\n}\n<\/style>\n<a href='https:\/\/www.royalboogaerdttimber.nl\/fr\/contact\/'  class='avia-button av-20aot-036184a9c90fac6a57a603f42bac8487 avia-icon_select-no avia-size-small avia-color-theme-color'   aria-label=\"Prendre contact\"><span class='avia_iconbox_title' >Prendre contact<\/span><\/a>\n<\/div><\/p><\/div><\/div><!--close column table wrapper. Autoclose: 1 -->\n<\/div><\/div><\/div><!-- close content main div --><\/div><\/div><div id='after_section_2'  class='main_color av_default_container_wrap container_wrap sidebar_right'  ><div class='container av-section-cont-open' ><div class='template-page content  av-content-small alpha units'><div class='post-entry post-entry-type-page post-entry-85'><div class='entry-content-wrapper clearfix'><\/p>","protected":false},"excerpt":{"rendered":"","protected":false},"author":1,"featured_media":5500,"parent":0,"menu_order":0,"comment_status":"closed","ping_status":"closed","template":"","meta":{"_acf_changed":false,"_monsterinsights_skip_tracking":false,"_monsterinsights_sitenote_active":false,"_monsterinsights_sitenote_note":"","_monsterinsights_sitenote_category":0,"footnotes":""},"class_list":["post-85","page","type-page","status-publish","has-post-thumbnail","hentry"],"acf":[],"yoast_head":"<!-- This site is optimized with the Yoast SEO plugin v27.3 - https:\/\/yoast.com\/product\/yoast-seo-wordpress\/ -->\n<title>Producten - Royal Boogaerdt Timber<\/title>\n<meta name=\"description\" content=\"Bij Boogaerdt Hout zijn wij importeur en voorraadhouder van verschillende duurzaam en gecertificeerde houtsoorten. Bekijk onze houtsoorten!\" \/>\n<meta name=\"robots\" content=\"index, follow, max-snippet:-1, max-image-preview:large, max-video-preview:-1\" \/>\n<link rel=\"canonical\" href=\"https:\/\/www.royalboogaerdttimber.nl\/fr\/des-produits\/\" \/>\n<meta property=\"og:locale\" content=\"fr_FR\" \/>\n<meta property=\"og:type\" content=\"article\" \/>\n<meta property=\"og:title\" content=\"Producten - Royal Boogaerdt Timber\" \/>\n<meta property=\"og:description\" content=\"Bij Boogaerdt Hout zijn wij importeur en voorraadhouder van verschillende duurzaam en gecertificeerde houtsoorten. Bekijk onze houtsoorten!\" \/>\n<meta property=\"og:url\" content=\"https:\/\/www.royalboogaerdttimber.nl\/fr\/des-produits\/\" \/>\n<meta property=\"og:site_name\" content=\"Royal Boogaerdt Timber\" \/>\n<meta property=\"article:modified_time\" content=\"2025-10-21T12:44:18+00:00\" \/>\n<meta property=\"og:image\" content=\"https:\/\/www.royalboogaerdttimber.nl\/wp-content\/uploads\/2025\/10\/P_20210914_164324-scaled-e1760516367662.jpg\" \/>\n\t<meta property=\"og:image:width\" content=\"1822\" \/>\n\t<meta property=\"og:image:height\" content=\"1920\" \/>\n\t<meta property=\"og:image:type\" content=\"image\/jpeg\" \/>\n<meta name=\"twitter:label1\" content=\"Dur\u00e9e de lecture estim\u00e9e\" \/>\n\t<meta name=\"twitter:data1\" content=\"1 minute\" \/>\n<script type=\"application\/ld+json\" class=\"yoast-schema-graph\">{\"@context\":\"https:\\\/\\\/schema.org\",\"@graph\":[{\"@type\":\"WebPage\",\"@id\":\"https:\\\/\\\/www.royalboogaerdttimber.nl\\\/producten\\\/\",\"url\":\"https:\\\/\\\/www.royalboogaerdttimber.nl\\\/producten\\\/\",\"name\":\"Producten - Royal Boogaerdt Timber\",\"isPartOf\":{\"@id\":\"https:\\\/\\\/www.royalboogaerdttimber.nl\\\/#website\"},\"primaryImageOfPage\":{\"@id\":\"https:\\\/\\\/www.royalboogaerdttimber.nl\\\/producten\\\/#primaryimage\"},\"image\":{\"@id\":\"https:\\\/\\\/www.royalboogaerdttimber.nl\\\/producten\\\/#primaryimage\"},\"thumbnailUrl\":\"https:\\\/\\\/www.royalboogaerdttimber.nl\\\/wp-content\\\/uploads\\\/2025\\\/10\\\/P_20210914_164324-scaled-e1760516367662.jpg\",\"datePublished\":\"2023-05-08T09:32:09+00:00\",\"dateModified\":\"2025-10-21T12:44:18+00:00\",\"description\":\"Bij Boogaerdt Hout zijn wij importeur en voorraadhouder van verschillende duurzaam en gecertificeerde houtsoorten. Bekijk onze houtsoorten!\",\"breadcrumb\":{\"@id\":\"https:\\\/\\\/www.royalboogaerdttimber.nl\\\/producten\\\/#breadcrumb\"},\"inLanguage\":\"fr-FR\",\"potentialAction\":[{\"@type\":\"ReadAction\",\"target\":[\"https:\\\/\\\/www.royalboogaerdttimber.nl\\\/producten\\\/\"]}]},{\"@type\":\"ImageObject\",\"inLanguage\":\"fr-FR\",\"@id\":\"https:\\\/\\\/www.royalboogaerdttimber.nl\\\/producten\\\/#primaryimage\",\"url\":\"https:\\\/\\\/www.royalboogaerdttimber.nl\\\/wp-content\\\/uploads\\\/2025\\\/10\\\/P_20210914_164324-scaled-e1760516367662.jpg\",\"contentUrl\":\"https:\\\/\\\/www.royalboogaerdttimber.nl\\\/wp-content\\\/uploads\\\/2025\\\/10\\\/P_20210914_164324-scaled-e1760516367662.jpg\",\"width\":1822,\"height\":1920},{\"@type\":\"BreadcrumbList\",\"@id\":\"https:\\\/\\\/www.royalboogaerdttimber.nl\\\/producten\\\/#breadcrumb\",\"itemListElement\":[{\"@type\":\"ListItem\",\"position\":1,\"name\":\"Home\",\"item\":\"https:\\\/\\\/www.royalboogaerdttimber.nl\\\/home-2\\\/\"},{\"@type\":\"ListItem\",\"position\":2,\"name\":\"Producten\"}]},{\"@type\":\"WebSite\",\"@id\":\"https:\\\/\\\/www.royalboogaerdttimber.nl\\\/#website\",\"url\":\"https:\\\/\\\/www.royalboogaerdttimber.nl\\\/\",\"name\":\"Royal Boogaerdt Timber\",\"description\":\"Koninklijke houthandel Boogaerdt B.V.\",\"publisher\":{\"@id\":\"https:\\\/\\\/www.royalboogaerdttimber.nl\\\/#organization\"},\"potentialAction\":[{\"@type\":\"SearchAction\",\"target\":{\"@type\":\"EntryPoint\",\"urlTemplate\":\"https:\\\/\\\/www.royalboogaerdttimber.nl\\\/?s={search_term_string}\"},\"query-input\":{\"@type\":\"PropertyValueSpecification\",\"valueRequired\":true,\"valueName\":\"search_term_string\"}}],\"inLanguage\":\"fr-FR\"},{\"@type\":\"Organization\",\"@id\":\"https:\\\/\\\/www.royalboogaerdttimber.nl\\\/#organization\",\"name\":\"Royal Boogaerdt Timber\",\"url\":\"https:\\\/\\\/www.royalboogaerdttimber.nl\\\/\",\"logo\":{\"@type\":\"ImageObject\",\"inLanguage\":\"fr-FR\",\"@id\":\"https:\\\/\\\/www.royalboogaerdttimber.nl\\\/#\\\/schema\\\/logo\\\/image\\\/\",\"url\":\"https:\\\/\\\/www.royalboogaerdttimber.nl\\\/wp-content\\\/uploads\\\/2025\\\/10\\\/logo.png\",\"contentUrl\":\"https:\\\/\\\/www.royalboogaerdttimber.nl\\\/wp-content\\\/uploads\\\/2025\\\/10\\\/logo.png\",\"width\":471,\"height\":200,\"caption\":\"Royal Boogaerdt Timber\"},\"image\":{\"@id\":\"https:\\\/\\\/www.royalboogaerdttimber.nl\\\/#\\\/schema\\\/logo\\\/image\\\/\"}}]}<\/script>\n<!-- \/ Yoast SEO plugin. -->","yoast_head_json":{"title":"Produits - Bois Royal Boogaerdt","description":"Chez Boogaerdt Hout, nous sommes importateur et stockeur de diverses essences de bois durables et certifi\u00e9es. D\u00e9couvrez nos essences de bois !","robots":{"index":"index","follow":"follow","max-snippet":"max-snippet:-1","max-image-preview":"max-image-preview:large","max-video-preview":"max-video-preview:-1"},"canonical":"https:\/\/www.royalboogaerdttimber.nl\/fr\/des-produits\/","og_locale":"fr_FR","og_type":"article","og_title":"Producten - Royal Boogaerdt Timber","og_description":"Bij Boogaerdt Hout zijn wij importeur en voorraadhouder van verschillende duurzaam en gecertificeerde houtsoorten. Bekijk onze houtsoorten!","og_url":"https:\/\/www.royalboogaerdttimber.nl\/fr\/des-produits\/","og_site_name":"Royal Boogaerdt Timber","article_modified_time":"2025-10-21T12:44:18+00:00","og_image":[{"width":1822,"height":1920,"url":"https:\/\/www.royalboogaerdttimber.nl\/wp-content\/uploads\/2025\/10\/P_20210914_164324-scaled-e1760516367662.jpg","type":"image\/jpeg"}],"twitter_misc":{"Dur\u00e9e de lecture estim\u00e9e":"1 minute"},"schema":{"@context":"https:\/\/schema.org","@graph":[{"@type":"WebPage","@id":"https:\/\/www.royalboogaerdttimber.nl\/producten\/","url":"https:\/\/www.royalboogaerdttimber.nl\/producten\/","name":"Produits - Bois Royal Boogaerdt","isPartOf":{"@id":"https:\/\/www.royalboogaerdttimber.nl\/#website"},"primaryImageOfPage":{"@id":"https:\/\/www.royalboogaerdttimber.nl\/producten\/#primaryimage"},"image":{"@id":"https:\/\/www.royalboogaerdttimber.nl\/producten\/#primaryimage"},"thumbnailUrl":"https:\/\/www.royalboogaerdttimber.nl\/wp-content\/uploads\/2025\/10\/P_20210914_164324-scaled-e1760516367662.jpg","datePublished":"2023-05-08T09:32:09+00:00","dateModified":"2025-10-21T12:44:18+00:00","description":"Chez Boogaerdt Hout, nous sommes importateur et stockeur de diverses essences de bois durables et certifi\u00e9es. D\u00e9couvrez nos essences de bois !","breadcrumb":{"@id":"https:\/\/www.royalboogaerdttimber.nl\/producten\/#breadcrumb"},"inLanguage":"fr-FR","potentialAction":[{"@type":"ReadAction","target":["https:\/\/www.royalboogaerdttimber.nl\/producten\/"]}]},{"@type":"ImageObject","inLanguage":"fr-FR","@id":"https:\/\/www.royalboogaerdttimber.nl\/producten\/#primaryimage","url":"https:\/\/www.royalboogaerdttimber.nl\/wp-content\/uploads\/2025\/10\/P_20210914_164324-scaled-e1760516367662.jpg","contentUrl":"https:\/\/www.royalboogaerdttimber.nl\/wp-content\/uploads\/2025\/10\/P_20210914_164324-scaled-e1760516367662.jpg","width":1822,"height":1920},{"@type":"BreadcrumbList","@id":"https:\/\/www.royalboogaerdttimber.nl\/producten\/#breadcrumb","itemListElement":[{"@type":"ListItem","position":1,"name":"Home","item":"https:\/\/www.royalboogaerdttimber.nl\/home-2\/"},{"@type":"ListItem","position":2,"name":"Producten"}]},{"@type":"WebSite","@id":"https:\/\/www.royalboogaerdttimber.nl\/#website","url":"https:\/\/www.royalboogaerdttimber.nl\/","name":"Bois Royal Boogaerdt","description":"Entreprises commerciales Boogaerdt BV","publisher":{"@id":"https:\/\/www.royalboogaerdttimber.nl\/#organization"},"potentialAction":[{"@type":"SearchAction","target":{"@type":"EntryPoint","urlTemplate":"https:\/\/www.royalboogaerdttimber.nl\/?s={search_term_string}"},"query-input":{"@type":"PropertyValueSpecification","valueRequired":true,"valueName":"search_term_string"}}],"inLanguage":"fr-FR"},{"@type":"Organization","@id":"https:\/\/www.royalboogaerdttimber.nl\/#organization","name":"Bois Royal Boogaerdt","url":"https:\/\/www.royalboogaerdttimber.nl\/","logo":{"@type":"ImageObject","inLanguage":"fr-FR","@id":"https:\/\/www.royalboogaerdttimber.nl\/#\/schema\/logo\/image\/","url":"https:\/\/www.royalboogaerdttimber.nl\/wp-content\/uploads\/2025\/10\/logo.png","contentUrl":"https:\/\/www.royalboogaerdttimber.nl\/wp-content\/uploads\/2025\/10\/logo.png","width":471,"height":200,"caption":"Royal Boogaerdt Timber"},"image":{"@id":"https:\/\/www.royalboogaerdttimber.nl\/#\/schema\/logo\/image\/"}}]}},"_links":{"self":[{"href":"https:\/\/www.royalboogaerdttimber.nl\/fr\/wp-json\/wp\/v2\/pages\/85","targetHints":{"allow":["GET"]}}],"collection":[{"href":"https:\/\/www.royalboogaerdttimber.nl\/fr\/wp-json\/wp\/v2\/pages"}],"about":[{"href":"https:\/\/www.royalboogaerdttimber.nl\/fr\/wp-json\/wp\/v2\/types\/page"}],"author":[{"embeddable":true,"href":"https:\/\/www.royalboogaerdttimber.nl\/fr\/wp-json\/wp\/v2\/users\/1"}],"replies":[{"embeddable":true,"href":"https:\/\/www.royalboogaerdttimber.nl\/fr\/wp-json\/wp\/v2\/comments?post=85"}],"version-history":[{"count":13,"href":"https:\/\/www.royalboogaerdttimber.nl\/fr\/wp-json\/wp\/v2\/pages\/85\/revisions"}],"predecessor-version":[{"id":5706,"href":"https:\/\/www.royalboogaerdttimber.nl\/fr\/wp-json\/wp\/v2\/pages\/85\/revisions\/5706"}],"wp:featuredmedia":[{"embeddable":true,"href":"https:\/\/www.royalboogaerdttimber.nl\/fr\/wp-json\/wp\/v2\/media\/5500"}],"wp:attachment":[{"href":"https:\/\/www.royalboogaerdttimber.nl\/fr\/wp-json\/wp\/v2\/media?parent=85"}],"curies":[{"name":"wp","href":"https:\/\/api.w.org\/{rel}","templated":true}]}}