{"id":5674,"date":"2025-11-03T16:19:38","date_gmt":"2025-11-03T15:19:38","guid":{"rendered":"https:\/\/boogaerdttimber.bonsaidev.nl\/?post_type=product&#038;p=5674"},"modified":"2025-11-11T15:27:27","modified_gmt":"2025-11-11T14:27:27","slug":"bois-de-teck","status":"publish","type":"product","link":"https:\/\/www.royalboogaerdttimber.nl\/fr\/product\/teak-hout\/","title":{"rendered":"Bois de teck"},"content":{"rendered":"<div id='av-layout-grid-1'  class='av-layout-grid-container av-1x5nlvu-42cbf2ddae252cc6799d91344555c81b entry-content-wrapper main_color av-flex-cells  avia-builder-el-0  el_before_av_section  avia-builder-el-first   container_wrap sidebar_right'  >\n\n<style type=\"text\/css\" data-created_by=\"avia_inline_auto\" id=\"style-css-av-1vhg96y-21d96182a97a3ab0386ab34632459fb0\">\n.flex_cell.av-1vhg96y-21d96182a97a3ab0386ab34632459fb0{\nvertical-align:middle;\nheight:580px;\nmin-height:580px;\nbackground-color:#0d3453;\n}\n.responsive #top #wrap_all .flex_cell.av-1vhg96y-21d96182a97a3ab0386ab34632459fb0{\npadding:2% 2% 2% 2% !important;\n}\n\n@media only screen and (min-width: 480px) and (max-width: 767px){ \n.responsive #top #wrap_all .flex_cell.av-1vhg96y-21d96182a97a3ab0386ab34632459fb0{\npadding:40px 40px 40px 40px !important;\n}\n}\n\n@media only screen and (max-width: 479px){ \n.responsive #top #wrap_all .flex_cell.av-1vhg96y-21d96182a97a3ab0386ab34632459fb0{\npadding:40px 40px 40px 40px !important;\n}\n}\n<\/style>\n<div class='flex_cell av-1vhg96y-21d96182a97a3ab0386ab34632459fb0 av-gridrow-cell av_one_half no_margin  avia-builder-el-1  el_before_av_cell_one_half  avia-builder-el-first  banner-tekst content-align-middle'  ><div class='flex_cell_inner'>\n<style type=\"text\/css\" data-created_by=\"avia_inline_auto\" id=\"style-css-av-1txav4q-e1ceeb3f1d67a13c6299c6abe4b1756c\">\n#top .av_textblock_section.av-1txav4q-e1ceeb3f1d67a13c6299c6abe4b1756c .avia_textblock{\nfont-size:22px;\ncolor:#ffffff;\n}\n<\/style>\n<section  class='av_textblock_section av-1txav4q-e1ceeb3f1d67a13c6299c6abe4b1756c'   itemscope=\"itemscope\" itemtype=\"https:\/\/schema.org\/CreativeWork\" ><div class='avia_textblock av_inherit_color'  itemprop=\"text\" ><h1>Bois de teck<\/h1>\n<p><b>Teck <\/b>(<i>Tectona grandis<\/i>Le pin ponderosa est l&#039;un des bois les plus pr\u00e9cieux et les plus durables au monde. Ce bois subtropical est reconnu pour son exceptionnelle r\u00e9sistance, sa stabilit\u00e9 et sa capacit\u00e9 unique \u00e0 r\u00e9sister aux intemp\u00e9ries, aux insectes et \u00e0 la pourriture, m\u00eame sans traitement.<\/p>\n<p>Sa r\u00e9sistance naturelle est due \u00e0 la forte concentration d&#039;huiles naturelles et de silice dans le bois. C&#039;est ce qui en a fait un mat\u00e9riau de choix, notamment pour la construction navale, depuis des si\u00e8cles. Le teck pr\u00e9sente une belle couleur brun dor\u00e9 chaude \u00e0 l&#039;\u00e9tat neuf. S&#039;il est laiss\u00e9 \u00e0 l&#039;ext\u00e9rieur sans traitement, il d\u00e9veloppera avec le temps une teinte gris argent\u00e9 caract\u00e9ristique, souvent tr\u00e8s recherch\u00e9e.<\/p>\n<\/div><\/section><br \/>\n<div  class='avia-button-wrap av-n5vt6-1c884a46f8871a9f0d46365ae8f921d4-wrap avia-button-left  avia-builder-el-3  el_after_av_textblock  avia-builder-el-last'><a href='https:\/\/www.royalboogaerdttimber.nl\/fr\/short-contact\/'  class='avia-button av-n5vt6-1c884a46f8871a9f0d46365ae8f921d4 av-link-btn avia-icon_select-no avia-size-small avia-position-left avia-color-theme-color-subtle'   aria-label=\"Contactez moi\"><span class='avia_iconbox_title' >Contactez moi<\/span><\/a><\/div><\/p>\n<\/div><\/div>\n<style type=\"text\/css\" data-created_by=\"avia_inline_auto\" id=\"style-css-av-1pg8gui-5c6279bc231b30021afa42b2655d8bdb\">\n.flex_cell.av-1pg8gui-5c6279bc231b30021afa42b2655d8bdb{\nvertical-align:middle;\nheight:580px;\nmin-height:580px;\nbackground:url(https:\/\/www.royalboogaerdttimber.nl\/wp-content\/uploads\/2023\/07\/IMG_20230602_1228232-1030x1030.jpg) 50% 50% no-repeat scroll ;\n}\n.responsive #top #wrap_all .flex_cell.av-1pg8gui-5c6279bc231b30021afa42b2655d8bdb{\npadding:60px 60px 60px 60px !important;\n}\n<\/style>\n<div class='flex_cell av-1pg8gui-5c6279bc231b30021afa42b2655d8bdb av-gridrow-cell av_one_half no_margin  avia-builder-el-4  el_after_av_cell_one_half  avia-builder-el-last  banner-foto content-align-middle avia-full-stretch'  ><div class='flex_cell_inner'>\n<style type=\"text\/css\" data-created_by=\"avia_inline_auto\" id=\"style-css-av-1oe5kzu-dd6759c78656b1c27df84ad703aeecf7\">\n.flex_column.av-1oe5kzu-dd6759c78656b1c27df84ad703aeecf7{\nborder-width:1px;\nborder-color:#ffffff;\nborder-style:solid;\npadding:370px 30px 30px 30px;\n}\n<\/style>\n<div  class='flex_column av-1oe5kzu-dd6759c78656b1c27df84ad703aeecf7 av_one_half  avia-builder-el-5  avia-builder-el-no-sibling  first flex_column_div'     ><section  class='av_textblock_section av-1n3572i-7e67d267b7474e517013dc17387a01a5'   itemscope=\"itemscope\" itemtype=\"https:\/\/schema.org\/CreativeWork\" ><div class='avia_textblock toepassing-logo'  itemprop=\"text\" ><p><img loading=\"lazy\" decoding=\"async\" class=\"alignleft size-thumbnail wp-image-5457\" src=\"https:\/\/www.royalboogaerdttimber.nl\/wp-content\/uploads\/2023\/07\/Kroon-yellow-80x80.png\" alt=\"\" width=\"80\" height=\"80\" srcset=\"https:\/\/www.royalboogaerdttimber.nl\/wp-content\/uploads\/2023\/07\/Kroon-yellow-80x80.png 80w, https:\/\/www.royalboogaerdttimber.nl\/wp-content\/uploads\/2023\/07\/Kroon-yellow-12x12.png 12w, https:\/\/www.royalboogaerdttimber.nl\/wp-content\/uploads\/2023\/07\/Kroon-yellow-36x36.png 36w, https:\/\/www.royalboogaerdttimber.nl\/wp-content\/uploads\/2023\/07\/Kroon-yellow-180x180.png 180w, https:\/\/www.royalboogaerdttimber.nl\/wp-content\/uploads\/2023\/07\/Kroon-yellow.png 192w\" sizes=\"auto, (max-width: 80px) 100vw, 80px\" \/><\/p>\n<\/div><\/section><\/div>\n<\/div><\/div>\n<\/div>\n<div id='av_section_1'  class='avia-section av-1l0xxy2-3f751e44f9b50785cc15778c2e49d478 main_color avia-section-large avia-no-border-styling  avia-builder-el-7  el_after_av_layout_row  avia-builder-el-last  avia-bg-style-scroll container_wrap sidebar_right'  ><div class='container av-section-cont-open' ><div class='template-page content  av-content-small alpha units'><div class='post-entry post-entry-type-page post-entry-5674'><div class='entry-content-wrapper clearfix'>\n\n<style type=\"text\/css\" data-created_by=\"avia_inline_auto\" id=\"style-css-av-1j9ncmi-a243f8a087d3ad427534a4f381977cdb\">\n.flex_column.av-1j9ncmi-a243f8a087d3ad427534a4f381977cdb{\npadding:0 60px 0 0;\n}\n<\/style>\n<div  class='flex_column av-1j9ncmi-a243f8a087d3ad427534a4f381977cdb av_two_third  avia-builder-el-8  el_before_av_one_third  avia-builder-el-first  padding-blok first no_margin flex_column_div'     ><section  class='av_textblock_section av-1hk178a-dd36c4fd4e65db7416e79d7e2168793c'   itemscope=\"itemscope\" itemtype=\"https:\/\/schema.org\/CreativeWork\" ><div class='avia_textblock'  itemprop=\"text\" ><h2>Gestion durable et contr\u00f4l\u00e9e des for\u00eats<\/h2>\n<p>Le teck est un arbre originaire d&#039;Asie de l&#039;Est. Le Myanmar et la Tha\u00eflande poss\u00e8dent d&#039;importantes r\u00e9serves de bois de teck. On le trouve \u00e9galement en plantations en Am\u00e9rique centrale et en Afrique. Bien que ces arbres partagent g\u00e9n\u00e9tiquement la m\u00eame graine que leur arbre d&#039;origine, leur bois pr\u00e9sente des propri\u00e9t\u00e9s diff\u00e9rentes. La croissance est rapide pendant les 10 \u00e0 15 premi\u00e8res ann\u00e9es, ce qui explique les cernes annuels relativement larges de son c\u0153ur. Ensuite, la croissance ralentit et les cernes annuels deviennent beaucoup plus fins. Gr\u00e2ce \u00e0 une gestion foresti\u00e8re durable et contr\u00f4l\u00e9e, les arbres continuent de cro\u00eetre jusqu&#039;\u00e0 atteindre un diam\u00e8tre d&#039;environ 60 cm \u00e0 hauteur de poitrine.<\/p>\n<p>Notre gestion repose sur une foresterie durable et ma\u00eetris\u00e9e, privil\u00e9giant l&#039;exploitation s\u00e9lective. Nous r\u00e9coltons en moyenne 5 \u00e0 8 arbres matures (d&#039;environ 8 m\u00e8tres de haut) par hectare sur une p\u00e9riode d&#039;environ 30 ans. Cela laisse \u00e0 la for\u00eat restante trente ans pour se r\u00e9g\u00e9n\u00e9rer et cro\u00eetre avant d&#039;envisager une nouvelle r\u00e9colte. Ce cycle est scrupuleusement enregistr\u00e9 et document\u00e9 dans un plan de gestion foresti\u00e8re d\u00e9taill\u00e9.<\/p>\n<p>Ce sont les arbres qui poussent plus lentement pendant les 50 \u00e0 60 derni\u00e8res ann\u00e9es avant d&#039;\u00eatre abattus qui produisent le bois le plus fin. Ce bois de haute qualit\u00e9 est id\u00e9al pour la r\u00e9alisation de superbes ponts et exige un savoir-faire exceptionnel en menuiserie. L&#039;industrie des superyachts est un important consommateur de ce bois. Les exigences pour la fabrication de ces magnifiques ponts sont extr\u00eamement \u00e9lev\u00e9es.<\/p>\n<\/div><\/section><br \/>\n\n<style type=\"text\/css\" data-created_by=\"avia_inline_auto\" id=\"style-css-av-1gfhsne-a2540aba2ac16f32f05553359ca5f839\">\n#top .hr.hr-invisible.av-1gfhsne-a2540aba2ac16f32f05553359ca5f839{\nheight:50px;\n}\n<\/style>\n<div  class='hr av-1gfhsne-a2540aba2ac16f32f05553359ca5f839 hr-invisible  avia-builder-el-10  el_after_av_textblock  el_before_av_textblock'><span class='hr-inner'><span class=\"hr-inner-style\"><\/span><\/span><\/div><br \/>\n<section  class='av_textblock_section av-1f3htuy-86b2634161095569504fb4e35416ffc1'   itemscope=\"itemscope\" itemtype=\"https:\/\/schema.org\/CreativeWork\" ><div class='avia_textblock'  itemprop=\"text\" ><h2>Propri\u00e9t\u00e9s uniques<\/h2>\n<\/div><\/section><br \/>\n<div class='avia-data-table-wrap av-1c9bmqi-1d708ed2f6dd88287ed6f365060a3b7d avia_responsive_table avia-table-1'><table  class='avia-table avia-data-table avia_pricing_default  avia-builder-el-12  el_after_av_textblock  el_before_av_hr'  itemscope=\"itemscope\" itemtype=\"https:\/\/schema.org\/Table\" ><tbody><tr class=''><td class=''><strong>Nom<\/strong><\/td><td class=''>Teck<\/td><\/tr><tr class=''><td class=''><strong>Zone de croissance<\/strong><\/td><td class=''>Birmanie (Myanmar), Indon\u00e9sie (principalement cultiv\u00e9e \u00e0 Java). \u00c9galement cultiv\u00e9e en Inde, en Tha\u00eflande, au Laos, en Afrique, en Am\u00e9rique centrale et en Am\u00e9rique du Sud.<\/td><\/tr><tr class=''><td class=''><strong>nom botanique<\/strong><\/td><td class=''>Tectona grandis Lf.<\/td><\/tr><tr class=''><td class=''><strong>Classe de durabilit\u00e9<\/strong><\/td><td class=''>Bois de c\u0153ur classe 1<\/td><\/tr><tr class=''><td class=''><strong>S\u00e9ch\u00e9 artificiellement<\/strong><\/td><td class=''>oui, de 12 \u00e0 16 %<\/td><\/tr><tr class=''><td class=''><strong>Masse volumineuse<\/strong><\/td><td class=''>630-750 kg\/m3 \u00e0 une teneur en humidit\u00e9 de 12%, frais 800-900 kg\/m3.<\/td><\/tr><tr class=''><td class=''><strong>Convient \u00e0<\/strong><\/td><td class=''>Gr\u00e2ce \u00e0 sa grande durabilit\u00e9, son faible retrait et sa faible d\u00e9formation, son aspect esth\u00e9tique, ses excellentes propri\u00e9t\u00e9s de r\u00e9sistance pour un poids r\u00e9duit et sa r\u00e9sistance \u00e0 de nombreux produits chimiques, le teck se pr\u00eate \u00e0 presque tous les usages. Il est surtout utilis\u00e9 dans la construction navale et le yachting\u00a0: ponts et lambris en bois sci\u00e9 sur quartier.<\/td><\/tr><tr class=''><td class=''><strong>\u00c9diter<\/strong><\/td><td class=''>Le teck se scie et se rabote facilement. Selon sa teneur en calcaire et en gravier, les outils s&#039;\u00e9moussent plus ou moins vite.<\/td><\/tr><\/tbody><\/table><\/div><br \/>\n\n<style type=\"text\/css\" data-created_by=\"avia_inline_auto\" id=\"style-css-av-7uzg7e-085afa8b4beb3e1aa1774db33ea77730\">\n#top .hr.hr-invisible.av-7uzg7e-085afa8b4beb3e1aa1774db33ea77730{\nheight:50px;\n}\n<\/style>\n<div  class='hr av-7uzg7e-085afa8b4beb3e1aa1774db33ea77730 hr-invisible  avia-builder-el-13  el_after_av_table  el_before_av_textblock'><span class='hr-inner'><span class=\"hr-inner-style\"><\/span><\/span><\/div><br \/>\n<section  class='av_textblock_section av-5olqey-533ed96dfc1e104914e88fee9591c773'   itemscope=\"itemscope\" itemtype=\"https:\/\/schema.org\/CreativeWork\" ><div class='avia_textblock tekst-en-foto'  itemprop=\"text\" ><h2 class=\"title-2 m30\">qualit\u00e9s du bois de teck<\/h2>\n<div class=\"text-image__editor cms-output\">\n<p>La qualit\u00e9 du teck d\u00e9pend de la qualit\u00e9 du tronc et des proportions de l&#039;arbre. Seule une infime partie du bois est d&#039;une qualit\u00e9 exceptionnelle. C&#039;est pourquoi il existe une diff\u00e9rence de prix significative entre la qualit\u00e9 standard FEQ et les lames Superdecks. Compte tenu des exigences \u00e9lev\u00e9es, il arrive que l&#039;on ne puisse scier que quelques lames de terrasse de haute qualit\u00e9 \u00e0 partir d&#039;un seul tronc. La longueur et la perfection du bois influent \u00e9galement de mani\u00e8re significative sur le prix.<\/p>\n<p>La production normale comprend le sciage \u00e0 plat (cercles de croissance couch\u00e9s), le sciage en demi-quart (cercles de croissance \u00e0 un angle d&#039;environ 45 degr\u00e9s) et le sciage en quartier (cercles de croissance debout).<\/p>\n<p>Le Superdeck et le Cap Rail (le rambarde du pavois) sont g\u00e9n\u00e9ralement fabriqu\u00e9s \u00e0 partir de pi\u00e8ces de bois sci\u00e9es sur quartier. Cela repr\u00e9sente souvent une tr\u00e8s petite partie de la production totale, d&#039;o\u00f9 un prix relativement \u00e9lev\u00e9. Les sections de pont mesuraient autrefois 4 ou 5 m\u00e8tres de long, mais c&#039;est d\u00e9sormais quasiment impossible en raison de la raret\u00e9 des grumes anciennes.<\/p>\n<p>La production au Myanmar \u00e9tant \u00e0 l&#039;arr\u00eat suite au coup d&#039;\u00c9tat, les ponts en bois massif de haute qualit\u00e9 sont actuellement quasiment introuvables. Par cons\u00e9quent, l&#039;industrie de la construction navale a d\u00fb faire des concessions ces derni\u00e8res ann\u00e9es sur les dimensions et la qualit\u00e9. En effet, le teck tha\u00eflandais ne propose plus les dimensions (\u00e9paisseur, largeur et longueur importantes) auxquelles nous \u00e9tions habitu\u00e9s. Il nous a donc fallu trouver une solution pour continuer \u00e0 r\u00e9pondre aux exigences des clients en mati\u00e8re de yachts de plus grande taille.<\/p>\n<p>Royal Boogaerdt Timber a donc d\u00e9velopp\u00e9 un nouveau produit en teck lamell\u00e9-coll\u00e9.<\/p>\n<\/div>\n<\/div><\/section><br \/>\n<div  class='avia-buttonrow-wrap av-mholljvf-8f1656acb12ebca893f59fb303528544 avia-buttonrow-left  avia-builder-el-15  el_after_av_textblock  avia-builder-el-last'>\n\n<style type=\"text\/css\" data-created_by=\"avia_inline_auto\" id=\"style-css-av-mhollg92-a42eb7cc045b805f2a53e4b245bc625a\">\n#top #wrap_all .avia-button.av-mhollg92-a42eb7cc045b805f2a53e4b245bc625a{\nmargin-bottom:5px;\nmargin-right:5px;\n}\n<\/style>\n<a href='https:\/\/www.royalboogaerdttimber.nl\/fr\/product\/gelamineerd-teak\/'  class='avia-button av-mhollg92-a42eb7cc045b805f2a53e4b245bc625a avia-icon_select-no avia-size-small avia-color-theme-color'   aria-label=\"Voir le teck stratifi\u00e9\"><span class='avia_iconbox_title' >Voir le teck stratifi\u00e9<\/span><\/a>\n<\/div><\/p><\/div><div  class='flex_column av-4tneoa-8a4a80abf916b41ab1eb5d953b253381 av_one_third  avia-builder-el-16  el_after_av_two_third  avia-builder-el-last  no_margin flex_column_div'     ><div  class='avia-builder-widget-area clearfix  avia-builder-el-17  avia-builder-el-no-sibling'><section id=\"avia_auto_toc-2\" class=\"widget clearfix avia-widget-container avia_auto_toc avia_no_block_preview\"><div class=\"avia-preview-headline\">Enfold Child Table des contenus<\/div><div class=\"avia-preview-info\">Titre : Contenu de la page<\/div><div class=\"avia-preview-in-front\">Le tableau n\u2019est pas la bonne affiche au moment de sa publication.<\/div><span class=\"seperator extralight-border\"><\/span><\/section><section id=\"text-7\" class=\"widget clearfix widget_text\"><h3 class=\"widgettitle\">Plus d&#039;information<\/h3>\t\t\t<div class=\"textwidget\"><ul>\n<li style=\"list-style-type: none\">\n<ul>\n<li><a href=\"https:\/\/www.royalboogaerdttimber.nl\/fr\/a-propos-de-nous\/telechargements\/\">T\u00e9l\u00e9chargements<\/a><\/li>\n<li><a href=\"https:\/\/www.royalboogaerdttimber.nl\/fr\/a-propos-de-nous\/durabilite\/\">Durabilit\u00e9<\/a><\/li>\n<\/ul>\n<\/li>\n<\/ul>\n\n<\/div>\n\t\t<span class=\"seperator extralight-border\"><\/span><\/section><section id=\"custom_html-2\" class=\"widget_text widget clearfix widget_custom_html\"><h3 class=\"widgettitle\">Pose ta question<\/h3><div class=\"textwidget custom-html-widget\">\n<\/div><span class=\"seperator extralight-border\"><\/span><\/section><section id=\"text-2\" class=\"widget clearfix widget_text\">\t\t\t<div class=\"textwidget\"><\/div>\n\t\t<span class=\"seperator extralight-border\"><\/span><\/section><\/div><\/div><\/div><\/div><\/div><!-- close content main div --><\/div><\/div><div id='after_section_1'  class='main_color av_default_container_wrap container_wrap sidebar_right'  ><div class='container av-section-cont-open' ><div class='template-page content  av-content-small alpha units'><div class='post-entry post-entry-type-page post-entry-5674'><div class='entry-content-wrapper clearfix'>","protected":false},"featured_media":5517,"template":"","class_list":["post-5674","product","type-product","status-publish","has-post-thumbnail","hentry"],"acf":[],"yoast_head":"<!-- This site is optimized with the Yoast SEO plugin v27.3 - https:\/\/yoast.com\/product\/yoast-seo-wordpress\/ -->\n<title>Teak Hout - Royal Boogaerdt Timber<\/title>\n<meta name=\"description\" content=\"Afzelia heeft uitstekende eigenschappen duurzaamheid, sterkte en uiterlijk. En geschikt voor onder andere gevelbekleding en kozijnhout.\" \/>\n<meta name=\"robots\" content=\"index, follow, max-snippet:-1, max-image-preview:large, max-video-preview:-1\" \/>\n<link rel=\"canonical\" href=\"https:\/\/www.royalboogaerdttimber.nl\/fr\/produit-2\/bois-de-teck\/\" \/>\n<meta property=\"og:locale\" content=\"fr_FR\" \/>\n<meta property=\"og:type\" content=\"article\" \/>\n<meta property=\"og:title\" content=\"Teak Hout - Royal Boogaerdt Timber\" \/>\n<meta property=\"og:description\" content=\"Afzelia heeft uitstekende eigenschappen duurzaamheid, sterkte en uiterlijk. En geschikt voor onder andere gevelbekleding en kozijnhout.\" \/>\n<meta property=\"og:url\" content=\"https:\/\/www.royalboogaerdttimber.nl\/fr\/produit-2\/bois-de-teck\/\" \/>\n<meta property=\"og:site_name\" content=\"Royal Boogaerdt Timber\" \/>\n<meta property=\"article:modified_time\" content=\"2025-11-11T14:27:27+00:00\" \/>\n<meta property=\"og:image\" content=\"https:\/\/www.royalboogaerdttimber.nl\/wp-content\/uploads\/2025\/10\/IMG_20230602_1228232-scaled-e1760517864871.jpg\" \/>\n\t<meta property=\"og:image:width\" content=\"2560\" \/>\n\t<meta property=\"og:image:height\" content=\"2210\" \/>\n\t<meta property=\"og:image:type\" content=\"image\/jpeg\" \/>\n<meta name=\"twitter:label1\" content=\"Dur\u00e9e de lecture estim\u00e9e\" \/>\n\t<meta name=\"twitter:data1\" content=\"4 minutes\" \/>\n<script type=\"application\/ld+json\" class=\"yoast-schema-graph\">{\"@context\":\"https:\\\/\\\/schema.org\",\"@graph\":[{\"@type\":\"WebPage\",\"@id\":\"https:\\\/\\\/www.royalboogaerdttimber.nl\\\/product\\\/teak-hout\\\/\",\"url\":\"https:\\\/\\\/www.royalboogaerdttimber.nl\\\/product\\\/teak-hout\\\/\",\"name\":\"Teak Hout - Royal Boogaerdt Timber\",\"isPartOf\":{\"@id\":\"https:\\\/\\\/www.royalboogaerdttimber.nl\\\/#website\"},\"primaryImageOfPage\":{\"@id\":\"https:\\\/\\\/www.royalboogaerdttimber.nl\\\/product\\\/teak-hout\\\/#primaryimage\"},\"image\":{\"@id\":\"https:\\\/\\\/www.royalboogaerdttimber.nl\\\/product\\\/teak-hout\\\/#primaryimage\"},\"thumbnailUrl\":\"https:\\\/\\\/www.royalboogaerdttimber.nl\\\/wp-content\\\/uploads\\\/2025\\\/10\\\/IMG_20230602_1228232-scaled-e1760517864871.jpg\",\"datePublished\":\"2025-11-03T15:19:38+00:00\",\"dateModified\":\"2025-11-11T14:27:27+00:00\",\"description\":\"Afzelia heeft uitstekende eigenschappen duurzaamheid, sterkte en uiterlijk. En geschikt voor onder andere gevelbekleding en kozijnhout.\",\"breadcrumb\":{\"@id\":\"https:\\\/\\\/www.royalboogaerdttimber.nl\\\/product\\\/teak-hout\\\/#breadcrumb\"},\"inLanguage\":\"fr-FR\",\"potentialAction\":[{\"@type\":\"ReadAction\",\"target\":[\"https:\\\/\\\/www.royalboogaerdttimber.nl\\\/product\\\/teak-hout\\\/\"]}]},{\"@type\":\"ImageObject\",\"inLanguage\":\"fr-FR\",\"@id\":\"https:\\\/\\\/www.royalboogaerdttimber.nl\\\/product\\\/teak-hout\\\/#primaryimage\",\"url\":\"https:\\\/\\\/www.royalboogaerdttimber.nl\\\/wp-content\\\/uploads\\\/2025\\\/10\\\/IMG_20230602_1228232-scaled-e1760517864871.jpg\",\"contentUrl\":\"https:\\\/\\\/www.royalboogaerdttimber.nl\\\/wp-content\\\/uploads\\\/2025\\\/10\\\/IMG_20230602_1228232-scaled-e1760517864871.jpg\",\"width\":2560,\"height\":2210},{\"@type\":\"BreadcrumbList\",\"@id\":\"https:\\\/\\\/www.royalboogaerdttimber.nl\\\/product\\\/teak-hout\\\/#breadcrumb\",\"itemListElement\":[{\"@type\":\"ListItem\",\"position\":1,\"name\":\"Home\",\"item\":\"https:\\\/\\\/www.royalboogaerdttimber.nl\\\/home-2\\\/\"},{\"@type\":\"ListItem\",\"position\":2,\"name\":\"Teak Hout\"}]},{\"@type\":\"WebSite\",\"@id\":\"https:\\\/\\\/www.royalboogaerdttimber.nl\\\/#website\",\"url\":\"https:\\\/\\\/www.royalboogaerdttimber.nl\\\/\",\"name\":\"Royal Boogaerdt Timber\",\"description\":\"Koninklijke houthandel Boogaerdt B.V.\",\"publisher\":{\"@id\":\"https:\\\/\\\/www.royalboogaerdttimber.nl\\\/#organization\"},\"potentialAction\":[{\"@type\":\"SearchAction\",\"target\":{\"@type\":\"EntryPoint\",\"urlTemplate\":\"https:\\\/\\\/www.royalboogaerdttimber.nl\\\/?s={search_term_string}\"},\"query-input\":{\"@type\":\"PropertyValueSpecification\",\"valueRequired\":true,\"valueName\":\"search_term_string\"}}],\"inLanguage\":\"fr-FR\"},{\"@type\":\"Organization\",\"@id\":\"https:\\\/\\\/www.royalboogaerdttimber.nl\\\/#organization\",\"name\":\"Royal Boogaerdt Timber\",\"url\":\"https:\\\/\\\/www.royalboogaerdttimber.nl\\\/\",\"logo\":{\"@type\":\"ImageObject\",\"inLanguage\":\"fr-FR\",\"@id\":\"https:\\\/\\\/www.royalboogaerdttimber.nl\\\/#\\\/schema\\\/logo\\\/image\\\/\",\"url\":\"https:\\\/\\\/www.royalboogaerdttimber.nl\\\/wp-content\\\/uploads\\\/2025\\\/10\\\/logo.png\",\"contentUrl\":\"https:\\\/\\\/www.royalboogaerdttimber.nl\\\/wp-content\\\/uploads\\\/2025\\\/10\\\/logo.png\",\"width\":471,\"height\":200,\"caption\":\"Royal Boogaerdt Timber\"},\"image\":{\"@id\":\"https:\\\/\\\/www.royalboogaerdttimber.nl\\\/#\\\/schema\\\/logo\\\/image\\\/\"}}]}<\/script>\n<!-- \/ Yoast SEO plugin. -->","yoast_head_json":{"title":"Bois de teck - Royal Boogaerdt Timber","description":"Afzelia poss\u00e8de d&#039;excellentes propri\u00e9t\u00e9s de durabilit\u00e9, de r\u00e9sistance et d&#039;apparence. Et convient entre autres pour les rev\u00eatements de fa\u00e7ades et les charpentes en bois.","robots":{"index":"index","follow":"follow","max-snippet":"max-snippet:-1","max-image-preview":"max-image-preview:large","max-video-preview":"max-video-preview:-1"},"canonical":"https:\/\/www.royalboogaerdttimber.nl\/fr\/produit-2\/bois-de-teck\/","og_locale":"fr_FR","og_type":"article","og_title":"Teak Hout - Royal Boogaerdt Timber","og_description":"Afzelia heeft uitstekende eigenschappen duurzaamheid, sterkte en uiterlijk. En geschikt voor onder andere gevelbekleding en kozijnhout.","og_url":"https:\/\/www.royalboogaerdttimber.nl\/fr\/produit-2\/bois-de-teck\/","og_site_name":"Royal Boogaerdt Timber","article_modified_time":"2025-11-11T14:27:27+00:00","og_image":[{"width":2560,"height":2210,"url":"https:\/\/www.royalboogaerdttimber.nl\/wp-content\/uploads\/2025\/10\/IMG_20230602_1228232-scaled-e1760517864871.jpg","type":"image\/jpeg"}],"twitter_misc":{"Dur\u00e9e de lecture estim\u00e9e":"4 minutes"},"schema":{"@context":"https:\/\/schema.org","@graph":[{"@type":"WebPage","@id":"https:\/\/www.royalboogaerdttimber.nl\/product\/teak-hout\/","url":"https:\/\/www.royalboogaerdttimber.nl\/product\/teak-hout\/","name":"Bois de teck - Royal Boogaerdt Timber","isPartOf":{"@id":"https:\/\/www.royalboogaerdttimber.nl\/#website"},"primaryImageOfPage":{"@id":"https:\/\/www.royalboogaerdttimber.nl\/product\/teak-hout\/#primaryimage"},"image":{"@id":"https:\/\/www.royalboogaerdttimber.nl\/product\/teak-hout\/#primaryimage"},"thumbnailUrl":"https:\/\/www.royalboogaerdttimber.nl\/wp-content\/uploads\/2025\/10\/IMG_20230602_1228232-scaled-e1760517864871.jpg","datePublished":"2025-11-03T15:19:38+00:00","dateModified":"2025-11-11T14:27:27+00:00","description":"Afzelia poss\u00e8de d&#039;excellentes propri\u00e9t\u00e9s de durabilit\u00e9, de r\u00e9sistance et d&#039;apparence. Et convient entre autres pour les rev\u00eatements de fa\u00e7ades et les charpentes en bois.","breadcrumb":{"@id":"https:\/\/www.royalboogaerdttimber.nl\/product\/teak-hout\/#breadcrumb"},"inLanguage":"fr-FR","potentialAction":[{"@type":"ReadAction","target":["https:\/\/www.royalboogaerdttimber.nl\/product\/teak-hout\/"]}]},{"@type":"ImageObject","inLanguage":"fr-FR","@id":"https:\/\/www.royalboogaerdttimber.nl\/product\/teak-hout\/#primaryimage","url":"https:\/\/www.royalboogaerdttimber.nl\/wp-content\/uploads\/2025\/10\/IMG_20230602_1228232-scaled-e1760517864871.jpg","contentUrl":"https:\/\/www.royalboogaerdttimber.nl\/wp-content\/uploads\/2025\/10\/IMG_20230602_1228232-scaled-e1760517864871.jpg","width":2560,"height":2210},{"@type":"BreadcrumbList","@id":"https:\/\/www.royalboogaerdttimber.nl\/product\/teak-hout\/#breadcrumb","itemListElement":[{"@type":"ListItem","position":1,"name":"Home","item":"https:\/\/www.royalboogaerdttimber.nl\/home-2\/"},{"@type":"ListItem","position":2,"name":"Teak Hout"}]},{"@type":"WebSite","@id":"https:\/\/www.royalboogaerdttimber.nl\/#website","url":"https:\/\/www.royalboogaerdttimber.nl\/","name":"Bois Royal Boogaerdt","description":"Entreprises commerciales Boogaerdt BV","publisher":{"@id":"https:\/\/www.royalboogaerdttimber.nl\/#organization"},"potentialAction":[{"@type":"SearchAction","target":{"@type":"EntryPoint","urlTemplate":"https:\/\/www.royalboogaerdttimber.nl\/?s={search_term_string}"},"query-input":{"@type":"PropertyValueSpecification","valueRequired":true,"valueName":"search_term_string"}}],"inLanguage":"fr-FR"},{"@type":"Organization","@id":"https:\/\/www.royalboogaerdttimber.nl\/#organization","name":"Bois Royal Boogaerdt","url":"https:\/\/www.royalboogaerdttimber.nl\/","logo":{"@type":"ImageObject","inLanguage":"fr-FR","@id":"https:\/\/www.royalboogaerdttimber.nl\/#\/schema\/logo\/image\/","url":"https:\/\/www.royalboogaerdttimber.nl\/wp-content\/uploads\/2025\/10\/logo.png","contentUrl":"https:\/\/www.royalboogaerdttimber.nl\/wp-content\/uploads\/2025\/10\/logo.png","width":471,"height":200,"caption":"Royal Boogaerdt Timber"},"image":{"@id":"https:\/\/www.royalboogaerdttimber.nl\/#\/schema\/logo\/image\/"}}]}},"_links":{"self":[{"href":"https:\/\/www.royalboogaerdttimber.nl\/fr\/wp-json\/wp\/v2\/product\/5674","targetHints":{"allow":["GET"]}}],"collection":[{"href":"https:\/\/www.royalboogaerdttimber.nl\/fr\/wp-json\/wp\/v2\/product"}],"about":[{"href":"https:\/\/www.royalboogaerdttimber.nl\/fr\/wp-json\/wp\/v2\/types\/product"}],"wp:featuredmedia":[{"embeddable":true,"href":"https:\/\/www.royalboogaerdttimber.nl\/fr\/wp-json\/wp\/v2\/media\/5517"}],"wp:attachment":[{"href":"https:\/\/www.royalboogaerdttimber.nl\/fr\/wp-json\/wp\/v2\/media?parent=5674"}],"curies":[{"name":"wp","href":"https:\/\/api.w.org\/{rel}","templated":true}]}}