{"id":5675,"date":"2025-11-03T16:20:13","date_gmt":"2025-11-03T15:20:13","guid":{"rendered":"https:\/\/boogaerdttimber.bonsaidev.nl\/?post_type=product&#038;p=5675"},"modified":"2025-11-10T12:45:42","modified_gmt":"2025-11-10T11:45:42","slug":"troncs-en-teck","status":"publish","type":"product","link":"https:\/\/www.royalboogaerdttimber.nl\/fr\/product\/teak-stammen\/","title":{"rendered":"Malles en teck"},"content":{"rendered":"<div id='av-layout-grid-1'  class='av-layout-grid-container av-av_layout_row-8eba04f1498108abebd7e8047583e48a entry-content-wrapper main_color av-flex-cells  avia-builder-el-0  el_before_av_section  avia-builder-el-first   container_wrap sidebar_right'  >\n\n<style type=\"text\/css\" data-created_by=\"avia_inline_auto\" id=\"style-css-av-av_cell_one_half-f0de569ab443af4f63600a78cef36f55\">\n.flex_cell.av-av_cell_one_half-f0de569ab443af4f63600a78cef36f55{\nvertical-align:middle;\nheight:580px;\nmin-height:580px;\nbackground-color:#0d3453;\n}\n.responsive #top #wrap_all .flex_cell.av-av_cell_one_half-f0de569ab443af4f63600a78cef36f55{\npadding:2% 2% 2% 2% !important;\n}\n\n@media only screen and (min-width: 480px) and (max-width: 767px){ \n.responsive #top #wrap_all .flex_cell.av-av_cell_one_half-f0de569ab443af4f63600a78cef36f55{\npadding:40px 40px 40px 40px !important;\n}\n}\n\n@media only screen and (max-width: 479px){ \n.responsive #top #wrap_all .flex_cell.av-av_cell_one_half-f0de569ab443af4f63600a78cef36f55{\npadding:40px 40px 40px 40px !important;\n}\n}\n<\/style>\n<div class='flex_cell av-av_cell_one_half-f0de569ab443af4f63600a78cef36f55 av-gridrow-cell av_one_half no_margin  avia-builder-el-1  el_before_av_cell_one_half  avia-builder-el-first  banner-tekst content-align-middle'  ><div class='flex_cell_inner'>\n<style type=\"text\/css\" data-created_by=\"avia_inline_auto\" id=\"style-css-av-av_textblock-6d7e26f2ca2617d8bf8540bec9a5fd5b\">\n#top .av_textblock_section.av-av_textblock-6d7e26f2ca2617d8bf8540bec9a5fd5b .avia_textblock{\nfont-size:22px;\ncolor:#ffffff;\n}\n<\/style>\n<section  class='av_textblock_section av-av_textblock-6d7e26f2ca2617d8bf8540bec9a5fd5b'   itemscope=\"itemscope\" itemtype=\"https:\/\/schema.org\/CreativeWork\" ><div class='avia_textblock av_inherit_color'  itemprop=\"text\" ><h1 class=\"title-1 m30\">rondins de teck sci\u00e9s<\/h1>\n<p>Les grumes de teck sci\u00e9es constituent la base de produits en bois haut de gamme d&#039;une qualit\u00e9 in\u00e9gal\u00e9e. Leur grain fin, leurs huiles naturelles et leur remarquable durabilit\u00e9 en font un mat\u00e9riau id\u00e9al pour de nombreuses applications, de la fabrication de meubles \u00e0 la construction navale. Un sciage et un s\u00e9chage soign\u00e9s pr\u00e9servent la stabilit\u00e9 et le caract\u00e8re du bois, pour un produit final d&#039;une qualit\u00e9 fonctionnelle et esth\u00e9tique exceptionnelle.<\/p>\n<\/div><\/section>\n<\/div><\/div>\n<style type=\"text\/css\" data-created_by=\"avia_inline_auto\" id=\"style-css-av-av_cell_one_half-ce345089944af49a06ad0f0de6c46cd2\">\n.flex_cell.av-av_cell_one_half-ce345089944af49a06ad0f0de6c46cd2{\nvertical-align:middle;\nheight:580px;\nmin-height:580px;\nbackground:url(https:\/\/www.royalboogaerdttimber.nl\/wp-content\/uploads\/2025\/10\/IMG_0029-1030x773.jpg) 50% 50% no-repeat scroll ;\n}\n.responsive #top #wrap_all .flex_cell.av-av_cell_one_half-ce345089944af49a06ad0f0de6c46cd2{\npadding:60px 60px 60px 60px !important;\n}\n<\/style>\n<div class='flex_cell av-av_cell_one_half-ce345089944af49a06ad0f0de6c46cd2 av-gridrow-cell av_one_half no_margin  avia-builder-el-3  el_after_av_cell_one_half  avia-builder-el-last  banner-foto content-align-middle avia-full-stretch'  ><div class='flex_cell_inner'>\n<style type=\"text\/css\" data-created_by=\"avia_inline_auto\" id=\"style-css-av-av_one_half-64cecca8aa01b35e09e8610e95113e86\">\n.flex_column.av-av_one_half-64cecca8aa01b35e09e8610e95113e86{\nborder-width:1px;\nborder-color:#ffffff;\nborder-style:solid;\npadding:370px 30px 30px 30px;\n}\n<\/style>\n<div  class='flex_column av-av_one_half-64cecca8aa01b35e09e8610e95113e86 av_one_half  avia-builder-el-4  avia-builder-el-no-sibling  first flex_column_div'     ><section  class='av_textblock_section av-av_textblock-cc847ff6d9c26f8c98dbc69bfa6573d1'   itemscope=\"itemscope\" itemtype=\"https:\/\/schema.org\/CreativeWork\" ><div class='avia_textblock toepassing-logo'  itemprop=\"text\" ><p><img loading=\"lazy\" decoding=\"async\" class=\"alignleft wp-image-5174 size-thumbnail\" src=\"https:\/\/www.royalboogaerdttimber.nl\/wp-content\/uploads\/2025\/10\/favicon-1-80x80.png\" alt=\"\" width=\"80\" height=\"80\" srcset=\"https:\/\/www.royalboogaerdttimber.nl\/wp-content\/uploads\/2025\/10\/favicon-1-80x80.png 80w, https:\/\/www.royalboogaerdttimber.nl\/wp-content\/uploads\/2025\/10\/favicon-1-300x300.png 300w, https:\/\/www.royalboogaerdttimber.nl\/wp-content\/uploads\/2025\/10\/favicon-1-12x12.png 12w, https:\/\/www.royalboogaerdttimber.nl\/wp-content\/uploads\/2025\/10\/favicon-1-36x36.png 36w, https:\/\/www.royalboogaerdttimber.nl\/wp-content\/uploads\/2025\/10\/favicon-1-180x180.png 180w, https:\/\/www.royalboogaerdttimber.nl\/wp-content\/uploads\/2025\/10\/favicon-1.png 512w\" sizes=\"auto, (max-width: 80px) 100vw, 80px\" \/><\/p>\n<\/div><\/section><\/div>\n<\/div><\/div>\n<\/div>\n<div id='av_section_1'  class='avia-section av-av_section-05206848b078a6f0d4e991b4f556c241 main_color avia-section-large avia-no-border-styling  avia-builder-el-6  el_after_av_layout_row  avia-builder-el-last  avia-bg-style-scroll container_wrap sidebar_right'  ><div class='container av-section-cont-open' ><div class='template-page content  av-content-small alpha units'><div class='post-entry post-entry-type-page post-entry-5675'><div class='entry-content-wrapper clearfix'>\n\n<style type=\"text\/css\" data-created_by=\"avia_inline_auto\" id=\"style-css-av-av_two_third-be1d7b55ec433ff0d8d2d494b2824c06\">\n.flex_column.av-av_two_third-be1d7b55ec433ff0d8d2d494b2824c06{\npadding:0 60px 0 0;\n}\n<\/style>\n<div  class='flex_column av-av_two_third-be1d7b55ec433ff0d8d2d494b2824c06 av_two_third  avia-builder-el-7  el_before_av_one_third  avia-builder-el-first  padding-blok first no_margin flex_column_div'     ><section  class='av_textblock_section av-av_textblock-f6ed995148d66d2b0d9459d89382b545'   itemscope=\"itemscope\" itemtype=\"https:\/\/schema.org\/CreativeWork\" ><div class='avia_textblock'  itemprop=\"text\" ><h2 class=\"title-2 m30\">Disponibilit\u00e9<\/h2>\n<div class=\"text-image__editor cms-output\">\n<p>En plus du bois sci\u00e9 et des terrasses stratifi\u00e9es de qualit\u00e9 sup\u00e9rieure, nous pouvons \u00e9galement fournir de magnifiques grumes de teck.<\/p>\n<p>Dans notre inventaire, nous avons sci\u00e9 des troncs d&#039;arbres pour en faire :<\/p>\n<p><strong>Tribus<\/strong><br \/>\n<strong>\u00c9paisseur<\/strong>: 26, 34, 40 et 52 mm<br \/>\n<strong>Longueurs<\/strong>: 270 \u00e0 400 cm<\/p>\n<\/div>\n<\/div><\/section><\/div><div  class='flex_column av-av_one_third-f1c518e9ff58e869f80c8f093487abc9 av_one_third  avia-builder-el-9  el_after_av_two_third  avia-builder-el-last  no_margin flex_column_div'     ><div  class='avia-builder-widget-area clearfix  avia-builder-el-10  avia-builder-el-no-sibling'><section id=\"avia_auto_toc-2\" class=\"widget clearfix avia-widget-container avia_auto_toc avia_no_block_preview\"><div class=\"avia-preview-headline\">Enfold Child Table des contenus<\/div><div class=\"avia-preview-info\">Titre : Contenu de la page<\/div><div class=\"avia-preview-in-front\">Le tableau n\u2019est pas la bonne affiche au moment de sa publication.<\/div><span class=\"seperator extralight-border\"><\/span><\/section><section id=\"text-7\" class=\"widget clearfix widget_text\"><h3 class=\"widgettitle\">Plus d&#039;information<\/h3>\t\t\t<div class=\"textwidget\"><ul>\n<li style=\"list-style-type: none\">\n<ul>\n<li><a href=\"https:\/\/www.royalboogaerdttimber.nl\/fr\/a-propos-de-nous\/telechargements\/\">T\u00e9l\u00e9chargements<\/a><\/li>\n<li><a href=\"https:\/\/www.royalboogaerdttimber.nl\/fr\/a-propos-de-nous\/durabilite\/\">Durabilit\u00e9<\/a><\/li>\n<\/ul>\n<\/li>\n<\/ul>\n\n<\/div>\n\t\t<span class=\"seperator extralight-border\"><\/span><\/section><section id=\"custom_html-2\" class=\"widget_text widget clearfix widget_custom_html\"><h3 class=\"widgettitle\">Pose ta question<\/h3><div class=\"textwidget custom-html-widget\">\n<\/div><span class=\"seperator extralight-border\"><\/span><\/section><section id=\"text-2\" class=\"widget clearfix widget_text\">\t\t\t<div class=\"textwidget\"><\/div>\n\t\t<span class=\"seperator extralight-border\"><\/span><\/section><\/div><\/div>\n<\/div><\/div><\/div><!-- close content main div --><\/div><\/div><div id='after_section_1'  class='main_color av_default_container_wrap container_wrap sidebar_right'  ><div class='container av-section-cont-open' ><div class='template-page content  av-content-small alpha units'><div class='post-entry post-entry-type-page post-entry-5675'><div class='entry-content-wrapper clearfix'>","protected":false},"featured_media":5518,"template":"","class_list":["post-5675","product","type-product","status-publish","has-post-thumbnail","hentry"],"acf":[],"yoast_head":"<!-- This site is optimized with the Yoast SEO plugin v27.3 - https:\/\/yoast.com\/product\/yoast-seo-wordpress\/ -->\n<title>Teak stammen - Royal Boogaerdt Timber<\/title>\n<meta name=\"robots\" content=\"index, follow, max-snippet:-1, max-image-preview:large, max-video-preview:-1\" \/>\n<link rel=\"canonical\" href=\"https:\/\/www.royalboogaerdttimber.nl\/fr\/produit-2\/troncs-en-teck\/\" \/>\n<meta property=\"og:locale\" content=\"fr_FR\" \/>\n<meta property=\"og:type\" content=\"article\" \/>\n<meta property=\"og:title\" content=\"Teak stammen - Royal Boogaerdt Timber\" \/>\n<meta property=\"og:url\" content=\"https:\/\/www.royalboogaerdttimber.nl\/fr\/produit-2\/troncs-en-teck\/\" \/>\n<meta property=\"og:site_name\" content=\"Royal Boogaerdt Timber\" \/>\n<meta property=\"article:modified_time\" content=\"2025-11-10T11:45:42+00:00\" \/>\n<meta property=\"og:image\" content=\"https:\/\/www.royalboogaerdttimber.nl\/wp-content\/uploads\/2025\/10\/teakstammengez20240416_145056-scaled-e1760518010310.jpg\" \/>\n\t<meta property=\"og:image:width\" content=\"1587\" \/>\n\t<meta property=\"og:image:height\" content=\"1374\" \/>\n\t<meta property=\"og:image:type\" content=\"image\/jpeg\" \/>\n<meta name=\"twitter:label1\" content=\"Dur\u00e9e de lecture estim\u00e9e\" \/>\n\t<meta name=\"twitter:data1\" content=\"1 minute\" \/>\n<script type=\"application\/ld+json\" class=\"yoast-schema-graph\">{\"@context\":\"https:\\\/\\\/schema.org\",\"@graph\":[{\"@type\":\"WebPage\",\"@id\":\"https:\\\/\\\/www.royalboogaerdttimber.nl\\\/product\\\/teak-stammen\\\/\",\"url\":\"https:\\\/\\\/www.royalboogaerdttimber.nl\\\/product\\\/teak-stammen\\\/\",\"name\":\"Teak stammen - Royal Boogaerdt Timber\",\"isPartOf\":{\"@id\":\"https:\\\/\\\/www.royalboogaerdttimber.nl\\\/#website\"},\"primaryImageOfPage\":{\"@id\":\"https:\\\/\\\/www.royalboogaerdttimber.nl\\\/product\\\/teak-stammen\\\/#primaryimage\"},\"image\":{\"@id\":\"https:\\\/\\\/www.royalboogaerdttimber.nl\\\/product\\\/teak-stammen\\\/#primaryimage\"},\"thumbnailUrl\":\"https:\\\/\\\/www.royalboogaerdttimber.nl\\\/wp-content\\\/uploads\\\/2025\\\/10\\\/teakstammengez20240416_145056-scaled-e1760518010310.jpg\",\"datePublished\":\"2025-11-03T15:20:13+00:00\",\"dateModified\":\"2025-11-10T11:45:42+00:00\",\"breadcrumb\":{\"@id\":\"https:\\\/\\\/www.royalboogaerdttimber.nl\\\/product\\\/teak-stammen\\\/#breadcrumb\"},\"inLanguage\":\"fr-FR\",\"potentialAction\":[{\"@type\":\"ReadAction\",\"target\":[\"https:\\\/\\\/www.royalboogaerdttimber.nl\\\/product\\\/teak-stammen\\\/\"]}]},{\"@type\":\"ImageObject\",\"inLanguage\":\"fr-FR\",\"@id\":\"https:\\\/\\\/www.royalboogaerdttimber.nl\\\/product\\\/teak-stammen\\\/#primaryimage\",\"url\":\"https:\\\/\\\/www.royalboogaerdttimber.nl\\\/wp-content\\\/uploads\\\/2025\\\/10\\\/teakstammengez20240416_145056-scaled-e1760518010310.jpg\",\"contentUrl\":\"https:\\\/\\\/www.royalboogaerdttimber.nl\\\/wp-content\\\/uploads\\\/2025\\\/10\\\/teakstammengez20240416_145056-scaled-e1760518010310.jpg\",\"width\":1587,\"height\":1374},{\"@type\":\"BreadcrumbList\",\"@id\":\"https:\\\/\\\/www.royalboogaerdttimber.nl\\\/product\\\/teak-stammen\\\/#breadcrumb\",\"itemListElement\":[{\"@type\":\"ListItem\",\"position\":1,\"name\":\"Home\",\"item\":\"https:\\\/\\\/www.royalboogaerdttimber.nl\\\/home-2\\\/\"},{\"@type\":\"ListItem\",\"position\":2,\"name\":\"Teak stammen\"}]},{\"@type\":\"WebSite\",\"@id\":\"https:\\\/\\\/www.royalboogaerdttimber.nl\\\/#website\",\"url\":\"https:\\\/\\\/www.royalboogaerdttimber.nl\\\/\",\"name\":\"Royal Boogaerdt Timber\",\"description\":\"Koninklijke houthandel Boogaerdt B.V.\",\"publisher\":{\"@id\":\"https:\\\/\\\/www.royalboogaerdttimber.nl\\\/#organization\"},\"potentialAction\":[{\"@type\":\"SearchAction\",\"target\":{\"@type\":\"EntryPoint\",\"urlTemplate\":\"https:\\\/\\\/www.royalboogaerdttimber.nl\\\/?s={search_term_string}\"},\"query-input\":{\"@type\":\"PropertyValueSpecification\",\"valueRequired\":true,\"valueName\":\"search_term_string\"}}],\"inLanguage\":\"fr-FR\"},{\"@type\":\"Organization\",\"@id\":\"https:\\\/\\\/www.royalboogaerdttimber.nl\\\/#organization\",\"name\":\"Royal Boogaerdt Timber\",\"url\":\"https:\\\/\\\/www.royalboogaerdttimber.nl\\\/\",\"logo\":{\"@type\":\"ImageObject\",\"inLanguage\":\"fr-FR\",\"@id\":\"https:\\\/\\\/www.royalboogaerdttimber.nl\\\/#\\\/schema\\\/logo\\\/image\\\/\",\"url\":\"https:\\\/\\\/www.royalboogaerdttimber.nl\\\/wp-content\\\/uploads\\\/2025\\\/10\\\/logo.png\",\"contentUrl\":\"https:\\\/\\\/www.royalboogaerdttimber.nl\\\/wp-content\\\/uploads\\\/2025\\\/10\\\/logo.png\",\"width\":471,\"height\":200,\"caption\":\"Royal Boogaerdt Timber\"},\"image\":{\"@id\":\"https:\\\/\\\/www.royalboogaerdttimber.nl\\\/#\\\/schema\\\/logo\\\/image\\\/\"}}]}<\/script>\n<!-- \/ Yoast SEO plugin. -->","yoast_head_json":{"title":"Troncs de teck - Royal Boogaerdt Timber","robots":{"index":"index","follow":"follow","max-snippet":"max-snippet:-1","max-image-preview":"max-image-preview:large","max-video-preview":"max-video-preview:-1"},"canonical":"https:\/\/www.royalboogaerdttimber.nl\/fr\/produit-2\/troncs-en-teck\/","og_locale":"fr_FR","og_type":"article","og_title":"Teak stammen - Royal Boogaerdt Timber","og_url":"https:\/\/www.royalboogaerdttimber.nl\/fr\/produit-2\/troncs-en-teck\/","og_site_name":"Royal Boogaerdt Timber","article_modified_time":"2025-11-10T11:45:42+00:00","og_image":[{"width":1587,"height":1374,"url":"https:\/\/www.royalboogaerdttimber.nl\/wp-content\/uploads\/2025\/10\/teakstammengez20240416_145056-scaled-e1760518010310.jpg","type":"image\/jpeg"}],"twitter_misc":{"Dur\u00e9e de lecture estim\u00e9e":"1 minute"},"schema":{"@context":"https:\/\/schema.org","@graph":[{"@type":"WebPage","@id":"https:\/\/www.royalboogaerdttimber.nl\/product\/teak-stammen\/","url":"https:\/\/www.royalboogaerdttimber.nl\/product\/teak-stammen\/","name":"Troncs de teck - Royal Boogaerdt Timber","isPartOf":{"@id":"https:\/\/www.royalboogaerdttimber.nl\/#website"},"primaryImageOfPage":{"@id":"https:\/\/www.royalboogaerdttimber.nl\/product\/teak-stammen\/#primaryimage"},"image":{"@id":"https:\/\/www.royalboogaerdttimber.nl\/product\/teak-stammen\/#primaryimage"},"thumbnailUrl":"https:\/\/www.royalboogaerdttimber.nl\/wp-content\/uploads\/2025\/10\/teakstammengez20240416_145056-scaled-e1760518010310.jpg","datePublished":"2025-11-03T15:20:13+00:00","dateModified":"2025-11-10T11:45:42+00:00","breadcrumb":{"@id":"https:\/\/www.royalboogaerdttimber.nl\/product\/teak-stammen\/#breadcrumb"},"inLanguage":"fr-FR","potentialAction":[{"@type":"ReadAction","target":["https:\/\/www.royalboogaerdttimber.nl\/product\/teak-stammen\/"]}]},{"@type":"ImageObject","inLanguage":"fr-FR","@id":"https:\/\/www.royalboogaerdttimber.nl\/product\/teak-stammen\/#primaryimage","url":"https:\/\/www.royalboogaerdttimber.nl\/wp-content\/uploads\/2025\/10\/teakstammengez20240416_145056-scaled-e1760518010310.jpg","contentUrl":"https:\/\/www.royalboogaerdttimber.nl\/wp-content\/uploads\/2025\/10\/teakstammengez20240416_145056-scaled-e1760518010310.jpg","width":1587,"height":1374},{"@type":"BreadcrumbList","@id":"https:\/\/www.royalboogaerdttimber.nl\/product\/teak-stammen\/#breadcrumb","itemListElement":[{"@type":"ListItem","position":1,"name":"Home","item":"https:\/\/www.royalboogaerdttimber.nl\/home-2\/"},{"@type":"ListItem","position":2,"name":"Teak stammen"}]},{"@type":"WebSite","@id":"https:\/\/www.royalboogaerdttimber.nl\/#website","url":"https:\/\/www.royalboogaerdttimber.nl\/","name":"Bois Royal Boogaerdt","description":"Entreprises commerciales Boogaerdt BV","publisher":{"@id":"https:\/\/www.royalboogaerdttimber.nl\/#organization"},"potentialAction":[{"@type":"SearchAction","target":{"@type":"EntryPoint","urlTemplate":"https:\/\/www.royalboogaerdttimber.nl\/?s={search_term_string}"},"query-input":{"@type":"PropertyValueSpecification","valueRequired":true,"valueName":"search_term_string"}}],"inLanguage":"fr-FR"},{"@type":"Organization","@id":"https:\/\/www.royalboogaerdttimber.nl\/#organization","name":"Bois Royal Boogaerdt","url":"https:\/\/www.royalboogaerdttimber.nl\/","logo":{"@type":"ImageObject","inLanguage":"fr-FR","@id":"https:\/\/www.royalboogaerdttimber.nl\/#\/schema\/logo\/image\/","url":"https:\/\/www.royalboogaerdttimber.nl\/wp-content\/uploads\/2025\/10\/logo.png","contentUrl":"https:\/\/www.royalboogaerdttimber.nl\/wp-content\/uploads\/2025\/10\/logo.png","width":471,"height":200,"caption":"Royal Boogaerdt Timber"},"image":{"@id":"https:\/\/www.royalboogaerdttimber.nl\/#\/schema\/logo\/image\/"}}]}},"_links":{"self":[{"href":"https:\/\/www.royalboogaerdttimber.nl\/fr\/wp-json\/wp\/v2\/product\/5675","targetHints":{"allow":["GET"]}}],"collection":[{"href":"https:\/\/www.royalboogaerdttimber.nl\/fr\/wp-json\/wp\/v2\/product"}],"about":[{"href":"https:\/\/www.royalboogaerdttimber.nl\/fr\/wp-json\/wp\/v2\/types\/product"}],"wp:featuredmedia":[{"embeddable":true,"href":"https:\/\/www.royalboogaerdttimber.nl\/fr\/wp-json\/wp\/v2\/media\/5518"}],"wp:attachment":[{"href":"https:\/\/www.royalboogaerdttimber.nl\/fr\/wp-json\/wp\/v2\/media?parent=5675"}],"curies":[{"name":"wp","href":"https:\/\/api.w.org\/{rel}","templated":true}]}}