{"id":91,"date":"2023-05-08T11:32:52","date_gmt":"2023-05-08T09:32:52","guid":{"rendered":"https:\/\/boogaerdthout.bonsaidev.nl\/?page_id=91"},"modified":"2025-11-10T12:27:26","modified_gmt":"2025-11-10T11:27:26","slug":"chi-siamo","status":"publish","type":"page","link":"https:\/\/www.royalboogaerdttimber.nl\/it\/over-ons\/","title":{"rendered":"Chi siamo"},"content":{"rendered":"<div  class='flex_column av-5hl17-f2d4889b216188880d93636851633ff0 av_two_third  avia-builder-el-0  el_before_av_one_third  avia-builder-el-first  first flex_column_div'     ><section  class='av_textblock_section av-58q7-386fea4e9850fa279941dfe7294ca881'   itemscope=\"itemscope\" itemtype=\"https:\/\/schema.org\/CreativeWork\" ><div class='avia_textblock'  itemprop=\"text\" ><h1><span style=\"color: #000000;\">Royal Boogaerdt Timber<\/span><\/h1>\n<p>Il 6 maggio 1811, durante l&#039;occupazione francese, Meindert Boogaerdt acquist\u00f2 la segheria esagonale &quot;De Karper&quot; a Krimpen aan de Lek. Molti documenti di questo periodo sono stati conservati. Nel 1845 fu costruita la nuova e pi\u00f9 grande segheria &quot;Weltevreden&quot;. Grazie alla prosperit\u00e0 dell&#039;azienda, nel 1856 fu costruita la prima segheria a vapore dei Paesi Bassi appena fuori dal villaggio. Nonostante alcuni periodi difficili, l&#039;azienda riusc\u00ec a svilupparsi fino a diventare una moderna azienda di commercio di legname, guadagnandosi un&#039;ottima reputazione come fornitore per l&#039;industria nautica e cantieristica, la carpenteria e l&#039;industria delle scale, l&#039;industria del legno tenero e i settori dell&#039;ingegneria civile, della costruzione di strade e dell&#039;ingegneria idraulica. Nel 1986, Royal Boogaerdt Timber ricevette la designazione &quot;Royal&quot;. Nello stesso giorno, una nuova segheria e una nuova piallatrice furono messe in funzione a Krimpen, ampliandone ulteriormente le capacit\u00e0. Grazie al legno, la materia prima pi\u00f9 sostenibile ed ecologica di oggi e di domani, il Gruppo Royal Boogaerdt potr\u00e0 continuare a offrire la sua competenza e la sua vasta esperienza con valore aggiunto per molti anni a venire.<\/p>\n<p>Royal Boogaerdt Timber \u00e8 certificata FSC\u00ae (FSC-C181874) dal 28 marzo 2003.<\/p>\n<\/div><\/section><\/div><div  class='flex_column av-1rsaf-810a51138aac2ca0e87828967ded179c av_one_third  avia-builder-el-2  el_after_av_two_third  avia-builder-el-last  flex_column_div'     ><div  class='avia-builder-widget-area clearfix  avia-builder-el-3  avia-builder-el-no-sibling'><section id=\"avia_auto_toc-2\" class=\"widget clearfix avia-widget-container avia_auto_toc avia_no_block_preview\"><div class=\"avia-preview-headline\">Enfold Child Tablela dei contenuti<\/div><div class=\"avia-preview-info\">Titolo: Contenuto della pagina<\/div><div class=\"avia-preview-in-front\">La tabella pu\u00f2 essere resa solo nel frontend.<\/div><span class=\"seperator extralight-border\"><\/span><\/section><section id=\"text-7\" class=\"widget clearfix widget_text\"><h3 class=\"widgettitle\">Ulteriori informazioni<\/h3>\t\t\t<div class=\"textwidget\"><ul>\n<li style=\"list-style-type: none\">\n<ul>\n<li><a href=\"https:\/\/www.royalboogaerdttimber.nl\/it\/chi-siamo\/scaricare\/\">Scaricare<\/a><\/li>\n<li><a href=\"https:\/\/www.royalboogaerdttimber.nl\/it\/chi-siamo\/sostenibilita\/\">Sostenibilit\u00e0<\/a><\/li>\n<\/ul>\n<\/li>\n<\/ul>\n\n<\/div>\n\t\t<span class=\"seperator extralight-border\"><\/span><\/section><section id=\"custom_html-2\" class=\"widget_text widget clearfix widget_custom_html\"><h3 class=\"widgettitle\">Fai la tua domanda<\/h3><div class=\"textwidget custom-html-widget\">\n<\/div><span class=\"seperator extralight-border\"><\/span><\/section><section id=\"text-2\" class=\"widget clearfix widget_text\">\t\t\t<div class=\"textwidget\"><\/div>\n\t\t<span class=\"seperator extralight-border\"><\/span><\/section><\/div><\/div><\/p>","protected":false},"excerpt":{"rendered":"","protected":false},"author":1,"featured_media":0,"parent":0,"menu_order":0,"comment_status":"closed","ping_status":"closed","template":"","meta":{"_acf_changed":false,"_monsterinsights_skip_tracking":false,"_monsterinsights_sitenote_active":false,"_monsterinsights_sitenote_note":"","_monsterinsights_sitenote_category":0,"footnotes":""},"class_list":["post-91","page","type-page","status-publish","hentry"],"acf":[],"yoast_head":"<!-- This site is optimized with the Yoast SEO plugin v27.3 - https:\/\/yoast.com\/product\/yoast-seo-wordpress\/ -->\n<title>Over ons - Royal Boogaerdt Timber<\/title>\n<meta name=\"robots\" content=\"index, follow, max-snippet:-1, max-image-preview:large, max-video-preview:-1\" \/>\n<link rel=\"canonical\" href=\"https:\/\/www.royalboogaerdttimber.nl\/it\/chi-siamo\/\" \/>\n<meta property=\"og:locale\" content=\"it_IT\" \/>\n<meta property=\"og:type\" content=\"article\" \/>\n<meta property=\"og:title\" content=\"Over ons - Royal Boogaerdt Timber\" \/>\n<meta property=\"og:url\" content=\"https:\/\/www.royalboogaerdttimber.nl\/it\/chi-siamo\/\" \/>\n<meta property=\"og:site_name\" content=\"Royal Boogaerdt Timber\" \/>\n<meta property=\"article:modified_time\" content=\"2025-11-10T11:27:26+00:00\" \/>\n<meta name=\"twitter:label1\" content=\"Tempo di lettura stimato\" \/>\n\t<meta name=\"twitter:data1\" content=\"1 minuto\" \/>\n<script type=\"application\/ld+json\" class=\"yoast-schema-graph\">{\"@context\":\"https:\\\/\\\/schema.org\",\"@graph\":[{\"@type\":\"WebPage\",\"@id\":\"https:\\\/\\\/www.royalboogaerdttimber.nl\\\/over-ons\\\/\",\"url\":\"https:\\\/\\\/www.royalboogaerdttimber.nl\\\/over-ons\\\/\",\"name\":\"Over ons - Royal Boogaerdt Timber\",\"isPartOf\":{\"@id\":\"https:\\\/\\\/www.royalboogaerdttimber.nl\\\/#website\"},\"datePublished\":\"2023-05-08T09:32:52+00:00\",\"dateModified\":\"2025-11-10T11:27:26+00:00\",\"breadcrumb\":{\"@id\":\"https:\\\/\\\/www.royalboogaerdttimber.nl\\\/over-ons\\\/#breadcrumb\"},\"inLanguage\":\"it-IT\",\"potentialAction\":[{\"@type\":\"ReadAction\",\"target\":[\"https:\\\/\\\/www.royalboogaerdttimber.nl\\\/over-ons\\\/\"]}]},{\"@type\":\"BreadcrumbList\",\"@id\":\"https:\\\/\\\/www.royalboogaerdttimber.nl\\\/over-ons\\\/#breadcrumb\",\"itemListElement\":[{\"@type\":\"ListItem\",\"position\":1,\"name\":\"Home\",\"item\":\"https:\\\/\\\/www.royalboogaerdttimber.nl\\\/home-2\\\/\"},{\"@type\":\"ListItem\",\"position\":2,\"name\":\"Over ons\"}]},{\"@type\":\"WebSite\",\"@id\":\"https:\\\/\\\/www.royalboogaerdttimber.nl\\\/#website\",\"url\":\"https:\\\/\\\/www.royalboogaerdttimber.nl\\\/\",\"name\":\"Royal Boogaerdt Timber\",\"description\":\"Koninklijke houthandel Boogaerdt B.V.\",\"publisher\":{\"@id\":\"https:\\\/\\\/www.royalboogaerdttimber.nl\\\/#organization\"},\"potentialAction\":[{\"@type\":\"SearchAction\",\"target\":{\"@type\":\"EntryPoint\",\"urlTemplate\":\"https:\\\/\\\/www.royalboogaerdttimber.nl\\\/?s={search_term_string}\"},\"query-input\":{\"@type\":\"PropertyValueSpecification\",\"valueRequired\":true,\"valueName\":\"search_term_string\"}}],\"inLanguage\":\"it-IT\"},{\"@type\":\"Organization\",\"@id\":\"https:\\\/\\\/www.royalboogaerdttimber.nl\\\/#organization\",\"name\":\"Royal Boogaerdt Timber\",\"url\":\"https:\\\/\\\/www.royalboogaerdttimber.nl\\\/\",\"logo\":{\"@type\":\"ImageObject\",\"inLanguage\":\"it-IT\",\"@id\":\"https:\\\/\\\/www.royalboogaerdttimber.nl\\\/#\\\/schema\\\/logo\\\/image\\\/\",\"url\":\"https:\\\/\\\/www.royalboogaerdttimber.nl\\\/wp-content\\\/uploads\\\/2025\\\/10\\\/logo.png\",\"contentUrl\":\"https:\\\/\\\/www.royalboogaerdttimber.nl\\\/wp-content\\\/uploads\\\/2025\\\/10\\\/logo.png\",\"width\":471,\"height\":200,\"caption\":\"Royal Boogaerdt Timber\"},\"image\":{\"@id\":\"https:\\\/\\\/www.royalboogaerdttimber.nl\\\/#\\\/schema\\\/logo\\\/image\\\/\"}}]}<\/script>\n<!-- \/ Yoast SEO plugin. -->","yoast_head_json":{"title":"Chi siamo - Royal Boogaerdt Timber","robots":{"index":"index","follow":"follow","max-snippet":"max-snippet:-1","max-image-preview":"max-image-preview:large","max-video-preview":"max-video-preview:-1"},"canonical":"https:\/\/www.royalboogaerdttimber.nl\/it\/chi-siamo\/","og_locale":"it_IT","og_type":"article","og_title":"Over ons - Royal Boogaerdt Timber","og_url":"https:\/\/www.royalboogaerdttimber.nl\/it\/chi-siamo\/","og_site_name":"Royal Boogaerdt Timber","article_modified_time":"2025-11-10T11:27:26+00:00","twitter_misc":{"Tempo di lettura stimato":"1 minuto"},"schema":{"@context":"https:\/\/schema.org","@graph":[{"@type":"WebPage","@id":"https:\/\/www.royalboogaerdttimber.nl\/over-ons\/","url":"https:\/\/www.royalboogaerdttimber.nl\/over-ons\/","name":"Chi siamo - Royal Boogaerdt Timber","isPartOf":{"@id":"https:\/\/www.royalboogaerdttimber.nl\/#website"},"datePublished":"2023-05-08T09:32:52+00:00","dateModified":"2025-11-10T11:27:26+00:00","breadcrumb":{"@id":"https:\/\/www.royalboogaerdttimber.nl\/over-ons\/#breadcrumb"},"inLanguage":"it-IT","potentialAction":[{"@type":"ReadAction","target":["https:\/\/www.royalboogaerdttimber.nl\/over-ons\/"]}]},{"@type":"BreadcrumbList","@id":"https:\/\/www.royalboogaerdttimber.nl\/over-ons\/#breadcrumb","itemListElement":[{"@type":"ListItem","position":1,"name":"Home","item":"https:\/\/www.royalboogaerdttimber.nl\/home-2\/"},{"@type":"ListItem","position":2,"name":"Over ons"}]},{"@type":"WebSite","@id":"https:\/\/www.royalboogaerdttimber.nl\/#website","url":"https:\/\/www.royalboogaerdttimber.nl\/","name":"Royal Boogaerdt Timber","description":"Commercio reale di legname Boogaerdt BV","publisher":{"@id":"https:\/\/www.royalboogaerdttimber.nl\/#organization"},"potentialAction":[{"@type":"SearchAction","target":{"@type":"EntryPoint","urlTemplate":"https:\/\/www.royalboogaerdttimber.nl\/?s={search_term_string}"},"query-input":{"@type":"PropertyValueSpecification","valueRequired":true,"valueName":"search_term_string"}}],"inLanguage":"it-IT"},{"@type":"Organization","@id":"https:\/\/www.royalboogaerdttimber.nl\/#organization","name":"Royal Boogaerdt Timber","url":"https:\/\/www.royalboogaerdttimber.nl\/","logo":{"@type":"ImageObject","inLanguage":"it-IT","@id":"https:\/\/www.royalboogaerdttimber.nl\/#\/schema\/logo\/image\/","url":"https:\/\/www.royalboogaerdttimber.nl\/wp-content\/uploads\/2025\/10\/logo.png","contentUrl":"https:\/\/www.royalboogaerdttimber.nl\/wp-content\/uploads\/2025\/10\/logo.png","width":471,"height":200,"caption":"Royal Boogaerdt Timber"},"image":{"@id":"https:\/\/www.royalboogaerdttimber.nl\/#\/schema\/logo\/image\/"}}]}},"_links":{"self":[{"href":"https:\/\/www.royalboogaerdttimber.nl\/it\/wp-json\/wp\/v2\/pages\/91","targetHints":{"allow":["GET"]}}],"collection":[{"href":"https:\/\/www.royalboogaerdttimber.nl\/it\/wp-json\/wp\/v2\/pages"}],"about":[{"href":"https:\/\/www.royalboogaerdttimber.nl\/it\/wp-json\/wp\/v2\/types\/page"}],"author":[{"embeddable":true,"href":"https:\/\/www.royalboogaerdttimber.nl\/it\/wp-json\/wp\/v2\/users\/1"}],"replies":[{"embeddable":true,"href":"https:\/\/www.royalboogaerdttimber.nl\/it\/wp-json\/wp\/v2\/comments?post=91"}],"version-history":[{"count":4,"href":"https:\/\/www.royalboogaerdttimber.nl\/it\/wp-json\/wp\/v2\/pages\/91\/revisions"}],"predecessor-version":[{"id":5759,"href":"https:\/\/www.royalboogaerdttimber.nl\/it\/wp-json\/wp\/v2\/pages\/91\/revisions\/5759"}],"wp:attachment":[{"href":"https:\/\/www.royalboogaerdttimber.nl\/it\/wp-json\/wp\/v2\/media?parent=91"}],"curies":[{"name":"wp","href":"https:\/\/api.w.org\/{rel}","templated":true}]}}