{"id":5674,"date":"2025-11-03T16:19:38","date_gmt":"2025-11-03T15:19:38","guid":{"rendered":"https:\/\/boogaerdttimber.bonsaidev.nl\/?post_type=product&#038;p=5674"},"modified":"2025-11-11T15:27:27","modified_gmt":"2025-11-11T14:27:27","slug":"legno-di-teak","status":"publish","type":"product","link":"https:\/\/www.royalboogaerdttimber.nl\/it\/product\/teak-hout\/","title":{"rendered":"Legno di teak"},"content":{"rendered":"<div id='av-layout-grid-1'  class='av-layout-grid-container av-1x5nlvu-42cbf2ddae252cc6799d91344555c81b entry-content-wrapper main_color av-flex-cells  avia-builder-el-0  el_before_av_section  avia-builder-el-first   container_wrap sidebar_right'  >\n\n<style type=\"text\/css\" data-created_by=\"avia_inline_auto\" id=\"style-css-av-1vhg96y-21d96182a97a3ab0386ab34632459fb0\">\n.flex_cell.av-1vhg96y-21d96182a97a3ab0386ab34632459fb0{\nvertical-align:middle;\nheight:580px;\nmin-height:580px;\nbackground-color:#0d3453;\n}\n.responsive #top #wrap_all .flex_cell.av-1vhg96y-21d96182a97a3ab0386ab34632459fb0{\npadding:2% 2% 2% 2% !important;\n}\n\n@media only screen and (min-width: 480px) and (max-width: 767px){ \n.responsive #top #wrap_all .flex_cell.av-1vhg96y-21d96182a97a3ab0386ab34632459fb0{\npadding:40px 40px 40px 40px !important;\n}\n}\n\n@media only screen and (max-width: 479px){ \n.responsive #top #wrap_all .flex_cell.av-1vhg96y-21d96182a97a3ab0386ab34632459fb0{\npadding:40px 40px 40px 40px !important;\n}\n}\n<\/style>\n<div class='flex_cell av-1vhg96y-21d96182a97a3ab0386ab34632459fb0 av-gridrow-cell av_one_half no_margin  avia-builder-el-1  el_before_av_cell_one_half  avia-builder-el-first  banner-tekst content-align-middle'  ><div class='flex_cell_inner'>\n<style type=\"text\/css\" data-created_by=\"avia_inline_auto\" id=\"style-css-av-1txav4q-e1ceeb3f1d67a13c6299c6abe4b1756c\">\n#top .av_textblock_section.av-1txav4q-e1ceeb3f1d67a13c6299c6abe4b1756c .avia_textblock{\nfont-size:22px;\ncolor:#ffffff;\n}\n<\/style>\n<section  class='av_textblock_section av-1txav4q-e1ceeb3f1d67a13c6299c6abe4b1756c'   itemscope=\"itemscope\" itemtype=\"https:\/\/schema.org\/CreativeWork\" ><div class='avia_textblock av_inherit_color'  itemprop=\"text\" ><h1>Legno di teak<\/h1>\n<p><b>Teak <\/b>(<i>Tectona grandis<\/i>) \u00e8 uno dei legni pi\u00f9 pregiati e sostenibili al mondo. Questo legno subtropicale \u00e8 noto per la sua eccezionale resistenza, stabilit\u00e0 e la capacit\u00e0 unica di resistere agli agenti atmosferici, agli insetti e al marciume, anche senza trattamento.<\/p>\n<p>La sua naturale resistenza \u00e8 dovuta all&#039;elevata concentrazione di oli naturali e silice nel legno, che lo ha reso da secoli una scelta privilegiata per la costruzione di yacht, tra le altre cose. Il teak ha un bellissimo colore caldo, bruno-dorato quando \u00e8 nuovo. Se lasciato all&#039;aperto senza trattamento, col tempo svilupper\u00e0 una caratteristica colorazione grigio-argentea, spesso molto apprezzata.<\/p>\n<\/div><\/section><br \/>\n<div  class='avia-button-wrap av-n5vt6-1c884a46f8871a9f0d46365ae8f921d4-wrap avia-button-left  avia-builder-el-3  el_after_av_textblock  avia-builder-el-last'><a href='https:\/\/www.royalboogaerdttimber.nl\/it\/short-contact\/'  class='avia-button av-n5vt6-1c884a46f8871a9f0d46365ae8f921d4 av-link-btn avia-icon_select-no avia-size-small avia-position-left avia-color-theme-color-subtle'   aria-label=\"Contattami\"><span class='avia_iconbox_title' >Contattami<\/span><\/a><\/div><\/p>\n<\/div><\/div>\n<style type=\"text\/css\" data-created_by=\"avia_inline_auto\" id=\"style-css-av-1pg8gui-5c6279bc231b30021afa42b2655d8bdb\">\n.flex_cell.av-1pg8gui-5c6279bc231b30021afa42b2655d8bdb{\nvertical-align:middle;\nheight:580px;\nmin-height:580px;\nbackground:url(https:\/\/www.royalboogaerdttimber.nl\/wp-content\/uploads\/2023\/07\/IMG_20230602_1228232-1030x1030.jpg) 50% 50% no-repeat scroll ;\n}\n.responsive #top #wrap_all .flex_cell.av-1pg8gui-5c6279bc231b30021afa42b2655d8bdb{\npadding:60px 60px 60px 60px !important;\n}\n<\/style>\n<div class='flex_cell av-1pg8gui-5c6279bc231b30021afa42b2655d8bdb av-gridrow-cell av_one_half no_margin  avia-builder-el-4  el_after_av_cell_one_half  avia-builder-el-last  banner-foto content-align-middle avia-full-stretch'  ><div class='flex_cell_inner'>\n<style type=\"text\/css\" data-created_by=\"avia_inline_auto\" id=\"style-css-av-1oe5kzu-dd6759c78656b1c27df84ad703aeecf7\">\n.flex_column.av-1oe5kzu-dd6759c78656b1c27df84ad703aeecf7{\nborder-width:1px;\nborder-color:#ffffff;\nborder-style:solid;\npadding:370px 30px 30px 30px;\n}\n<\/style>\n<div  class='flex_column av-1oe5kzu-dd6759c78656b1c27df84ad703aeecf7 av_one_half  avia-builder-el-5  avia-builder-el-no-sibling  first flex_column_div'     ><section  class='av_textblock_section av-1n3572i-7e67d267b7474e517013dc17387a01a5'   itemscope=\"itemscope\" itemtype=\"https:\/\/schema.org\/CreativeWork\" ><div class='avia_textblock toepassing-logo'  itemprop=\"text\" ><p><img loading=\"lazy\" decoding=\"async\" class=\"alignleft size-thumbnail wp-image-5457\" src=\"https:\/\/www.royalboogaerdttimber.nl\/wp-content\/uploads\/2023\/07\/Kroon-yellow-80x80.png\" alt=\"\" width=\"80\" height=\"80\" srcset=\"https:\/\/www.royalboogaerdttimber.nl\/wp-content\/uploads\/2023\/07\/Kroon-yellow-80x80.png 80w, https:\/\/www.royalboogaerdttimber.nl\/wp-content\/uploads\/2023\/07\/Kroon-yellow-12x12.png 12w, https:\/\/www.royalboogaerdttimber.nl\/wp-content\/uploads\/2023\/07\/Kroon-yellow-36x36.png 36w, https:\/\/www.royalboogaerdttimber.nl\/wp-content\/uploads\/2023\/07\/Kroon-yellow-180x180.png 180w, https:\/\/www.royalboogaerdttimber.nl\/wp-content\/uploads\/2023\/07\/Kroon-yellow.png 192w\" sizes=\"auto, (max-width: 80px) 100vw, 80px\" \/><\/p>\n<\/div><\/section><\/div>\n<\/div><\/div>\n<\/div>\n<div id='av_section_1'  class='avia-section av-1l0xxy2-3f751e44f9b50785cc15778c2e49d478 main_color avia-section-large avia-no-border-styling  avia-builder-el-7  el_after_av_layout_row  avia-builder-el-last  avia-bg-style-scroll container_wrap sidebar_right'  ><div class='container av-section-cont-open' ><div class='template-page content  av-content-small alpha units'><div class='post-entry post-entry-type-page post-entry-5674'><div class='entry-content-wrapper clearfix'>\n\n<style type=\"text\/css\" data-created_by=\"avia_inline_auto\" id=\"style-css-av-1j9ncmi-a243f8a087d3ad427534a4f381977cdb\">\n.flex_column.av-1j9ncmi-a243f8a087d3ad427534a4f381977cdb{\npadding:0 60px 0 0;\n}\n<\/style>\n<div  class='flex_column av-1j9ncmi-a243f8a087d3ad427534a4f381977cdb av_two_third  avia-builder-el-8  el_before_av_one_third  avia-builder-el-first  padding-blok first no_margin flex_column_div'     ><section  class='av_textblock_section av-1hk178a-dd36c4fd4e65db7416e79d7e2168793c'   itemscope=\"itemscope\" itemtype=\"https:\/\/schema.org\/CreativeWork\" ><div class='avia_textblock'  itemprop=\"text\" ><h2>Gestione forestale sostenibile controllata<\/h2>\n<p>Il teak \u00e8 un albero originario dell&#039;Asia orientale. I paesi con riserve significative di legno di teak sono Myanmar e Thailandia. L&#039;albero cresce anche in piantagioni in America Centrale e Africa. Sebbene questi alberi condividano geneticamente lo stesso seme della loro fonte, il legno ha propriet\u00e0 diverse. L&#039;albero cresce rapidamente per i primi 10-15 anni e il nucleo presenta quindi anelli annuali relativamente ampi. Successivamente, cresce pi\u00f9 lentamente, con anelli annuali molto pi\u00f9 sottili. Con una gestione forestale controllata e sostenibile, gli alberi continuano a crescere fino a raggiungere una dimensione di circa 60 cm (diametro) a petto d&#039;uomo.<\/p>\n<p>La nostra gestione si basa su una silvicoltura sostenibile e controllata, con particolare attenzione al taglio selettivo. Abbattiamo in media dai 5 agli 8 alberi maturi (alti circa 8 metri) per ettaro nell&#039;arco di circa 30 anni. Questo d\u00e0 alla foresta rimanente trent&#039;anni per riprendersi e crescere ulteriormente prima che venga preso in considerazione il taglio successivo. Questo ciclo \u00e8 meticolosamente registrato e documentato in un dettagliato piano di politica forestale.<\/p>\n<p>Sono gli alberi che crescono pi\u00f9 lentamente negli ultimi 50-60 anni prima dell&#039;abbattimento a produrre il legno pi\u00f9 pregiato. Questo legno di alta qualit\u00e0 \u00e8 ideale per splendidi ponti di coperta e per lavori di falegnameria altamente qualificati. L&#039;industria dei superyacht \u00e8 un importante cliente di questo legno. I requisiti per la produzione di questi splendidi ponti sono molto elevati.<\/p>\n<\/div><\/section><br \/>\n\n<style type=\"text\/css\" data-created_by=\"avia_inline_auto\" id=\"style-css-av-1gfhsne-a2540aba2ac16f32f05553359ca5f839\">\n#top .hr.hr-invisible.av-1gfhsne-a2540aba2ac16f32f05553359ca5f839{\nheight:50px;\n}\n<\/style>\n<div  class='hr av-1gfhsne-a2540aba2ac16f32f05553359ca5f839 hr-invisible  avia-builder-el-10  el_after_av_textblock  el_before_av_textblock'><span class='hr-inner'><span class=\"hr-inner-style\"><\/span><\/span><\/div><br \/>\n<section  class='av_textblock_section av-1f3htuy-86b2634161095569504fb4e35416ffc1'   itemscope=\"itemscope\" itemtype=\"https:\/\/schema.org\/CreativeWork\" ><div class='avia_textblock'  itemprop=\"text\" ><h2>Caratteristiche uniche<\/h2>\n<\/div><\/section><br \/>\n<div class='avia-data-table-wrap av-1c9bmqi-1d708ed2f6dd88287ed6f365060a3b7d avia_responsive_table avia-table-1'><table  class='avia-table avia-data-table avia_pricing_default  avia-builder-el-12  el_after_av_textblock  el_before_av_hr'  itemscope=\"itemscope\" itemtype=\"https:\/\/schema.org\/Table\" ><tbody><tr class=''><td class=''><strong>Nome<\/strong><\/td><td class=''>Teak<\/td><\/tr><tr class=''><td class=''><strong>Area di crescita<\/strong><\/td><td class=''>Myanmar\/Birmania, Indonesia (piantato principalmente a Giava). Piantato anche in India, Thailandia, Laos, Africa e America Centrale e Meridionale.<\/td><\/tr><tr class=''><td class=''><strong>Nome botanico<\/strong><\/td><td class=''>Tectona grandis Lf.<\/td><\/tr><tr class=''><td class=''><strong>Classe di durabilit\u00e0<\/strong><\/td><td class=''>Durame classe 1<\/td><\/tr><tr class=''><td class=''><strong>Essiccato artificialmente<\/strong><\/td><td class=''>s\u00ec, da 12 a 16 %<\/td><\/tr><tr class=''><td class=''><strong>Massa volumetrica<\/strong><\/td><td class=''>Contenuto di umidit\u00e0 630-750 kg\/m3 a 12%, fresco 800-900 kg\/m3.<\/td><\/tr><tr class=''><td class=''><strong>Adatto per<\/strong><\/td><td class=''>Grazie alla sua elevata durabilit\u00e0, al ridotto restringimento e deformazione, all&#039;aspetto gradevole, alle buone propriet\u00e0 di resistenza a fronte di un peso ridotto e alla resistenza a molti prodotti chimici, il teak pu\u00f2 essere utilizzato per quasi tutti gli scopi. \u00c8 pi\u00f9 comunemente utilizzato nella cantieristica navale e nautica: per ponti e rivestimenti in legno.<\/td><\/tr><tr class=''><td class=''><strong>Da modificare<\/strong><\/td><td class=''>Il teak \u00e8 facile da segare e piallare. A seconda del contenuto di calce e ghiaia, gli utensili perdono pi\u00f9 o meno rapidamente il filo.<\/td><\/tr><\/tbody><\/table><\/div><br \/>\n\n<style type=\"text\/css\" data-created_by=\"avia_inline_auto\" id=\"style-css-av-7uzg7e-085afa8b4beb3e1aa1774db33ea77730\">\n#top .hr.hr-invisible.av-7uzg7e-085afa8b4beb3e1aa1774db33ea77730{\nheight:50px;\n}\n<\/style>\n<div  class='hr av-7uzg7e-085afa8b4beb3e1aa1774db33ea77730 hr-invisible  avia-builder-el-13  el_after_av_table  el_before_av_textblock'><span class='hr-inner'><span class=\"hr-inner-style\"><\/span><\/span><\/div><br \/>\n<section  class='av_textblock_section av-5olqey-533ed96dfc1e104914e88fee9591c773'   itemscope=\"itemscope\" itemtype=\"https:\/\/schema.org\/CreativeWork\" ><div class='avia_textblock tekst-en-foto'  itemprop=\"text\" ><h2 class=\"title-2 m30\">Qualit\u00e0 del legno di teak<\/h2>\n<div class=\"text-image__editor cms-output\">\n<p>La qualit\u00e0 del legno di teak dipende dalla qualit\u00e0 del tronco e dalle proporzioni dell&#039;albero. Si ottiene solo una piccolissima porzione di legno di altissima qualit\u00e0. Pertanto, la differenza di prezzo tra la qualit\u00e0 FEQ standard e quella Superdeck \u00e8 significativa. Dati gli elevati standard, a volte da un singolo tronco \u00e8 possibile ricavare solo pochi componenti di alta qualit\u00e0 per terrazze. Anche la lunghezza impeccabile gioca un ruolo significativo nel prezzo.<\/p>\n<p>La produzione normale consiste in segati piatti (anelli di crescita sdraiati), segati a mezzo quarto (anelli di crescita con un angolo di circa 45 gradi) e segati a quarto (anelli di crescita verticali).<\/p>\n<p>Il Superdeck e il Cap Rail (la ringhiera del parapetto) vengono solitamente selezionati in produzione utilizzando pezzi tagliati a quarti. Spesso rappresentano una porzione molto piccola della produzione, e quindi il prezzo \u00e8 relativamente alto. Un tempo le sezioni del ponte erano lunghe 4 o 5 metri, ma ora questo \u00e8 quasi impossibile a causa della limitata disponibilit\u00e0 di tronchi vecchi.<\/p>\n<p>Poich\u00e9 la produzione in Myanmar si \u00e8 interrotta a causa del colpo di stato, attualmente non sono praticamente disponibili ponti in legno massello di alta qualit\u00e0. Di conseguenza, negli ultimi anni l&#039;industria nautica ha dovuto fare concessioni in termini di dimensioni e qualit\u00e0. Questo perch\u00e9 il teak thailandese non offre le dimensioni (spessore, ampie larghezze e lunghezze) a cui eravamo abituati in passato. Pertanto, abbiamo dovuto trovare una soluzione per continuare a soddisfare la richiesta dei clienti di yacht di grandi dimensioni.<\/p>\n<p>Per questo motivo Royal Boogaerdt Timber ha sviluppato un nuovo prodotto in teak laminato.<\/p>\n<\/div>\n<\/div><\/section><br \/>\n<div  class='avia-buttonrow-wrap av-mholljvf-8f1656acb12ebca893f59fb303528544 avia-buttonrow-left  avia-builder-el-15  el_after_av_textblock  avia-builder-el-last'>\n\n<style type=\"text\/css\" data-created_by=\"avia_inline_auto\" id=\"style-css-av-mhollg92-a42eb7cc045b805f2a53e4b245bc625a\">\n#top #wrap_all .avia-button.av-mhollg92-a42eb7cc045b805f2a53e4b245bc625a{\nmargin-bottom:5px;\nmargin-right:5px;\n}\n<\/style>\n<a href='https:\/\/www.royalboogaerdttimber.nl\/it\/product\/gelamineerd-teak\/'  class='avia-button av-mhollg92-a42eb7cc045b805f2a53e4b245bc625a avia-icon_select-no avia-size-small avia-color-theme-color'   aria-label=\"Visualizza Teak Laminato\"><span class='avia_iconbox_title' >Visualizza Teak Laminato<\/span><\/a>\n<\/div><\/p><\/div><div  class='flex_column av-4tneoa-8a4a80abf916b41ab1eb5d953b253381 av_one_third  avia-builder-el-16  el_after_av_two_third  avia-builder-el-last  no_margin flex_column_div'     ><div  class='avia-builder-widget-area clearfix  avia-builder-el-17  avia-builder-el-no-sibling'><section id=\"avia_auto_toc-2\" class=\"widget clearfix avia-widget-container avia_auto_toc avia_no_block_preview\"><div class=\"avia-preview-headline\">Enfold Child Tablela dei contenuti<\/div><div class=\"avia-preview-info\">Titolo: Contenuto della pagina<\/div><div class=\"avia-preview-in-front\">La tabella pu\u00f2 essere resa solo nel frontend.<\/div><span class=\"seperator extralight-border\"><\/span><\/section><section id=\"text-7\" class=\"widget clearfix widget_text\"><h3 class=\"widgettitle\">Ulteriori informazioni<\/h3>\t\t\t<div class=\"textwidget\"><ul>\n<li style=\"list-style-type: none\">\n<ul>\n<li><a href=\"https:\/\/www.royalboogaerdttimber.nl\/it\/chi-siamo\/scaricare\/\">Scaricare<\/a><\/li>\n<li><a href=\"https:\/\/www.royalboogaerdttimber.nl\/it\/chi-siamo\/sostenibilita\/\">Sostenibilit\u00e0<\/a><\/li>\n<\/ul>\n<\/li>\n<\/ul>\n\n<\/div>\n\t\t<span class=\"seperator extralight-border\"><\/span><\/section><section id=\"custom_html-2\" class=\"widget_text widget clearfix widget_custom_html\"><h3 class=\"widgettitle\">Fai la tua domanda<\/h3><div class=\"textwidget custom-html-widget\">\n<\/div><span class=\"seperator extralight-border\"><\/span><\/section><section id=\"text-2\" class=\"widget clearfix widget_text\">\t\t\t<div class=\"textwidget\"><\/div>\n\t\t<span class=\"seperator extralight-border\"><\/span><\/section><\/div><\/div><\/div><\/div><\/div><!-- close content main div --><\/div><\/div><div id='after_section_1'  class='main_color av_default_container_wrap container_wrap sidebar_right'  ><div class='container av-section-cont-open' ><div class='template-page content  av-content-small alpha units'><div class='post-entry post-entry-type-page post-entry-5674'><div class='entry-content-wrapper clearfix'>","protected":false},"featured_media":5517,"template":"","class_list":["post-5674","product","type-product","status-publish","has-post-thumbnail","hentry"],"acf":[],"yoast_head":"<!-- This site is optimized with the Yoast SEO plugin v27.3 - https:\/\/yoast.com\/product\/yoast-seo-wordpress\/ -->\n<title>Teak Hout - Royal Boogaerdt Timber<\/title>\n<meta name=\"description\" content=\"Afzelia heeft uitstekende eigenschappen duurzaamheid, sterkte en uiterlijk. En geschikt voor onder andere gevelbekleding en kozijnhout.\" \/>\n<meta name=\"robots\" content=\"index, follow, max-snippet:-1, max-image-preview:large, max-video-preview:-1\" \/>\n<link rel=\"canonical\" href=\"https:\/\/www.royalboogaerdttimber.nl\/it\/prodotto\/legno-di-teak\/\" \/>\n<meta property=\"og:locale\" content=\"it_IT\" \/>\n<meta property=\"og:type\" content=\"article\" \/>\n<meta property=\"og:title\" content=\"Teak Hout - Royal Boogaerdt Timber\" \/>\n<meta property=\"og:description\" content=\"Afzelia heeft uitstekende eigenschappen duurzaamheid, sterkte en uiterlijk. En geschikt voor onder andere gevelbekleding en kozijnhout.\" \/>\n<meta property=\"og:url\" content=\"https:\/\/www.royalboogaerdttimber.nl\/it\/prodotto\/legno-di-teak\/\" \/>\n<meta property=\"og:site_name\" content=\"Royal Boogaerdt Timber\" \/>\n<meta property=\"article:modified_time\" content=\"2025-11-11T14:27:27+00:00\" \/>\n<meta property=\"og:image\" content=\"https:\/\/www.royalboogaerdttimber.nl\/wp-content\/uploads\/2025\/10\/IMG_20230602_1228232-scaled-e1760517864871.jpg\" \/>\n\t<meta property=\"og:image:width\" content=\"2560\" \/>\n\t<meta property=\"og:image:height\" content=\"2210\" \/>\n\t<meta property=\"og:image:type\" content=\"image\/jpeg\" \/>\n<meta name=\"twitter:label1\" content=\"Tempo di lettura stimato\" \/>\n\t<meta name=\"twitter:data1\" content=\"4 minuti\" \/>\n<script type=\"application\/ld+json\" class=\"yoast-schema-graph\">{\"@context\":\"https:\\\/\\\/schema.org\",\"@graph\":[{\"@type\":\"WebPage\",\"@id\":\"https:\\\/\\\/www.royalboogaerdttimber.nl\\\/product\\\/teak-hout\\\/\",\"url\":\"https:\\\/\\\/www.royalboogaerdttimber.nl\\\/product\\\/teak-hout\\\/\",\"name\":\"Teak Hout - Royal Boogaerdt Timber\",\"isPartOf\":{\"@id\":\"https:\\\/\\\/www.royalboogaerdttimber.nl\\\/#website\"},\"primaryImageOfPage\":{\"@id\":\"https:\\\/\\\/www.royalboogaerdttimber.nl\\\/product\\\/teak-hout\\\/#primaryimage\"},\"image\":{\"@id\":\"https:\\\/\\\/www.royalboogaerdttimber.nl\\\/product\\\/teak-hout\\\/#primaryimage\"},\"thumbnailUrl\":\"https:\\\/\\\/www.royalboogaerdttimber.nl\\\/wp-content\\\/uploads\\\/2025\\\/10\\\/IMG_20230602_1228232-scaled-e1760517864871.jpg\",\"datePublished\":\"2025-11-03T15:19:38+00:00\",\"dateModified\":\"2025-11-11T14:27:27+00:00\",\"description\":\"Afzelia heeft uitstekende eigenschappen duurzaamheid, sterkte en uiterlijk. En geschikt voor onder andere gevelbekleding en kozijnhout.\",\"breadcrumb\":{\"@id\":\"https:\\\/\\\/www.royalboogaerdttimber.nl\\\/product\\\/teak-hout\\\/#breadcrumb\"},\"inLanguage\":\"it-IT\",\"potentialAction\":[{\"@type\":\"ReadAction\",\"target\":[\"https:\\\/\\\/www.royalboogaerdttimber.nl\\\/product\\\/teak-hout\\\/\"]}]},{\"@type\":\"ImageObject\",\"inLanguage\":\"it-IT\",\"@id\":\"https:\\\/\\\/www.royalboogaerdttimber.nl\\\/product\\\/teak-hout\\\/#primaryimage\",\"url\":\"https:\\\/\\\/www.royalboogaerdttimber.nl\\\/wp-content\\\/uploads\\\/2025\\\/10\\\/IMG_20230602_1228232-scaled-e1760517864871.jpg\",\"contentUrl\":\"https:\\\/\\\/www.royalboogaerdttimber.nl\\\/wp-content\\\/uploads\\\/2025\\\/10\\\/IMG_20230602_1228232-scaled-e1760517864871.jpg\",\"width\":2560,\"height\":2210},{\"@type\":\"BreadcrumbList\",\"@id\":\"https:\\\/\\\/www.royalboogaerdttimber.nl\\\/product\\\/teak-hout\\\/#breadcrumb\",\"itemListElement\":[{\"@type\":\"ListItem\",\"position\":1,\"name\":\"Home\",\"item\":\"https:\\\/\\\/www.royalboogaerdttimber.nl\\\/home-2\\\/\"},{\"@type\":\"ListItem\",\"position\":2,\"name\":\"Teak Hout\"}]},{\"@type\":\"WebSite\",\"@id\":\"https:\\\/\\\/www.royalboogaerdttimber.nl\\\/#website\",\"url\":\"https:\\\/\\\/www.royalboogaerdttimber.nl\\\/\",\"name\":\"Royal Boogaerdt Timber\",\"description\":\"Koninklijke houthandel Boogaerdt B.V.\",\"publisher\":{\"@id\":\"https:\\\/\\\/www.royalboogaerdttimber.nl\\\/#organization\"},\"potentialAction\":[{\"@type\":\"SearchAction\",\"target\":{\"@type\":\"EntryPoint\",\"urlTemplate\":\"https:\\\/\\\/www.royalboogaerdttimber.nl\\\/?s={search_term_string}\"},\"query-input\":{\"@type\":\"PropertyValueSpecification\",\"valueRequired\":true,\"valueName\":\"search_term_string\"}}],\"inLanguage\":\"it-IT\"},{\"@type\":\"Organization\",\"@id\":\"https:\\\/\\\/www.royalboogaerdttimber.nl\\\/#organization\",\"name\":\"Royal Boogaerdt Timber\",\"url\":\"https:\\\/\\\/www.royalboogaerdttimber.nl\\\/\",\"logo\":{\"@type\":\"ImageObject\",\"inLanguage\":\"it-IT\",\"@id\":\"https:\\\/\\\/www.royalboogaerdttimber.nl\\\/#\\\/schema\\\/logo\\\/image\\\/\",\"url\":\"https:\\\/\\\/www.royalboogaerdttimber.nl\\\/wp-content\\\/uploads\\\/2025\\\/10\\\/logo.png\",\"contentUrl\":\"https:\\\/\\\/www.royalboogaerdttimber.nl\\\/wp-content\\\/uploads\\\/2025\\\/10\\\/logo.png\",\"width\":471,\"height\":200,\"caption\":\"Royal Boogaerdt Timber\"},\"image\":{\"@id\":\"https:\\\/\\\/www.royalboogaerdttimber.nl\\\/#\\\/schema\\\/logo\\\/image\\\/\"}}]}<\/script>\n<!-- \/ Yoast SEO plugin. -->","yoast_head_json":{"title":"Legno di teak - Royal Boogaerdt Timber","description":"L&#039;afzelia ha eccellenti propriet\u00e0 di durevolezza, resistenza e aspetto. Adatto, tra l&#039;altro, al rivestimento di facciate e al legno per intelaiature.","robots":{"index":"index","follow":"follow","max-snippet":"max-snippet:-1","max-image-preview":"max-image-preview:large","max-video-preview":"max-video-preview:-1"},"canonical":"https:\/\/www.royalboogaerdttimber.nl\/it\/prodotto\/legno-di-teak\/","og_locale":"it_IT","og_type":"article","og_title":"Teak Hout - Royal Boogaerdt Timber","og_description":"Afzelia heeft uitstekende eigenschappen duurzaamheid, sterkte en uiterlijk. En geschikt voor onder andere gevelbekleding en kozijnhout.","og_url":"https:\/\/www.royalboogaerdttimber.nl\/it\/prodotto\/legno-di-teak\/","og_site_name":"Royal Boogaerdt Timber","article_modified_time":"2025-11-11T14:27:27+00:00","og_image":[{"width":2560,"height":2210,"url":"https:\/\/www.royalboogaerdttimber.nl\/wp-content\/uploads\/2025\/10\/IMG_20230602_1228232-scaled-e1760517864871.jpg","type":"image\/jpeg"}],"twitter_misc":{"Tempo di lettura stimato":"4 minuti"},"schema":{"@context":"https:\/\/schema.org","@graph":[{"@type":"WebPage","@id":"https:\/\/www.royalboogaerdttimber.nl\/product\/teak-hout\/","url":"https:\/\/www.royalboogaerdttimber.nl\/product\/teak-hout\/","name":"Legno di teak - Royal Boogaerdt Timber","isPartOf":{"@id":"https:\/\/www.royalboogaerdttimber.nl\/#website"},"primaryImageOfPage":{"@id":"https:\/\/www.royalboogaerdttimber.nl\/product\/teak-hout\/#primaryimage"},"image":{"@id":"https:\/\/www.royalboogaerdttimber.nl\/product\/teak-hout\/#primaryimage"},"thumbnailUrl":"https:\/\/www.royalboogaerdttimber.nl\/wp-content\/uploads\/2025\/10\/IMG_20230602_1228232-scaled-e1760517864871.jpg","datePublished":"2025-11-03T15:19:38+00:00","dateModified":"2025-11-11T14:27:27+00:00","description":"L&#039;afzelia ha eccellenti propriet\u00e0 di durevolezza, resistenza e aspetto. Adatto, tra l&#039;altro, al rivestimento di facciate e al legno per intelaiature.","breadcrumb":{"@id":"https:\/\/www.royalboogaerdttimber.nl\/product\/teak-hout\/#breadcrumb"},"inLanguage":"it-IT","potentialAction":[{"@type":"ReadAction","target":["https:\/\/www.royalboogaerdttimber.nl\/product\/teak-hout\/"]}]},{"@type":"ImageObject","inLanguage":"it-IT","@id":"https:\/\/www.royalboogaerdttimber.nl\/product\/teak-hout\/#primaryimage","url":"https:\/\/www.royalboogaerdttimber.nl\/wp-content\/uploads\/2025\/10\/IMG_20230602_1228232-scaled-e1760517864871.jpg","contentUrl":"https:\/\/www.royalboogaerdttimber.nl\/wp-content\/uploads\/2025\/10\/IMG_20230602_1228232-scaled-e1760517864871.jpg","width":2560,"height":2210},{"@type":"BreadcrumbList","@id":"https:\/\/www.royalboogaerdttimber.nl\/product\/teak-hout\/#breadcrumb","itemListElement":[{"@type":"ListItem","position":1,"name":"Home","item":"https:\/\/www.royalboogaerdttimber.nl\/home-2\/"},{"@type":"ListItem","position":2,"name":"Teak Hout"}]},{"@type":"WebSite","@id":"https:\/\/www.royalboogaerdttimber.nl\/#website","url":"https:\/\/www.royalboogaerdttimber.nl\/","name":"Royal Boogaerdt Timber","description":"Commercio reale di legname Boogaerdt BV","publisher":{"@id":"https:\/\/www.royalboogaerdttimber.nl\/#organization"},"potentialAction":[{"@type":"SearchAction","target":{"@type":"EntryPoint","urlTemplate":"https:\/\/www.royalboogaerdttimber.nl\/?s={search_term_string}"},"query-input":{"@type":"PropertyValueSpecification","valueRequired":true,"valueName":"search_term_string"}}],"inLanguage":"it-IT"},{"@type":"Organization","@id":"https:\/\/www.royalboogaerdttimber.nl\/#organization","name":"Royal Boogaerdt Timber","url":"https:\/\/www.royalboogaerdttimber.nl\/","logo":{"@type":"ImageObject","inLanguage":"it-IT","@id":"https:\/\/www.royalboogaerdttimber.nl\/#\/schema\/logo\/image\/","url":"https:\/\/www.royalboogaerdttimber.nl\/wp-content\/uploads\/2025\/10\/logo.png","contentUrl":"https:\/\/www.royalboogaerdttimber.nl\/wp-content\/uploads\/2025\/10\/logo.png","width":471,"height":200,"caption":"Royal Boogaerdt Timber"},"image":{"@id":"https:\/\/www.royalboogaerdttimber.nl\/#\/schema\/logo\/image\/"}}]}},"_links":{"self":[{"href":"https:\/\/www.royalboogaerdttimber.nl\/it\/wp-json\/wp\/v2\/product\/5674","targetHints":{"allow":["GET"]}}],"collection":[{"href":"https:\/\/www.royalboogaerdttimber.nl\/it\/wp-json\/wp\/v2\/product"}],"about":[{"href":"https:\/\/www.royalboogaerdttimber.nl\/it\/wp-json\/wp\/v2\/types\/product"}],"wp:featuredmedia":[{"embeddable":true,"href":"https:\/\/www.royalboogaerdttimber.nl\/it\/wp-json\/wp\/v2\/media\/5517"}],"wp:attachment":[{"href":"https:\/\/www.royalboogaerdttimber.nl\/it\/wp-json\/wp\/v2\/media?parent=5674"}],"curies":[{"name":"wp","href":"https:\/\/api.w.org\/{rel}","templated":true}]}}